{"id":31843,"date":"2025-03-16T10:17:46","date_gmt":"2025-03-16T08:17:46","guid":{"rendered":"https:\/\/pomello.ee\/toode\/my-lamination-lami-powder\/"},"modified":"2025-10-05T19:42:49","modified_gmt":"2025-10-05T17:42:49","slug":"my-lamination-lami-powder","status":"publish","type":"product","link":"https:\/\/pomello.ee\/fi\/toode\/my-lamination-lami-powder\/","title":{"rendered":"My Lamination Lami Powder"},"content":{"rendered":"<p data-sourcepos=\"1:1-1:16\"><strong>K\u00e4ytt\u00f6ohjeet<\/strong><\/p>\n<p data-sourcepos=\"3:1-7:107\">K\u00e4yt\u00e4 ei-metallista astiaa sekoittaaksesi Step 1 Lifting Cream tai Step 2 Neutralising Cream Lami Powderin kanssa. Sekoita, kunnes saavutat halutun viskositeetin (enint\u00e4\u00e4n 50\/50 eli 1:1 suhde).<\/p>\n<p data-sourcepos=\"3:1-7:107\">Lami Powder ei muuta My Lamination -toimenpidett\u00e4 eik\u00e4 vaikutusaikaa. Vain ammattik\u00e4ytt\u00f6\u00f6n!<\/p>\n<p data-sourcepos=\"3:1-7:107\">Tuotetta saavat k\u00e4ytt\u00e4\u00e4 vain sertifioidut kosmetologit, jotka ovat suorittaneet My Lamination -koulutuksen.<\/p>\n<p data-sourcepos=\"9:1-9:30\"><strong>Varoitukset ja varotoimet:<\/strong><\/p>\n<ul data-sourcepos=\"11:1-18:81\">\n<li data-sourcepos=\"11:1-11:26\">Vain ulkoiseen k\u00e4ytt\u00f6\u00f6n.<\/li>\n<li data-sourcepos=\"12:1-12:57\">Vain ammattilaisille \u2013 k\u00e4yt\u00e4 vasta sietokokeen j\u00e4lkeen.<\/li>\n<li data-sourcepos=\"13:1-13:54\">Sulje pullo tiiviisti jokaisen k\u00e4ytt\u00f6kerran j\u00e4lkeen.<\/li>\n<li data-sourcepos=\"14:1-14:33\">Pid\u00e4 poissa lasten ulottuvilta.<\/li>\n<li data-sourcepos=\"15:1-15:50\">S\u00e4ilyt\u00e4 viile\u00e4ss\u00e4 ja v\u00e4lt\u00e4 suoraa auringonvaloa.<\/li>\n<li data-sourcepos=\"16:1-16:50\">V\u00e4lt\u00e4 kosketusta silmien ja limakalvojen kanssa.<\/li>\n<li data-sourcepos=\"17:1-17:128\">\u00c4rsytyksen, allergisen reaktion tai silmiin joutumisen sattuessa huuhtele runsaalla vedell\u00e4 ja hakeudu tarvittaessa l\u00e4\u00e4k\u00e4riin.<\/li>\n<li data-sourcepos=\"18:1-18:81\">Ei suositella alle 18-vuotiaille tai raskaana oleville ja imett\u00e4ville naisille.<\/li>\n<\/ul>\n","protected":false},"excerpt":{"rendered":"<p data-sourcepos=\"1:1-1:80\"><strong>My Lamination Lami Powder \u2013 Vahvistusta ja suojaa ripsille ja kulmakarvoille<\/strong><\/p>\n<p data-sourcepos=\"3:1-3:381\">Lami Powder on innovatiivinen emulsioita sakeuttava jauhe, joka sis\u00e4lt\u00e4\u00e4 kysteiini HCl:\u00e4\u00e4 ja on erityisesti suunniteltu ripsien ja kulmakarvojen laminointitoimenpiteen viskositeetin s\u00e4\u00e4t\u00e4miseen. Ripsien laminoinnissa se parantaa tuotteiden tarttumista silikonityynylle, ja teknisten ominaisuuksiensa lis\u00e4ksi kysteiini tarjoaa my\u00f6s useita etuja ripsien ja kulmakarvojen terveydelle.<\/p>\n<p data-sourcepos=\"5:1-5:327\">Kysteiini vahvistaa karvojen rakennetta, edist\u00e4\u00e4 keratiinin tuotantoa ja auttaa s\u00e4ilytt\u00e4m\u00e4\u00e4n karvojen elastisuuden. Antioksidanttisten ominaisuuksiensa ansiosta se suojaa vapailta radikaaleilta, UV-s\u00e4teilylt\u00e4 ja ymp\u00e4rist\u00f6vaikutuksilta. Lis\u00e4ksi se pit\u00e4\u00e4 ripset ja kulmakarvat kosteutettuina ja antaa niille luonnollisen kiillon.<\/p>\n<p data-sourcepos=\"7:1-7:16\"><strong>Sis\u00e4lt\u00f6:<\/strong> 9 g<\/p>\n<p data-sourcepos=\"7:1-7:16\"><strong>S\u00e4ilyvyysaika avaamisen j\u00e4lkeen:<\/strong> 3 kuukautta<\/p>\n","protected":false},"featured_media":31825,"comment_status":"open","ping_status":"closed","template":"","meta":{"_monsterinsights_skip_tracking":false,"_monsterinsights_sitenote_active":false,"_monsterinsights_sitenote_note":"","_monsterinsights_sitenote_category":0},"product_brand":[],"product_cat":[475,517,518,1249,516],"product_tag":[],"class_list":{"0":"post-31843","1":"product","2":"type-product","3":"status-publish","4":"has-post-thumbnail","6":"product_cat-ripset","7":"product_cat-emulsiot","8":"product_cat-jalkihoito","9":"product_cat-korean-lash-lift-fi","10":"product_cat-lash-lift-fi","11":"pa_brand-my-lamination-fi","12":"pa_suurus-9-g-fi","14":"first","15":"instock","16":"taxable","17":"shipping-taxable","18":"purchasable","19":"product-type-simple"},"_links":{"self":[{"href":"https:\/\/pomello.ee\/fi\/wp-json\/wp\/v2\/product\/31843","targetHints":{"allow":["GET"]}}],"collection":[{"href":"https:\/\/pomello.ee\/fi\/wp-json\/wp\/v2\/product"}],"about":[{"href":"https:\/\/pomello.ee\/fi\/wp-json\/wp\/v2\/types\/product"}],"replies":[{"embeddable":true,"href":"https:\/\/pomello.ee\/fi\/wp-json\/wp\/v2\/comments?post=31843"}],"wp:featuredmedia":[{"embeddable":true,"href":"https:\/\/pomello.ee\/fi\/wp-json\/wp\/v2\/media\/31825"}],"wp:attachment":[{"href":"https:\/\/pomello.ee\/fi\/wp-json\/wp\/v2\/media?parent=31843"}],"wp:term":[{"taxonomy":"product_brand","embeddable":true,"href":"https:\/\/pomello.ee\/fi\/wp-json\/wp\/v2\/product_brand?post=31843"},{"taxonomy":"product_cat","embeddable":true,"href":"https:\/\/pomello.ee\/fi\/wp-json\/wp\/v2\/product_cat?post=31843"},{"taxonomy":"product_tag","embeddable":true,"href":"https:\/\/pomello.ee\/fi\/wp-json\/wp\/v2\/product_tag?post=31843"}],"curies":[{"name":"wp","href":"https:\/\/api.w.org\/{rel}","templated":true}]}}