{"id":31916,"date":"2025-03-23T08:07:17","date_gmt":"2025-03-23T06:07:17","guid":{"rendered":"https:\/\/pomello.ee\/toode\/italwax-transparent-classic-aloe-400ml\/"},"modified":"2025-03-23T08:07:17","modified_gmt":"2025-03-23T06:07:17","slug":"italwax-transparent-classic-aloe-400ml","status":"publish","type":"product","link":"https:\/\/pomello.ee\/fi\/toode\/italwax-transparent-classic-aloe-400ml\/","title":{"rendered":"ITALWAX Transparent Classic ALOE 400ml"},"content":{"rendered":"<p data-sourcepos=\"3:1-3:28\"><strong>T\u00e4rkeimm\u00e4t ominaisuudet:<\/strong><\/p>\n<ul data-sourcepos=\"5:1-11:0\">\n<li data-sourcepos=\"5:1-5:150\"><strong>Luonnollinen koostumus:<\/strong> Valmistettu huolellisesti valituista ja kontrolloiduista ainesosista, mik\u00e4 takaa turvallisen ja tehokkaan karvanpoiston.<\/li>\n<li data-sourcepos=\"6:1-6:87\"><strong>Aloe-uutteella:<\/strong> Kosteuttaa ja rauhoittaa ihoa, j\u00e4tt\u00e4en sen pehme\u00e4ksi ja sile\u00e4ksi.<\/li>\n<li data-sourcepos=\"7:1-7:118\"><strong>Korkea tarttuvuus:<\/strong> Tarjoaa varman otteen karvoihin, mik\u00e4 tekee karvanpoistosta nopeampaa ja v\u00e4hemm\u00e4n kivuliasta.<\/li>\n<li data-sourcepos=\"8:1-8:115\"><strong>Selke\u00e4sti n\u00e4kyv\u00e4:<\/strong> Vaha on selke\u00e4sti n\u00e4kyviss\u00e4 iholla, mik\u00e4 auttaa varmistamaan tarkan ja tasaisen levityksen.<\/li>\n<li data-sourcepos=\"9:1-9:84\"><strong>Sulamispiste:<\/strong> 40\u00b0C, mik\u00e4 takaa optimaalisen koostumuksen ja helpon levityksen.<\/li>\n<li data-sourcepos=\"10:1-11:0\"><strong>Mehil\u00e4isvahapohjainen:<\/strong> Luonnollinen ja tehokas karvanpoisto.<\/li>\n<\/ul>\n<p data-sourcepos=\"12:1-12:11\"><strong>K\u00e4ytt\u00f6:<\/strong><\/p>\n<ul data-sourcepos=\"14:1-22:0\">\n<li data-sourcepos=\"14:1-14:33\">Kuumenna vaha 40\u00b0C l\u00e4mp\u00f6tilaan.<\/li>\n<li data-sourcepos=\"15:1-15:32\">K\u00e4sittele iho esivahaloidella.<\/li>\n<li data-sourcepos=\"16:1-16:52\">Testaa vahaa k\u00e4dell\u00e4si l\u00e4mp\u00f6tilan tarkistamiseksi.<\/li>\n<li data-sourcepos=\"17:1-17:36\">Levit\u00e4 vaha karvankasvun suuntaan.<\/li>\n<li data-sourcepos=\"18:1-18:67\">Aseta vahaliuska vahatulle alueelle ja kiinnit\u00e4 se huolellisesti.<\/li>\n<li data-sourcepos=\"19:1-19:61\">Poista liuska nopeasti karvankasvun vastakkaiseen suuntaan.<\/li>\n<li data-sourcepos=\"20:1-20:78\">Toista prosessi tarvittaessa. \u00c4l\u00e4 vahaa samaa aluetta enemp\u00e4\u00e4 kuin 2 kertaa.<\/li>\n<li data-sourcepos=\"21:1-22:0\">Poista ylim\u00e4\u00e4r\u00e4inen vaha karvanpoiston j\u00e4lkeisell\u00e4 \u00f6ljyll\u00e4 tai voiteella.<\/li>\n<\/ul>\n<p data-sourcepos=\"23:1-23:13\"><strong>Varoitus:<\/strong><\/p>\n<ul data-sourcepos=\"25:1-25:55\">\n<li data-sourcepos=\"25:1-25:55\">Testaa ihon herkkyys pienell\u00e4 alueella ennen k\u00e4ytt\u00f6\u00e4.<\/li>\n<\/ul>\n","protected":false},"excerpt":{"rendered":"<p data-sourcepos=\"3:1-3:71\"><strong>ITALWAX Transparent Classic ALOE \u2013 Sile\u00e4 iho luonnollisella hoidolla<\/strong><\/p>\n<p data-sourcepos=\"5:1-5:337\">Nauti silkkisen sile\u00e4st\u00e4 ihosta Italwax Classic pehme\u00e4vahalla ALOE. T\u00e4m\u00e4 korkealaatuinen karvanpoistovaha on rikastettu aloe-uutteella, joka kosteuttaa ja rauhoittaa ihoa tehden siit\u00e4 pehme\u00e4n ja joustavan. Luonnollisen koostumuksensa ansiosta t\u00e4m\u00e4 vaha on hell\u00e4varainen jopa herkimm\u00e4lle iholle, minimoiden allergisten reaktioiden riskin.<\/p>\n","protected":false},"featured_media":31910,"comment_status":"open","ping_status":"closed","template":"","meta":{"_monsterinsights_skip_tracking":false,"_monsterinsights_sitenote_active":false,"_monsterinsights_sitenote_note":"","_monsterinsights_sitenote_category":0},"product_brand":[],"product_cat":[507,555],"product_tag":[],"class_list":{"0":"post-31916","1":"product","2":"type-product","3":"status-publish","4":"has-post-thumbnail","6":"product_cat-karvanpoisto","7":"product_cat-vahat","8":"pa_brand-italwax-fi","9":"pa_suurus-400-ml-fi","11":"first","12":"instock","13":"taxable","14":"shipping-taxable","15":"purchasable","16":"product-type-simple"},"_links":{"self":[{"href":"https:\/\/pomello.ee\/fi\/wp-json\/wp\/v2\/product\/31916","targetHints":{"allow":["GET"]}}],"collection":[{"href":"https:\/\/pomello.ee\/fi\/wp-json\/wp\/v2\/product"}],"about":[{"href":"https:\/\/pomello.ee\/fi\/wp-json\/wp\/v2\/types\/product"}],"replies":[{"embeddable":true,"href":"https:\/\/pomello.ee\/fi\/wp-json\/wp\/v2\/comments?post=31916"}],"wp:featuredmedia":[{"embeddable":true,"href":"https:\/\/pomello.ee\/fi\/wp-json\/wp\/v2\/media\/31910"}],"wp:attachment":[{"href":"https:\/\/pomello.ee\/fi\/wp-json\/wp\/v2\/media?parent=31916"}],"wp:term":[{"taxonomy":"product_brand","embeddable":true,"href":"https:\/\/pomello.ee\/fi\/wp-json\/wp\/v2\/product_brand?post=31916"},{"taxonomy":"product_cat","embeddable":true,"href":"https:\/\/pomello.ee\/fi\/wp-json\/wp\/v2\/product_cat?post=31916"},{"taxonomy":"product_tag","embeddable":true,"href":"https:\/\/pomello.ee\/fi\/wp-json\/wp\/v2\/product_tag?post=31916"}],"curies":[{"name":"wp","href":"https:\/\/api.w.org\/{rel}","templated":true}]}}