{"id":31945,"date":"2025-02-28T08:51:12","date_gmt":"2025-02-28T06:51:12","guid":{"rendered":"https:\/\/pomello.ee\/toode\/maxymova-liquid-hybrid-dye-manual-est-fin\/"},"modified":"2025-03-24T13:53:28","modified_gmt":"2025-03-24T11:53:28","slug":"maxymova-liquid-hybrid-dye-manual-est-fin","status":"publish","type":"product","link":"https:\/\/pomello.ee\/fi\/toode\/maxymova-liquid-hybrid-dye-manual-est-fin\/","title":{"rendered":"MAXYMOVA Liquid Hybrid Dye Manual"},"content":{"rendered":"","protected":false},"excerpt":{"rendered":"<p><strong>MAXYMOVA Liquid Hybrid Dye Manual suomeksi, viroksi ja englanniksi \u2013 ILMAISEKSI<\/strong><\/p>\n<p>Maximovan ilmainen opas Liquid Hybrid Dye -v\u00e4rin k\u00e4ytt\u00f6\u00f6n kulmakarvoissa.<\/p>\n<p>Kun olet tehnyt ostoksesi, sinulle l\u00e4hetet\u00e4\u00e4n s\u00e4hk\u00f6posti, jossa on linkki oppaan lataamiseen PDF-muodossa. Valitse tiedosto haluamallasi kielell\u00e4 ja tallenna se puhelimeesi tai tietokoneellesi.<\/p>\n","protected":false},"featured_media":31430,"comment_status":"open","ping_status":"closed","template":"","meta":{"_monsterinsights_skip_tracking":false,"_monsterinsights_sitenote_active":false,"_monsterinsights_sitenote_note":"","_monsterinsights_sitenote_category":0},"product_brand":[],"product_cat":[476,909,490,479],"product_tag":[],"class_list":{"0":"post-31945","1":"product","2":"type-product","3":"status-publish","4":"has-post-thumbnail","6":"product_cat-kulmakarvat","7":"product_cat-kestovari","8":"product_cat-koulutukset","9":"product_cat-ripsien-ja-kulmakarvojen-varit-fi","10":"pa_brand-maxymova-fi","12":"first","13":"instock","14":"downloadable","15":"virtual","16":"taxable","17":"purchasable","18":"product-type-simple"},"_links":{"self":[{"href":"https:\/\/pomello.ee\/fi\/wp-json\/wp\/v2\/product\/31945","targetHints":{"allow":["GET"]}}],"collection":[{"href":"https:\/\/pomello.ee\/fi\/wp-json\/wp\/v2\/product"}],"about":[{"href":"https:\/\/pomello.ee\/fi\/wp-json\/wp\/v2\/types\/product"}],"replies":[{"embeddable":true,"href":"https:\/\/pomello.ee\/fi\/wp-json\/wp\/v2\/comments?post=31945"}],"wp:featuredmedia":[{"embeddable":true,"href":"https:\/\/pomello.ee\/fi\/wp-json\/wp\/v2\/media\/31430"}],"wp:attachment":[{"href":"https:\/\/pomello.ee\/fi\/wp-json\/wp\/v2\/media?parent=31945"}],"wp:term":[{"taxonomy":"product_brand","embeddable":true,"href":"https:\/\/pomello.ee\/fi\/wp-json\/wp\/v2\/product_brand?post=31945"},{"taxonomy":"product_cat","embeddable":true,"href":"https:\/\/pomello.ee\/fi\/wp-json\/wp\/v2\/product_cat?post=31945"},{"taxonomy":"product_tag","embeddable":true,"href":"https:\/\/pomello.ee\/fi\/wp-json\/wp\/v2\/product_tag?post=31945"}],"curies":[{"name":"wp","href":"https:\/\/api.w.org\/{rel}","templated":true}]}}