{"id":32091,"date":"2025-04-07T08:15:09","date_gmt":"2025-04-07T06:15:09","guid":{"rendered":"https:\/\/pomello.ee\/toode\/reverse-lash-lift-shields\/"},"modified":"2025-11-28T07:45:16","modified_gmt":"2025-11-28T05:45:16","slug":"reverse-lash-lift-shields","status":"publish","type":"product","link":"https:\/\/pomello.ee\/fi\/toode\/reverse-lash-lift-shields\/","title":{"rendered":"Reverse Lash Lift Shields"},"content":{"rendered":"<p class=\"\" data-start=\"58\" data-end=\"584\"><strong data-start=\"58\" data-end=\"68\">HY\u00d6DYT<\/strong><br data-start=\"68\" data-end=\"71\" \/>T\u00e4ydellinen ty\u00f6kalu ripsien v\u00e4rj\u00e4\u00e4miseen, Lash Lift -k\u00e4sittelyn korjaamiseen, ripsipidennysten poistamiseen ja moniin muihin k\u00e4ytt\u00f6tarkoituksiin.<br data-start=\"216\" data-end=\"219\" \/>Toimii erinomaisesti yhdess\u00e4 <strong data-start=\"248\" data-end=\"277\">My Lamination Powder Lift<\/strong> -tuotteen kanssa.<br data-start=\"295\" data-end=\"298\" \/>Sopii <strong data-start=\"304\" data-end=\"343\">aasialaiseen lash lift -tekniikkaan<\/strong> sek\u00e4 <strong data-start=\"349\" data-end=\"377\">liimattomaan menetelm\u00e4\u00e4n<\/strong>.<br data-start=\"378\" data-end=\"381\" data-is-only-node=\"\" \/>Helposti kiinnitett\u00e4v\u00e4t irrotettavat lis\u00e4osat.<br data-start=\"427\" data-end=\"430\" \/>Valmistettu eritt\u00e4in pehme\u00e4st\u00e4, joustavasta ja uudelleenk\u00e4ytett\u00e4v\u00e4st\u00e4 silikonista.<br data-start=\"512\" data-end=\"515\" \/>Universaali muotoilu, joka sopii kaikille silm\u00e4nmuodoille ja -koolle.<\/p>\n<p data-start=\"591\" data-end=\"702\">\n<p class=\"\" data-start=\"591\" data-end=\"702\"><strong data-start=\"591\" data-end=\"610\">K\u00c4YTT\u00d6 JA HOITO<\/strong><br data-start=\"610\" data-end=\"613\" \/>K\u00e4yt\u00f6n j\u00e4lkeen pese tyynyt miedolla saippualla ja vedell\u00e4, ja desinfioi ne huolellisesti.<\/p>\n<p data-start=\"709\" data-end=\"1007\">\n<p class=\"\" data-start=\"709\" data-end=\"1007\"><strong data-start=\"709\" data-end=\"736\">VINKKEJ\u00c4 JA TEKNIIKOITA<\/strong><br data-start=\"736\" data-end=\"739\" \/>T\u00e4m\u00e4 ty\u00f6kalu on erityisen hy\u00f6dyllinen, kun:<br data-start=\"782\" data-end=\"785\" \/>\u2013 Ripsien tyvet kasvavat siksak-kuviossa tai ep\u00e4tasaisesti<br data-start=\"843\" data-end=\"846\" \/>\u2013 Haluat pehment\u00e4\u00e4 ripsi\u00e4 ilman liimaa<br data-start=\"884\" data-end=\"887\" \/>\u2013 Taivutus on liian voimakas ja haluat luonnollisemman lopputuloksen<br data-start=\"955\" data-end=\"958\" \/>\u2013 Haluat antaa ripsien kasvaa ulos luonnollisesti<\/p>\n","protected":false},"excerpt":{"rendered":"<p class=\"\" data-start=\"54\" data-end=\"114\"><strong data-start=\"54\" data-end=\"114\">Reverse Lash Lift Shields \u2013 3 kokoa yhdess\u00e4 pakkauksessa<\/strong><\/p>\n<p class=\"\" data-start=\"116\" data-end=\"357\">Reverse-tyynyt ovat saaneet nimens\u00e4 niiden ainutlaatuisesta, perinteisest\u00e4 poikkeavasta muodosta. N\u00e4m\u00e4 monik\u00e4ytt\u00f6iset ja eritt\u00e4in pehme\u00e4st\u00e4 silikonista valmistetut tyynyt on suunniteltu sek\u00e4 ammattilaisk\u00e4ytt\u00f6\u00f6n ett\u00e4 korjaaviin k\u00e4sittelyihin.<\/p>\n<p class=\"\" data-start=\"359\" data-end=\"531\">Tyynyt sopivat erinomaisesti yl\u00e4- ja alaripsien v\u00e4rj\u00e4\u00e4miseen, tarjoten maksimaalisen suojan silm\u00e4nymp\u00e4rysiholle ja auttaen saavuttamaan tarkan ja tahrattoman lopputuloksen.<\/p>\n<p class=\"\" data-start=\"533\" data-end=\"780\">Jos ripset tarvitsevat korjausta ep\u00e4onnistuneen Lash Lift -k\u00e4sittelyn j\u00e4lkeen, Reverse-tyynyt mahdollistavat tarkan ja turvallisen korjauksen. Ne soveltuvat my\u00f6s erinomaisesti ripsipidennysten poistamiseen, samalla suojaten ihoa ja silm\u00e4n aluetta.<\/p>\n<p class=\"\" data-start=\"782\" data-end=\"1025\">Lis\u00e4ksi n\u00e4m\u00e4 tyynyt tukevat edistyneit\u00e4 Lash Lift -tekniikoita, kuten aasialaista Lash Lifti\u00e4 tai liimatonta menetelm\u00e4\u00e4. Ne toimivat my\u00f6s t\u00e4ydellisesti <strong data-start=\"934\" data-end=\"963\">My Lamination Powder Lift<\/strong> -hoidon yhteydess\u00e4, vieden asiakaskokemuksen uudelle tasolle.<\/p>\n<p class=\"\" data-start=\"1027\" data-end=\"1298\">Pakkaukseen sis\u00e4ltyy irrotettavat lis\u00e4osat kolmessa eri koossa (S, M, L), jotta ne sopivat erilaisiin silm\u00e4nmuotoihin ja tarpeisiin. Tyynyt asettuvat luonnollisten ripsien alle t\u00e4ydellisesti, lis\u00e4osilla tai ilman, tarjoten tukevan ja mukavan k\u00e4ytt\u00f6kokemuksen asiakkaalle.<\/p>\n<p class=\"\" data-start=\"1300\" data-end=\"1402\"><strong data-start=\"1300\" data-end=\"1321\">Pakkaus sis\u00e4lt\u00e4\u00e4:<\/strong><br data-start=\"1321\" data-end=\"1324\" \/>1 pari lis\u00e4osia (3 kokoa: S, M, L)<br data-start=\"1358\" data-end=\"1361\" \/>1 pari Reverse Lash Lift -silikonityynyj\u00e4<\/p>\n<p class=\"\" data-start=\"1404\" data-end=\"1432\"><strong data-start=\"1404\" data-end=\"1432\">Vain ammattilaisk\u00e4ytt\u00f6\u00f6n<\/strong><\/p>\n","protected":false},"featured_media":32079,"comment_status":"open","ping_status":"closed","template":"","meta":{"_monsterinsights_skip_tracking":false,"_monsterinsights_sitenote_active":false,"_monsterinsights_sitenote_note":"","_monsterinsights_sitenote_category":0},"product_brand":[],"product_cat":[516,521,475],"product_tag":[],"class_list":{"0":"post-32091","1":"product","2":"type-product","3":"status-publish","4":"has-post-thumbnail","6":"product_cat-lash-lift-fi","7":"product_cat-silikonityynyt","8":"product_cat-ripset","9":"pa_brand-pomello-fi","10":"pa_varv-lilla-fi","12":"first","13":"instock","14":"taxable","15":"shipping-taxable","16":"purchasable","17":"product-type-simple"},"_links":{"self":[{"href":"https:\/\/pomello.ee\/fi\/wp-json\/wp\/v2\/product\/32091","targetHints":{"allow":["GET"]}}],"collection":[{"href":"https:\/\/pomello.ee\/fi\/wp-json\/wp\/v2\/product"}],"about":[{"href":"https:\/\/pomello.ee\/fi\/wp-json\/wp\/v2\/types\/product"}],"replies":[{"embeddable":true,"href":"https:\/\/pomello.ee\/fi\/wp-json\/wp\/v2\/comments?post=32091"}],"wp:featuredmedia":[{"embeddable":true,"href":"https:\/\/pomello.ee\/fi\/wp-json\/wp\/v2\/media\/32079"}],"wp:attachment":[{"href":"https:\/\/pomello.ee\/fi\/wp-json\/wp\/v2\/media?parent=32091"}],"wp:term":[{"taxonomy":"product_brand","embeddable":true,"href":"https:\/\/pomello.ee\/fi\/wp-json\/wp\/v2\/product_brand?post=32091"},{"taxonomy":"product_cat","embeddable":true,"href":"https:\/\/pomello.ee\/fi\/wp-json\/wp\/v2\/product_cat?post=32091"},{"taxonomy":"product_tag","embeddable":true,"href":"https:\/\/pomello.ee\/fi\/wp-json\/wp\/v2\/product_tag?post=32091"}],"curies":[{"name":"wp","href":"https:\/\/api.w.org\/{rel}","templated":true}]}}