{"id":32244,"date":"2025-04-10T07:40:37","date_gmt":"2025-04-10T05:40:37","guid":{"rendered":"https:\/\/pomello.ee\/toode\/mia-pro-lashes-flex-hard\/"},"modified":"2026-03-07T21:56:11","modified_gmt":"2026-03-07T19:56:11","slug":"mia-pro-lashes-flex-hard","status":"publish","type":"product","link":"https:\/\/pomello.ee\/fi\/toode\/mia-pro-lashes-flex-hard\/","title":{"rendered":"MIA PRO Lashes FLEX HARD"},"content":{"rendered":"<p>Tuote on uudelleenk\u00e4ytett\u00e4v\u00e4.<\/p>\n<p><strong>Puhdistus<\/strong>:<\/p>\n<p>Puhdista v\u00e4litt\u00f6m\u00e4sti jokaisen k\u00e4yt\u00f6n j\u00e4lkeen l\u00e4mpim\u00e4ll\u00e4 vedell\u00e4 ja antibakteerisella saippualla<br \/>\nDesinfioi 70 % alkoholilla<br \/>\nHuuhtele sitten vedell\u00e4 ja kuivaa.<br \/>\nAseta tuote steriiliin, suljettuun astiaan.<\/p>\n<p><img decoding=\"async\" class=\"alignnone wp-image-31816 size-full\" src=\"https:\/\/pomello.ee\/wp-content\/uploads\/2025\/03\/Milline-silikoonpadi-valida-1.png\" alt=\"Milline silikoonpadi valida\" width=\"1920\" height=\"1080\" srcset=\"https:\/\/pomello.ee\/wp-content\/uploads\/2025\/03\/Milline-silikoonpadi-valida-1.png 1920w, https:\/\/pomello.ee\/wp-content\/uploads\/2025\/03\/Milline-silikoonpadi-valida-1-300x169.png 300w, https:\/\/pomello.ee\/wp-content\/uploads\/2025\/03\/Milline-silikoonpadi-valida-1-1024x576.png 1024w, https:\/\/pomello.ee\/wp-content\/uploads\/2025\/03\/Milline-silikoonpadi-valida-1-768x432.png 768w, https:\/\/pomello.ee\/wp-content\/uploads\/2025\/03\/Milline-silikoonpadi-valida-1-1536x864.png 1536w, https:\/\/pomello.ee\/wp-content\/uploads\/2025\/03\/Milline-silikoonpadi-valida-1-1200x675.png 1200w, https:\/\/pomello.ee\/wp-content\/uploads\/2025\/03\/Milline-silikoonpadi-valida-1-100x56.png 100w\" sizes=\"(max-width: 1920px) 100vw, 1920px\" \/><\/p>\n<p>Milline silikoonpadi valida<\/p>\n","protected":false},"excerpt":{"rendered":"<p><strong>MIA PRO Lashes FLEX HARD silikonityynyt<\/strong><\/p>\n<p>MIA FLEX LIFT silikonityynyt on suunniteltu \u00e4\u00e4rimm\u00e4isen tarkasti \u2013 niiden ep\u00e4symmetrinen muoto on matemaattisesti suunniteltu takaamaan t\u00e4ydellisen kaarevuuden jokaiselle silm\u00e4tyypille.<\/p>\n<p><strong>Silikonityynyn tyyppi: Teardrop<\/strong><\/p>\n<p>Toisin kuin MIA PRO Lashesin tavalliset py\u00f6re\u00e4t silikonityynyt, FLEX-sarjan tyynyt ovat pisaran muotoisia.<\/p>\n<p>Pehmusteet on valmistettu pehme\u00e4st\u00e4, joustavasta ja joustavasta silikonista, joka kiinnittyy helposti silm\u00e4luomiin tarjoten maksimaalista mukavuutta ja v\u00e4ltt\u00e4en liiallista painetta. Jopa ter\u00e4lehtien muotoilu on suunniteltu niin, ett\u00e4 se ei paina silm\u00e4luomia.<\/p>\n<p>Ne sopivat my\u00f6s pidempiin silmiin.<\/p>\n<p>Koot: S, M, M1 \u2013 saatavilla settin\u00e4 (3 paria).<\/p>\n<p>Materiaali: 100 % platinakatalysoitua silikonia &#8211; v\u00e4rinkest\u00e4v\u00e4\u00e4 ja pitk\u00e4kestoista.<\/p>\n","protected":false},"featured_media":32139,"comment_status":"open","ping_status":"closed","template":"","meta":{"_monsterinsights_skip_tracking":false,"_monsterinsights_sitenote_active":false,"_monsterinsights_sitenote_note":"","_monsterinsights_sitenote_category":0},"product_brand":[],"product_cat":[516,521,475],"product_tag":[],"class_list":{"0":"post-32244","1":"product","2":"type-product","3":"status-publish","4":"has-post-thumbnail","6":"product_cat-lash-lift-fi","7":"product_cat-silikonityynyt","8":"product_cat-ripset","9":"pa_brand-mia-pro-fi","11":"first","12":"instock","13":"taxable","14":"shipping-taxable","15":"purchasable","16":"product-type-simple"},"_links":{"self":[{"href":"https:\/\/pomello.ee\/fi\/wp-json\/wp\/v2\/product\/32244","targetHints":{"allow":["GET"]}}],"collection":[{"href":"https:\/\/pomello.ee\/fi\/wp-json\/wp\/v2\/product"}],"about":[{"href":"https:\/\/pomello.ee\/fi\/wp-json\/wp\/v2\/types\/product"}],"replies":[{"embeddable":true,"href":"https:\/\/pomello.ee\/fi\/wp-json\/wp\/v2\/comments?post=32244"}],"wp:featuredmedia":[{"embeddable":true,"href":"https:\/\/pomello.ee\/fi\/wp-json\/wp\/v2\/media\/32139"}],"wp:attachment":[{"href":"https:\/\/pomello.ee\/fi\/wp-json\/wp\/v2\/media?parent=32244"}],"wp:term":[{"taxonomy":"product_brand","embeddable":true,"href":"https:\/\/pomello.ee\/fi\/wp-json\/wp\/v2\/product_brand?post=32244"},{"taxonomy":"product_cat","embeddable":true,"href":"https:\/\/pomello.ee\/fi\/wp-json\/wp\/v2\/product_cat?post=32244"},{"taxonomy":"product_tag","embeddable":true,"href":"https:\/\/pomello.ee\/fi\/wp-json\/wp\/v2\/product_tag?post=32244"}],"curies":[{"name":"wp","href":"https:\/\/api.w.org\/{rel}","templated":true}]}}