{"id":32248,"date":"2025-04-10T07:14:41","date_gmt":"2025-04-10T05:14:41","guid":{"rendered":"https:\/\/pomello.ee\/toode\/mia-pro-lashes-monobrow\/"},"modified":"2025-04-10T07:14:41","modified_gmt":"2025-04-10T05:14:41","slug":"mia-pro-lashes-monobrow","status":"publish","type":"product","link":"https:\/\/pomello.ee\/fi\/toode\/mia-pro-lashes-monobrow\/","title":{"rendered":"MIA PRO LASHES Monobrow"},"content":{"rendered":"<p>Tuote on uudelleenk\u00e4ytett\u00e4v\u00e4.<\/p>\n<p><strong>Puhdistus:<\/strong><\/p>\n<p>Puhdista v\u00e4litt\u00f6m\u00e4sti jokaisen k\u00e4yt\u00f6n j\u00e4lkeen l\u00e4mpim\u00e4ll\u00e4 vedell\u00e4 ja antibakteerisella saippualla<br \/>\nDesinfioi 70 % alkoholilla<br \/>\nHuuhtele sitten vedell\u00e4 ja kuivaa.<br \/>\nAseta tuote steriiliin, suljettuun astiaan.<\/p>\n","protected":false},"excerpt":{"rendered":"<p><strong>MIA PRO LASHES \u2013 Monokarvojen kulmakarvojen laminointity\u00f6kalu<\/strong><\/p>\n<p>\u00c4lyk\u00e4s ja k\u00e4yt\u00e4nn\u00f6llinen ty\u00f6kalu kulmakarvojen laminointiin entist\u00e4 tarkemman ja ammattimaisemman tuloksen saavuttamiseksi. Nen\u00e4sel\u00e4n yl\u00e4puolella olevien reikien ansiosta Monobrow pysyy tiukasti paikallaan koko toimenpiteen ajan tarjoten mukavan ja vakaan ty\u00f6ymp\u00e4rist\u00f6n.<\/p>\n<p>Ihanteellinen valinta niille, jotka haluavat tehd\u00e4 tietoisia valintoja \u2013 tuote on uudelleenk\u00e4ytett\u00e4v\u00e4 ja auttaa v\u00e4hent\u00e4m\u00e4\u00e4n kertak\u00e4ytt\u00f6tarvikkeiden k\u00e4ytt\u00f6\u00e4 ja tukemaan n\u00e4in ymp\u00e4rist\u00f6yst\u00e4v\u00e4llisemp\u00e4\u00e4 kauneusty\u00f6t\u00e4.<\/p>\n<p>K\u00e4ytt\u00f6vaihtoehdot:<br \/>\nEmulsion vaikutuksen aikana alentaa kulmakarvoja<br \/>\nBotox- tai Brow Happiness -kosteutuksen aikana<\/p>\n<p>Saatavana kahdessa tyylikk\u00e4\u00e4ss\u00e4 vaihtoehdossa:<br \/>\n\ud83d\udc96 Pinkki<br \/>\n\u2728 L\u00e4pin\u00e4kyv\u00e4 glitterill\u00e4<\/p>\n<p>Valmistettu 100 % korkealaatuisesta silikonista (platinakatalyytti), joka on turvallinen ja kest\u00e4v\u00e4.<\/p>\n<p>Valitse suosikkisi Monobrow ja tee jokaisesta hoidosta mukavampaa ja ammattimaisempaa!<\/p>\n","protected":false},"featured_media":32165,"comment_status":"open","ping_status":"closed","template":"","meta":{"_monsterinsights_skip_tracking":false,"_monsterinsights_sitenote_active":false,"_monsterinsights_sitenote_note":"","_monsterinsights_sitenote_category":0},"product_brand":[],"product_cat":[476,511,477],"product_tag":[],"class_list":{"0":"post-32248","1":"product","2":"type-product","3":"status-publish","4":"has-post-thumbnail","6":"product_cat-kulmakarvat","7":"product_cat-kulmakarvojen-tarvikkeet","8":"product_cat-kulmien-laminointi","9":"pa_brand-mia-pro-fi","10":"pa_varv-labipaistev-fi","11":"pa_varv-roosa-fi","13":"first","14":"instock","15":"taxable","16":"shipping-taxable","17":"purchasable","18":"product-type-variable"},"_links":{"self":[{"href":"https:\/\/pomello.ee\/fi\/wp-json\/wp\/v2\/product\/32248","targetHints":{"allow":["GET"]}}],"collection":[{"href":"https:\/\/pomello.ee\/fi\/wp-json\/wp\/v2\/product"}],"about":[{"href":"https:\/\/pomello.ee\/fi\/wp-json\/wp\/v2\/types\/product"}],"replies":[{"embeddable":true,"href":"https:\/\/pomello.ee\/fi\/wp-json\/wp\/v2\/comments?post=32248"}],"wp:featuredmedia":[{"embeddable":true,"href":"https:\/\/pomello.ee\/fi\/wp-json\/wp\/v2\/media\/32165"}],"wp:attachment":[{"href":"https:\/\/pomello.ee\/fi\/wp-json\/wp\/v2\/media?parent=32248"}],"wp:term":[{"taxonomy":"product_brand","embeddable":true,"href":"https:\/\/pomello.ee\/fi\/wp-json\/wp\/v2\/product_brand?post=32248"},{"taxonomy":"product_cat","embeddable":true,"href":"https:\/\/pomello.ee\/fi\/wp-json\/wp\/v2\/product_cat?post=32248"},{"taxonomy":"product_tag","embeddable":true,"href":"https:\/\/pomello.ee\/fi\/wp-json\/wp\/v2\/product_tag?post=32248"}],"curies":[{"name":"wp","href":"https:\/\/api.w.org\/{rel}","templated":true}]}}