{"id":32372,"date":"2025-04-20T10:59:04","date_gmt":"2025-04-20T08:59:04","guid":{"rendered":"https:\/\/pomello.ee\/toode\/maxymova-lash-brow-strengthening-serum-5ml\/"},"modified":"2025-04-20T10:59:04","modified_gmt":"2025-04-20T08:59:04","slug":"maxymova-lash-brow-strengthening-serum-5ml","status":"publish","type":"product","link":"https:\/\/pomello.ee\/fi\/toode\/maxymova-lash-brow-strengthening-serum-5ml\/","title":{"rendered":"MAXYMOVA Lash &#038; Brow Strengthening Serum 5ml"},"content":{"rendered":"<h3>MAXYMOVA Lash &amp; Brow Strengthening Serum \u2013 Intensiivinen hoito vahvemmille ja terveemmille ripsille ja kulmakarvoille<\/h3>\n<p>MAXYMOVA-seerumi on suunniteltu t\u00e4ytt\u00e4m\u00e4\u00e4n sek\u00e4 kauneuden yst\u00e4vien ett\u00e4 ammattilaisten odotukset. Se on 5 ml:n tiivistetty kauneushoito, jossa yhdistyv\u00e4t tieteen ja luonnon parhaat puolet. T\u00e4m\u00e4 on t\u00e4ydellinen valinta jokap\u00e4iv\u00e4iseen k\u00e4ytt\u00f6\u00f6n \u2013 olipa sinulla ripsienpidennykset tai haluat vahvistaa luonnollisia ripsi\u00e4si ja kulmakarvojasi.<\/p>\n<p><strong>Miksi MAXYMOVA-seerumi on erityinen?<\/strong><\/p>\n<p><strong>1. Hell\u00e4varainen mutta tehokas koostumus<\/strong><br \/>\nSeerumi on suunniteltu erityisesti silm\u00e4nymp\u00e4rysalueen herkk\u00e4\u00e4 aluetta ajatellen &#8211; se ei \u00e4rsyt\u00e4 tai kuivata ihoa, joten se sopii herk\u00e4lle iholle. \u00d6ljyt\u00f6n koostumus tekee siit\u00e4 turvallisen valinnan ripsienpidennysten k\u00e4ytt\u00e4jille.<\/p>\n<p><strong>2. Luonnollinen alkuper\u00e4 ja tieteeseen perustuva tehokkuus<\/strong><br \/>\nMAXYMOVA-seerumi sis\u00e4lt\u00e4\u00e4 kasvipohjaisia \u200b\u200bainesosia, jotka toimivat synergisesti vahvistaen ja kiihdytt\u00e4en hiusten kasvua:<\/p>\n<p><strong>Biotiini (H-vitamiini)<\/strong> \u2013 parantaa hiusten rakennetta ja vahvistaa kynsinauhoja, auttaa v\u00e4hent\u00e4m\u00e4\u00e4n katkeilua ja edist\u00e4m\u00e4\u00e4n terveellisemp\u00e4\u00e4 kasvua.<br \/>\n<strong>Kasvikeratiini<\/strong> \u2013 kerrostuu hiusten pintaan tehden niist\u00e4 visuaalisesti paksumpia, vahvempia ja sile\u00e4mpi\u00e4.<br \/>\n<strong>Hexapeptide-11<\/strong> \u2013 bioaktiivinen peptidi, joka stimuloi kollageenin ja elastiinin tuotantoa karvatuppissa vahvistaen hiusjuurta.<br \/>\n<strong>Biotekninen kasvikompleksi<\/strong> \u2013 tukee hiusten kasvua ja v\u00e4hent\u00e4\u00e4 hiustenl\u00e4ht\u00f6\u00e4 samalla kun se parantaa hiussipulien terveytt\u00e4.<\/p>\n<p><strong>3. Nopea ja k\u00e4tev\u00e4 k\u00e4ytt\u00f6<\/strong><br \/>\n5 ml:n pakkaus on ihanteellinen kotirutiinisi. Kevyen koostumuksen ja tarkan applikaattorin ansiosta seerumin k\u00e4ytt\u00f6 on helppoa ja hygieenist\u00e4. Sopii k\u00e4ytett\u00e4v\u00e4ksi aamulla ja\/tai illalla.<\/p>\n<p><strong>4. Puhtaus ja turvallisuus<\/strong><br \/>\nTuote ei sis\u00e4ll\u00e4 aggressiivisia kemikaaleja tai keinotekoisia hajusteita. T\u00e4m\u00e4 varmistaa, ett\u00e4 p\u00e4ivitt\u00e4inen huolto on yht\u00e4 turvallista kuin tehokasta.<\/p>\n<p><strong>Tulos?<\/strong><\/p>\n<p>Toistuvassa k\u00e4yt\u00f6ss\u00e4 ripset ja kulmakarvat tulevat visuaalisesti paksummiksi, vahvemmiksi ja paremmin kosteutetuiksi. MAXYMOVA-seerumi ei keskity pelk\u00e4st\u00e4\u00e4n kauneuteen \u2013 se tukee my\u00f6s hiusten rakenteen terveytt\u00e4 tarjoamalla suojaa ja ravintoa tyvest\u00e4 latvaan.<\/p>\n","protected":false},"excerpt":{"rendered":"<h3>MAXYMOVA Lash &amp; Brow Strengthening Serum \u2013 Hell\u00e4varainen mutta tehokas hoito luonnolliselle kauneudellesi<\/h3>\n<p>MAXYMOVA Eyelash and Eyebrow Serum on suunniteltu tukemaan luonnollisten ripsien ja kulmakarvojen terveytt\u00e4 ja vahvuutta p\u00e4ivitt\u00e4isess\u00e4 hoitorutiinissasi. Ainutlaatuinen ja tasapainoinen koostumus sis\u00e4lt\u00e4\u00e4 hell\u00e4varaisia \u200b\u200bmutta tehokkaita aktiivisia ainesosia, jotka auttavat kosteuttamaan, vahvistamaan ja stimuloimaan hiusten kasvua.<\/p>\n<p>Seerumi sopii erinomaisesti my\u00f6s ripsienpidennysten k\u00e4ytt\u00e4jille \u2013 se ei sis\u00e4ll\u00e4 \u00f6ljyj\u00e4, jotka voisivat vaikuttaa pidennysten kest\u00e4vyyteen, ja sopii k\u00e4ytett\u00e4v\u00e4ksi my\u00f6s herk\u00e4lle silm\u00e4nymp\u00e4rysiholle.<\/p>\n<p><strong>Miksi rakastat MAXYMOVA-seerumia?<\/strong><br \/>\n\u2013 Auttaa vahvistamaan luonnollisia hiuksia ja tukee niiden kasvua<br \/>\n\u2013 Sopii k\u00e4ytett\u00e4v\u00e4ksi sek\u00e4 ripsiss\u00e4 ett\u00e4 kulmakarvoissa<br \/>\n\u2013 \u00d6ljyt\u00f6n koostumus \u2013 turvallinen valinta my\u00f6s ripsienpidennysten k\u00e4ytt\u00e4jille<br \/>\n\u2013 P\u00e4ivitt\u00e4iseen hoitoon vahvempien, pidempien ja elinvoimaisempien hiusten saamiseksi<\/p>\n<p>Lis\u00e4\u00e4 kauneusrutiinisi seerumi, joka varmistaa n\u00e4kyv\u00e4sti terveen ja kauniin lopputuloksen.<\/p>\n<p>Annamme alennuksen ostaessasi 10 kpl tai enemm\u00e4n. Kirjoita pyynn\u00f6st\u00e4si osoitteeseen info@pomello.ee.<\/p>\n","protected":false},"featured_media":32269,"comment_status":"open","ping_status":"closed","template":"","meta":{"_monsterinsights_skip_tracking":false,"_monsterinsights_sitenote_active":false,"_monsterinsights_sitenote_note":"","_monsterinsights_sitenote_category":0},"product_brand":[],"product_cat":[476,475,514],"product_tag":[],"class_list":{"0":"post-32372","1":"product","2":"type-product","3":"status-publish","4":"has-post-thumbnail","6":"product_cat-kulmakarvat","7":"product_cat-ripset","8":"product_cat-ripsi-ja-kulmakarvojen-seerumit","9":"pa_brand-maxymova-fi","10":"pa_suurus-5ml-fi","12":"first","13":"instock","14":"taxable","15":"shipping-taxable","16":"purchasable","17":"product-type-simple"},"_links":{"self":[{"href":"https:\/\/pomello.ee\/fi\/wp-json\/wp\/v2\/product\/32372","targetHints":{"allow":["GET"]}}],"collection":[{"href":"https:\/\/pomello.ee\/fi\/wp-json\/wp\/v2\/product"}],"about":[{"href":"https:\/\/pomello.ee\/fi\/wp-json\/wp\/v2\/types\/product"}],"replies":[{"embeddable":true,"href":"https:\/\/pomello.ee\/fi\/wp-json\/wp\/v2\/comments?post=32372"}],"wp:featuredmedia":[{"embeddable":true,"href":"https:\/\/pomello.ee\/fi\/wp-json\/wp\/v2\/media\/32269"}],"wp:attachment":[{"href":"https:\/\/pomello.ee\/fi\/wp-json\/wp\/v2\/media?parent=32372"}],"wp:term":[{"taxonomy":"product_brand","embeddable":true,"href":"https:\/\/pomello.ee\/fi\/wp-json\/wp\/v2\/product_brand?post=32372"},{"taxonomy":"product_cat","embeddable":true,"href":"https:\/\/pomello.ee\/fi\/wp-json\/wp\/v2\/product_cat?post=32372"},{"taxonomy":"product_tag","embeddable":true,"href":"https:\/\/pomello.ee\/fi\/wp-json\/wp\/v2\/product_tag?post=32372"}],"curies":[{"name":"wp","href":"https:\/\/api.w.org\/{rel}","templated":true}]}}