{"id":32374,"date":"2025-04-20T11:39:28","date_gmt":"2025-04-20T09:39:28","guid":{"rendered":"https:\/\/pomello.ee\/toode\/maxymova-mini-vahanlammitin\/"},"modified":"2025-08-18T12:46:13","modified_gmt":"2025-08-18T10:46:13","slug":"maxymova-mini-vahanlammitin","status":"publish","type":"product","link":"https:\/\/pomello.ee\/fi\/toode\/maxymova-mini-vahanlammitin\/","title":{"rendered":"MAXYMOVA Mini vahanl\u00e4mmitin"},"content":{"rendered":"<p><strong>TUOTETIEDOT<\/strong><\/p>\n<p>\u2022 Mitat: 52*40mm<br \/>\n\u2022 J\u00e4nnite: 5V | Virta: 1,5A | Teho: 7W<br \/>\n\u2022 Kapasiteetti: 8 g (0.28oz) vahapapuja<br \/>\n\u2022 Maksimil\u00e4mp\u00f6tila: 120\u00b0C (\u00b110\u00b0C)<br \/>\n\u2022 Sis\u00e4lt\u00e4\u00e4:<br \/>\n\u2022 1 minivahanl\u00e4mmitin<br \/>\n\u2022 1 silikonis\u00e4ili\u00f6<br \/>\n\u2022 USB Type-C -kaapeli<br \/>\n\u2022 T\u00e4rke\u00e4\u00e4: Virtal\u00e4hde ei sis\u00e4lly toimitukseen. Yhteensopiva kaikkien USB-virtal\u00e4hteiden kanssa.<\/p>\n<p>&nbsp;<\/p>\n<p><strong>P\u00c4\u00c4OMINAISUUDET<\/strong><\/p>\n<p>\u2022 Kompakti ja kannettava: Pienet mitat (52*40 mm) tekev\u00e4t siit\u00e4 helpon kuljettaa ja s\u00e4ilytt\u00e4\u00e4, ihanteellinen ammattilaisille liikkeell\u00e4.<br \/>\n\u2022 USB Type-C -lataus: Yleisk\u00e4ytt\u00f6inen USB-latausportti mahdollistaa k\u00e4tev\u00e4t virtavaihtoehdot ilman erikoissovittimien tarvetta.<br \/>\n\u2022 Silikonis\u00e4ili\u00f6: Sis\u00e4lt\u00e4\u00e4 1 l\u00e4mm\u00f6nkest\u00e4v\u00e4n silikonis\u00e4ili\u00f6n helppoon puhdistamiseen.<br \/>\n\u2022 Automaattinen l\u00e4mp\u00f6tilan s\u00e4\u00e4t\u00f6: yll\u00e4pit\u00e4\u00e4 tasaisen l\u00e4mp\u00f6tilan 115\u00b0C (\u00b110\u00b0C) varmistaakseen turvallisen ja tehokkaan vahauksen.<br \/>\n\u2022 Sertifioitu turvallisuus: T\u00e4ytt\u00e4\u00e4 CE- ja FCC-turvallisuus- ja laatusertifiointistandardit.<\/p>\n","protected":false},"excerpt":{"rendered":"<h3>MAXYMOVA Mini vahanl\u00e4mmitin<\/h3>\n<p>Kompaktin rakenteen ja nopean l\u00e4mpenemisajan ansiosta minivahal\u00e4mmitin sopii sek\u00e4 ammattilaisille ett\u00e4 aloittelijoille. T\u00e4m\u00e4 on ihanteellinen valinta, kun suurta vahanl\u00e4mmitint\u00e4 ei tarvita \u2013 s\u00e4\u00e4st\u00e4\u00e4 tilaa ja tarjoaa maksimaalista k\u00e4ytt\u00f6mukavuutta. K\u00e4yt\u00e4 mukavasti sek\u00e4 kotona ett\u00e4 salongissa.<\/p>\n<p>Laitteessa on helposti puhdistettava silikonis\u00e4ili\u00f6 ja k\u00e4tev\u00e4 USB-lataus, mik\u00e4 tekee siit\u00e4 ihanteellisen vahanl\u00e4mmittimen ty\u00f6tilan optimointiin ja sujuvan, vaivattoman vahauskokemuksen takaamiseen. Kevyen ja k\u00e4yt\u00e4nn\u00f6llisen rakenteen ansiosta sit\u00e4 on helppo k\u00e4ytt\u00e4\u00e4 kaikkialla, miss\u00e4 tarvitset nopeaa ja tarkkaa vahausta.<\/p>\n","protected":false},"featured_media":32285,"comment_status":"open","ping_status":"closed","template":"","meta":{"_monsterinsights_skip_tracking":false,"_monsterinsights_sitenote_active":false,"_monsterinsights_sitenote_note":"","_monsterinsights_sitenote_category":0},"product_brand":[],"product_cat":[542,559,540,925],"product_tag":[],"class_list":{"0":"post-32374","1":"product","2":"type-product","3":"status-publish","4":"has-post-thumbnail","6":"product_cat-karvanpoisto-tarvikkeet-fi","7":"product_cat-laitteita","8":"product_cat-tarvikkeet","9":"product_cat-vahan-lammittajat","10":"pa_brand-maxymova-fi","12":"first","13":"instock","14":"taxable","15":"shipping-taxable","16":"purchasable","17":"product-type-simple"},"_links":{"self":[{"href":"https:\/\/pomello.ee\/fi\/wp-json\/wp\/v2\/product\/32374","targetHints":{"allow":["GET"]}}],"collection":[{"href":"https:\/\/pomello.ee\/fi\/wp-json\/wp\/v2\/product"}],"about":[{"href":"https:\/\/pomello.ee\/fi\/wp-json\/wp\/v2\/types\/product"}],"replies":[{"embeddable":true,"href":"https:\/\/pomello.ee\/fi\/wp-json\/wp\/v2\/comments?post=32374"}],"wp:featuredmedia":[{"embeddable":true,"href":"https:\/\/pomello.ee\/fi\/wp-json\/wp\/v2\/media\/32285"}],"wp:attachment":[{"href":"https:\/\/pomello.ee\/fi\/wp-json\/wp\/v2\/media?parent=32374"}],"wp:term":[{"taxonomy":"product_brand","embeddable":true,"href":"https:\/\/pomello.ee\/fi\/wp-json\/wp\/v2\/product_brand?post=32374"},{"taxonomy":"product_cat","embeddable":true,"href":"https:\/\/pomello.ee\/fi\/wp-json\/wp\/v2\/product_cat?post=32374"},{"taxonomy":"product_tag","embeddable":true,"href":"https:\/\/pomello.ee\/fi\/wp-json\/wp\/v2\/product_tag?post=32374"}],"curies":[{"name":"wp","href":"https:\/\/api.w.org\/{rel}","templated":true}]}}