{"id":32380,"date":"2025-04-21T19:11:45","date_gmt":"2025-04-21T17:11:45","guid":{"rendered":"https:\/\/pomello.ee\/toode\/maxymova-step-2-supreme-fix-10ml\/"},"modified":"2025-07-22T20:06:02","modified_gmt":"2025-07-22T18:06:02","slug":"maxymova-step-2-supreme-fix-10ml","status":"publish","type":"product","link":"https:\/\/pomello.ee\/fi\/toode\/maxymova-step-2-supreme-fix-10ml\/","title":{"rendered":"MAXYMOVA Step 2 SUPREME FIX 10ml"},"content":{"rendered":"<p><strong>Kuinka k\u00e4ytt\u00e4\u00e4 MAXYMOVA Step 2 SUPREME FIX?<\/strong><\/p>\n<ol>\n<li>Levit\u00e4 Step 1 SUPREME LIFT kulmiin ja anna vaikuttaa 4-12 minuuttia riippuen karvatyypist\u00e4. Puhdista kuivalla vanupuikolla.<\/li>\n<li>Levit\u00e4 Step 2 SUPREME FIX, peit\u00e4 koko kulmien pituus ja anna vaikuttaa 7-8 minuuttia. Poista liuos kuivalla vanupuikolla.<\/li>\n<li>Jos v\u00e4rj\u00e4\u00e4t kulmia, tee se nyt.<\/li>\n<li>Lopuksi puhdista j\u00e4ljelle j\u00e4\u00e4nyt v\u00e4ri ja levit\u00e4 Lash &amp; Brow Cocktail -seerumia harjalla optimaalisen imeytymisen saavuttamiseksi karvoihin. Seerumia ei saa huuhdella pois.<\/li>\n<\/ol>\n<p><strong>Ripsien laminointi<\/strong><\/p>\n<ol>\n<li>Levit\u00e4 Step 1 SUPREME LIFT -kestov\u00e4ri ripsille 6-12 minuutiksi, riippuen ripsien tiheydest\u00e4. Levit\u00e4 v\u00e4ri 0,5-2 mm juuresta ja peit\u00e4 30-60 % ripsen korkeudesta riippuen k\u00e4ytett\u00e4v\u00e4n silikoonipatjan tyypist\u00e4. Puhdista kuivalla vanupuikolla.<\/li>\n<li>Levit\u00e4 Step 2 SUPREME FIX -kremi 8 minuutiksi hieman sen alueen yl\u00e4puolelle, johon ensimm\u00e4inen koostumus oli levitetty, pit\u00e4en 0,5-2 mm et\u00e4isyytt\u00e4 juuresta.<\/li>\n<li>Levit\u00e4 v\u00e4ri ohjeiden mukaan.<\/li>\n<li>K\u00e4yt\u00e4 <strong>Goccia<\/strong>-rakennetta palauttavaa seerumia ravitsemaan, kosteuttamaan ja parantamaan ripsien ja kulmien kiiltoa. T\u00e4m\u00e4 vaihe vahvistaa ripsi\u00e4, korjaa vaurioita, lukitsee kosteutta ja v\u00e4hent\u00e4\u00e4 haurauden riski\u00e4, j\u00e4tt\u00e4en ripset pehmeiksi, silkkisiksi, elastisiksi ja kiilt\u00e4viksi. V\u00e4ri\u00e4 levitett\u00e4ess\u00e4 levit\u00e4 muutama tippa seerumia ja anna sen vaikuttaa ripsiss\u00e4 5 minuutin ajan (tai Step 2 FIX:n j\u00e4lkeen, jos v\u00e4ri\u00e4 ei k\u00e4ytet\u00e4). Puhdista kuivalla vanupadalla.<\/li>\n<li>P\u00e4\u00e4t\u00e4 toimenpide <strong>LASH &amp; BROW COCKTAIL<\/strong> -seerumilla, joka sopii t\u00e4ydellisesti viimeiseksi vaiheeksi ripsien ja kulmien laminoinnissa. T\u00e4m\u00e4 vaihe auttaa palauttamaan, kosteuttamaan ja suojaamaan ripsi\u00e4 ja kulmia ilman, ett\u00e4 ne muuttuvat raskaan tuntuisiksi. Se auttaa est\u00e4m\u00e4\u00e4n vaurioita ja auttaa karvojen uudelleenrakentamisessa ja palauttamisessa. Seerumia ei saa huuhdella pois.<\/li>\n<\/ol>\n","protected":false},"excerpt":{"rendered":"<h3>MAXYMOVA Step 2 SUPREME FIX \u2013 Kiinnitysvaihe ripsien ja kulmakarvojen laminointiin<\/h3>\n<p>STEP 2 SUPREME FIX on t\u00e4rke\u00e4 osa ripsien ja kulmakarvojen laminointia, joka seuraa vaihetta 1 SUPREME LIFT. T\u00e4m\u00e4 ammattimainen tuote kiinnitt\u00e4\u00e4 ripset ja kulmakarvat haluttuun muotoon luomalla uusia disulfidisidoksia, jotka takaavat pitk\u00e4kestoisen ja t\u00e4ydellisen lopputuloksen.<\/p>\n<p>MAXYMOVA-tuotteet on kehitetty yhteisty\u00f6ss\u00e4 parhaiden italialaisten laminointiasiantuntijoiden kanssa, mik\u00e4 tarjoaa korkeimman laadun ja luotettavuuden. SUPREME FIX -koostumus on huolellisesti kehitetty tehostamaan ammattimaisia \u200b\u200bkauneuspalveluita ja varmistamaan asiakkaille erinomaiset tulokset.<\/p>\n<p>Koska t\u00e4m\u00e4 koostumus on suunniteltu erityisesti parantamaan ripsien ja kulmakarvojen laminointiprosesseja, se antaa juuri halutun muodon ja kiinnitt\u00e4\u00e4 sen pysyv\u00e4sti, mik\u00e4 takaa pitk\u00e4kestoisen vaikutuksen ja luotettavuuden.<\/p>\n<p>Yksi 10 ml:n tuubi riitt\u00e4\u00e4 jopa 35 ripsien laminointihoitoon tai noin 25 kulmakarvojen laminointihoitoon, mik\u00e4 varmistaa erinomaisen tehokkuuden ja pitk\u00e4aikaisen k\u00e4ytt\u00f6mukavuuden.<\/p>\n<p>SUPREME FIX on ihanteellinen valinta ammattilaisille, jotka haluavat tarjota asiakkailleen t\u00e4ydellisesti kiinte\u00e4t ja pitk\u00e4kestoiset ripsien ja kulmakarvojen laminointitulokset.<\/p>\n","protected":false},"featured_media":32322,"comment_status":"open","ping_status":"closed","template":"","meta":{"_monsterinsights_skip_tracking":false,"_monsterinsights_sitenote_active":false,"_monsterinsights_sitenote_note":"","_monsterinsights_sitenote_category":0},"product_brand":[],"product_cat":[475,899,517,1249,476,477,516],"product_tag":[],"class_list":{"0":"post-32380","1":"product","2":"type-product","3":"status-publish","4":"has-post-thumbnail","6":"product_cat-ripset","7":"product_cat-emulsiot-fi","8":"product_cat-emulsiot","9":"product_cat-korean-lash-lift-fi","10":"product_cat-kulmakarvat","11":"product_cat-kulmien-laminointi","12":"product_cat-lash-lift-fi","13":"pa_brand-maxymova-fi","14":"pa_suurus-10-ml-fi","16":"first","17":"instock","18":"taxable","19":"shipping-taxable","20":"purchasable","21":"product-type-simple"},"_links":{"self":[{"href":"https:\/\/pomello.ee\/fi\/wp-json\/wp\/v2\/product\/32380","targetHints":{"allow":["GET"]}}],"collection":[{"href":"https:\/\/pomello.ee\/fi\/wp-json\/wp\/v2\/product"}],"about":[{"href":"https:\/\/pomello.ee\/fi\/wp-json\/wp\/v2\/types\/product"}],"replies":[{"embeddable":true,"href":"https:\/\/pomello.ee\/fi\/wp-json\/wp\/v2\/comments?post=32380"}],"wp:featuredmedia":[{"embeddable":true,"href":"https:\/\/pomello.ee\/fi\/wp-json\/wp\/v2\/media\/32322"}],"wp:attachment":[{"href":"https:\/\/pomello.ee\/fi\/wp-json\/wp\/v2\/media?parent=32380"}],"wp:term":[{"taxonomy":"product_brand","embeddable":true,"href":"https:\/\/pomello.ee\/fi\/wp-json\/wp\/v2\/product_brand?post=32380"},{"taxonomy":"product_cat","embeddable":true,"href":"https:\/\/pomello.ee\/fi\/wp-json\/wp\/v2\/product_cat?post=32380"},{"taxonomy":"product_tag","embeddable":true,"href":"https:\/\/pomello.ee\/fi\/wp-json\/wp\/v2\/product_tag?post=32380"}],"curies":[{"name":"wp","href":"https:\/\/api.w.org\/{rel}","templated":true}]}}