{"id":32386,"date":"2025-04-21T21:11:09","date_gmt":"2025-04-21T19:11:09","guid":{"rendered":"https:\/\/pomello.ee\/toode\/maxymova-brow-gel-fixgo-2\/"},"modified":"2025-11-01T00:35:24","modified_gmt":"2025-10-31T22:35:24","slug":"maxymova-brow-gel-fixgo-2","status":"publish","type":"product","link":"https:\/\/pomello.ee\/fi\/toode\/maxymova-brow-gel-fixgo-2\/","title":{"rendered":"MAXYMOVA Brow Gel FIX&#038;GO"},"content":{"rendered":"<p><strong>MAXYMOVA Brow Gel FIX&amp;GO \u2013 P\u00e4\u00e4ra ainesosat ja hy\u00f6dyt:<\/strong><\/p>\n<p>\u2714 <strong>Kasviproteiinit<\/strong> \u2013 Vahvistavat ja palauttavat kulmakarvojen rakennetta, tarjoten luonnollista vahvuutta ja elinvoimaa.<br \/>\n\u2714 <strong>Pantenoli (Provitamiini B5)<\/strong> \u2013 Syv\u00e4kosteuttaa ja rauhoittaa, tehden kulmista pehme\u00e4t ja elastiset.<br \/>\n\u2714 <strong>Silkki Proteiinit<\/strong> \u2013 Muodostavat suojakerroksen, joka suojaa kulmia kuivumiselta ja vaurioilta.<br \/>\n\u2714 <strong>Risiini\u00f6ljy<\/strong> \u2013 Rikastettu E-vitamiinilla ja v\u00e4ltt\u00e4m\u00e4tt\u00f6mill\u00e4 rasvahapoilla, tukee kulmien kasvua ja terveytt\u00e4.<\/p>\n<p><strong>T\u00e4ydellinen valinta jokaiseen kulmatarpeeseen:<\/strong><br \/>\nValitse tuote mieltymyksesi mukaan \u2013 joko kirkas <strong>Fix&amp;Go<\/strong> p\u00e4ivitt\u00e4iseen muotoiluun tai s\u00e4vytetty <strong>Fix&amp;Color<\/strong>, antaaksesi kulmille enemm\u00e4n m\u00e4\u00e4rittely\u00e4 ja v\u00e4ri\u00e4.<\/p>\n<p><strong>Ominaisuudet:<\/strong><\/p>\n<ul>\n<li><strong>Pitk\u00e4kestoinen pito (24h)<\/strong> \u2013 Vedenkest\u00e4v\u00e4 ja kevyt, ei kulu p\u00e4iv\u00e4n aikana.<\/li>\n<li><strong>Samettinen ja luonnollinen v\u00e4ri<\/strong> \u2013 Rikkaita, luonnollisia s\u00e4vyj\u00e4 ilman sameita tai tasaisia v\u00e4rej\u00e4.<\/li>\n<li><strong>Hento vaniljan tuoksu<\/strong> \u2013 Jokaisessa levityksess\u00e4 on ylellinen tuoksu, joka tekee k\u00e4ytt\u00f6kokemuksesta nautittavan.<\/li>\n<\/ul>\n","protected":false},"excerpt":{"rendered":"<p><strong>MAXYMOVA Brow Gel FIX&amp;GO \u2013 T\u00e4ydelliset kulmat joka p\u00e4iv\u00e4lle<\/strong><\/p>\n<p>Maxymovan uusi kulmageeli tarjoaa kaiken, mit\u00e4 tarvitset kulmien muotoiluun, v\u00e4rj\u00e4ykseen ja laminoinnin j\u00e4lkeiseen hoitoon. Innovatiiviset Brow Gel -tuotteet tarjoavat t\u00e4ydellisen ratkaisun, olipa tavoitteena luonnollinen tai tarkasti m\u00e4\u00e4ritelty ilme.<\/p>\n<p><strong>Fix&amp;Go (L\u00e4pin\u00e4kyv\u00e4 geeli)<\/strong> muotoilee ja kiinnitt\u00e4\u00e4 kulmat antaen niille luonnollisen viimeistelyn. Geeli on t\u00e4ydellinen p\u00e4ivitt\u00e4iseen k\u00e4ytt\u00f6\u00f6n ja laminoinnin j\u00e4lkeiseen hoitoon, pit\u00e4en kulmat muotoiltuna koko p\u00e4iv\u00e4n ajan.<\/p>\n<p>Jos haluat kulmille enemm\u00e4n m\u00e4\u00e4rittely\u00e4 ja v\u00e4ri\u00e4, <strong>Fix&amp;Color (S\u00e4vytetty geeli)<\/strong> on t\u00e4ydellinen valinta. Erityiset s\u00e4vyt kuten <strong>Cappuccino<\/strong> (l\u00e4mmin ruskea), <strong>Kakao<\/strong> (kylm\u00e4 tumma ruskea) ja <strong>Moka<\/strong> (musta) lis\u00e4\u00e4v\u00e4t intensiivist\u00e4 m\u00e4\u00e4rittely\u00e4 ja v\u00e4rikyll\u00e4isyytt\u00e4 samalla kiinnitt\u00e4en kulmat paikoilleen. Geeli takaa kest\u00e4v\u00e4n ja t\u00e4ydellisen lopputuloksen koko p\u00e4iv\u00e4n ajan.<\/p>\n<p>Valitse tuote mieltymyksesi mukaan \u2013 joko kirkas <strong>Fix&amp;Go<\/strong> p\u00e4ivitt\u00e4iseen muotoiluun tai s\u00e4vytetty <strong>Fix&amp;Color<\/strong>, jotta kulmille saadaan enemm\u00e4n m\u00e4\u00e4rittely\u00e4 ja v\u00e4ri\u00e4.<\/p>\n<p><strong>MAXYMOVA Brow Gel<\/strong> on t\u00e4ydellinen ratkaisu p\u00e4ivitt\u00e4iseen kulmiden hoitoon, tarjoten luonnollista pysyvyytt\u00e4 tai kirkastetun v\u00e4rivivahteen tarpeidesi mukaan.<\/p>\n<p><strong>VEGAN FRIENDLY<\/strong><\/p>\n","protected":false},"featured_media":32353,"comment_status":"open","ping_status":"closed","template":"","meta":{"_monsterinsights_skip_tracking":false,"_monsterinsights_sitenote_active":false,"_monsterinsights_sitenote_note":"","_monsterinsights_sitenote_category":0},"product_brand":[],"product_cat":[476,919,514],"product_tag":[],"class_list":{"0":"post-32386","1":"product","2":"type-product","3":"status-publish","4":"has-post-thumbnail","6":"product_cat-kulmakarvat","7":"product_cat-kulmakarvojen-geelit-vahat","8":"product_cat-ripsi-ja-kulmakarvojen-seerumit","9":"pa_brand-maxymova-fi","10":"pa_varv-cacao-fi","11":"pa_varv-cappuccino-fi","12":"pa_varv-clear-fi","13":"pa_varv-moka-black-fi","15":"first","16":"instock","17":"taxable","18":"shipping-taxable","19":"purchasable","20":"product-type-variable"},"_links":{"self":[{"href":"https:\/\/pomello.ee\/fi\/wp-json\/wp\/v2\/product\/32386","targetHints":{"allow":["GET"]}}],"collection":[{"href":"https:\/\/pomello.ee\/fi\/wp-json\/wp\/v2\/product"}],"about":[{"href":"https:\/\/pomello.ee\/fi\/wp-json\/wp\/v2\/types\/product"}],"replies":[{"embeddable":true,"href":"https:\/\/pomello.ee\/fi\/wp-json\/wp\/v2\/comments?post=32386"}],"wp:featuredmedia":[{"embeddable":true,"href":"https:\/\/pomello.ee\/fi\/wp-json\/wp\/v2\/media\/32353"}],"wp:attachment":[{"href":"https:\/\/pomello.ee\/fi\/wp-json\/wp\/v2\/media?parent=32386"}],"wp:term":[{"taxonomy":"product_brand","embeddable":true,"href":"https:\/\/pomello.ee\/fi\/wp-json\/wp\/v2\/product_brand?post=32386"},{"taxonomy":"product_cat","embeddable":true,"href":"https:\/\/pomello.ee\/fi\/wp-json\/wp\/v2\/product_cat?post=32386"},{"taxonomy":"product_tag","embeddable":true,"href":"https:\/\/pomello.ee\/fi\/wp-json\/wp\/v2\/product_tag?post=32386"}],"curies":[{"name":"wp","href":"https:\/\/api.w.org\/{rel}","templated":true}]}}