{"id":32439,"date":"2025-04-25T06:56:51","date_gmt":"2025-04-25T04:56:51","guid":{"rendered":"https:\/\/pomello.ee\/toode\/maxymova-goccia-bianca-repairing-cream-serum\/"},"modified":"2025-07-22T20:06:02","modified_gmt":"2025-07-22T18:06:02","slug":"maxymova-goccia-bianca-repairing-cream-serum","status":"publish","type":"product","link":"https:\/\/pomello.ee\/fi\/toode\/maxymova-goccia-bianca-repairing-cream-serum\/","title":{"rendered":"MAXYMOVA Goccia BIANCA Repairing Cream Serum"},"content":{"rendered":"<p class=\"\" data-start=\"1186\" data-end=\"1344\"><strong data-start=\"1186\" data-end=\"1201\">K\u00e4ytt\u00f6ohje:<\/strong><br data-start=\"1201\" data-end=\"1204\" \/>Levit\u00e4 puhtaille ripsille ja kulmille laminoinnin tai v\u00e4rj\u00e4yksen j\u00e4lkeen. Anna vaikuttaa 5 minuuttia. Poista ylim\u00e4\u00e4r\u00e4inen tuote vanulapulla.<\/p>\n<p class=\"\" data-start=\"1346\" data-end=\"1362\"><strong data-start=\"1346\" data-end=\"1362\">Tuotetiedot:<\/strong><\/p>\n<ul data-start=\"1363\" data-end=\"1472\">\n<li class=\"\" data-start=\"1363\" data-end=\"1412\">\n<p class=\"\" data-start=\"1365\" data-end=\"1412\">Ilmatiivis ja hygieeninen pumppupullo \u2013 15 ml<\/p>\n<\/li>\n<li class=\"\" data-start=\"1413\" data-end=\"1443\">\n<p class=\"\" data-start=\"1415\" data-end=\"1443\">Tarkka ja siisti annostelu<\/p>\n<\/li>\n<li class=\"\" data-start=\"1444\" data-end=\"1472\">\n<p class=\"\" data-start=\"1446\" data-end=\"1472\">Riitt\u00e4\u00e4 yli 60 k\u00e4sittelyyn<\/p>\n<\/li>\n<\/ul>\n<p class=\"\" data-start=\"1474\" data-end=\"1589\"><strong data-start=\"1474\" data-end=\"1503\">Vain ammattilaisk\u00e4ytt\u00f6\u00f6n.<\/strong><br data-start=\"1503\" data-end=\"1506\" \/>Vain ulkoiseen k\u00e4ytt\u00f6\u00f6n. S\u00e4ilyt\u00e4 lasten ulottumattomissa ja poissa l\u00e4mm\u00f6nl\u00e4hteist\u00e4.<\/p>\n","protected":false},"excerpt":{"rendered":"<h3 class=\"\" data-start=\"64\" data-end=\"132\"><strong data-start=\"68\" data-end=\"132\">MAXYMOVA GOCCIA BIANCA \u2013 Uudistava voide-seerumi ripsille ja kulmille<\/strong><\/h3>\n<p class=\"\" data-start=\"134\" data-end=\"269\"><strong data-start=\"134\" data-end=\"269\">Ylellinen j\u00e4lkihoito ammattilaisille \u2013 suunniteltu erityisesti k\u00e4ytett\u00e4v\u00e4ksi ripsien ja kulmien laminoinnin tai v\u00e4rj\u00e4yksen j\u00e4lkeen.<\/strong><\/p>\n<p class=\"\" data-start=\"271\" data-end=\"566\">GOCCIA BIANCA on ravitseva ja t\u00e4ytel\u00e4inen voide-seerumi, joka kosteuttaa, hoitaa ja silottaa ripsi\u00e4 ja kulmia kemiallisten k\u00e4sittelyjen j\u00e4lkeen. Tehokas yhdistelm\u00e4 kasvi\u00f6ljyj\u00e4, peptidej\u00e4, keramideja ja fermentoituja mineraaleja palauttaa karvojen luonnollisen pehmeyden, kiillon ja kimmoisuuden.<\/p>\n<p class=\"\" data-start=\"568\" data-end=\"752\">\ud83d\udca7 <strong data-start=\"571\" data-end=\"602\">Syv\u00e4kosteuttaa ja pehment\u00e4\u00e4<\/strong><br data-start=\"602\" data-end=\"605\" \/>\ud83d\udcaa <strong data-start=\"608\" data-end=\"639\">Vahvistaa karvan rakennetta<\/strong><br data-start=\"639\" data-end=\"642\" \/>\ud83c\udf3f <strong data-start=\"645\" data-end=\"693\">Sis\u00e4lt\u00e4\u00e4 luonnollisia \u00f6ljyj\u00e4 ja aminohappoja<\/strong><br data-start=\"693\" data-end=\"696\" \/>\u2728 <strong data-start=\"698\" data-end=\"752\">Terveemm\u00e4t ja sile\u00e4mm\u00e4t ripset ja kulmat n\u00e4kyv\u00e4sti<\/strong><\/p>\n<p class=\"\" data-start=\"754\" data-end=\"782\"><strong data-start=\"754\" data-end=\"782\">T\u00e4rkeimm\u00e4t ominaisuudet:<\/strong><\/p>\n<ul data-start=\"783\" data-end=\"1184\">\n<li class=\"\" data-start=\"783\" data-end=\"890\">\n<p class=\"\" data-start=\"785\" data-end=\"890\"><strong data-start=\"785\" data-end=\"808\">Aminohappokompleksi<\/strong> (arginiini ja asetyylikysteiini): kosteuttaa, suojaa ja tukee karvan rakennetta<\/p>\n<\/li>\n<li class=\"\" data-start=\"891\" data-end=\"988\">\n<p class=\"\" data-start=\"893\" data-end=\"988\"><strong data-start=\"893\" data-end=\"914\">Kasvi\u00f6ljysekoitus<\/strong> (sheavoi, jojoba\u00f6ljy, manteli\u00f6ljy): tarjoaa syv\u00e4\u00e4 ravintoa ja pehmeytt\u00e4<\/p>\n<\/li>\n<li class=\"\" data-start=\"989\" data-end=\"1076\">\n<p class=\"\" data-start=\"991\" data-end=\"1076\"><strong data-start=\"991\" data-end=\"1016\">Vahvistavat ainesosat<\/strong>: keramidi NP ja pentapeptidi-18 hoitavat ripsi\u00e4 ja kulmia<\/p>\n<\/li>\n<li class=\"\" data-start=\"1077\" data-end=\"1184\">\n<p class=\"\" data-start=\"1079\" data-end=\"1184\"><strong data-start=\"1079\" data-end=\"1113\">Fermentoitu mineraalikompleksi<\/strong>: magnesium, kupari, pii, sinkki ja rauta tukevat karvojen hyvinvointia<\/p>\n<\/li>\n<\/ul>\n","protected":false},"featured_media":32434,"comment_status":"open","ping_status":"closed","template":"","meta":{"_monsterinsights_skip_tracking":false,"_monsterinsights_sitenote_active":false,"_monsterinsights_sitenote_note":"","_monsterinsights_sitenote_category":0},"product_brand":[],"product_cat":[476,899,915,518,917,923,477,516,475],"product_tag":[],"class_list":{"0":"post-32439","1":"product","2":"type-product","3":"status-publish","4":"has-post-thumbnail","6":"product_cat-kulmakarvat","7":"product_cat-emulsiot-fi","8":"product_cat-esi-ja-jalkihoito","9":"product_cat-jalkihoito","10":"product_cat-jalkihoito-fi","11":"product_cat-jalkihoito-ja-kosteuttaminen","12":"product_cat-kulmien-laminointi","13":"product_cat-lash-lift-fi","14":"product_cat-ripset","15":"pa_brand-maxymova-fi","16":"pa_suurus-15-ml-fi","18":"first","19":"instock","20":"taxable","21":"shipping-taxable","22":"purchasable","23":"product-type-simple"},"_links":{"self":[{"href":"https:\/\/pomello.ee\/fi\/wp-json\/wp\/v2\/product\/32439","targetHints":{"allow":["GET"]}}],"collection":[{"href":"https:\/\/pomello.ee\/fi\/wp-json\/wp\/v2\/product"}],"about":[{"href":"https:\/\/pomello.ee\/fi\/wp-json\/wp\/v2\/types\/product"}],"replies":[{"embeddable":true,"href":"https:\/\/pomello.ee\/fi\/wp-json\/wp\/v2\/comments?post=32439"}],"wp:featuredmedia":[{"embeddable":true,"href":"https:\/\/pomello.ee\/fi\/wp-json\/wp\/v2\/media\/32434"}],"wp:attachment":[{"href":"https:\/\/pomello.ee\/fi\/wp-json\/wp\/v2\/media?parent=32439"}],"wp:term":[{"taxonomy":"product_brand","embeddable":true,"href":"https:\/\/pomello.ee\/fi\/wp-json\/wp\/v2\/product_brand?post=32439"},{"taxonomy":"product_cat","embeddable":true,"href":"https:\/\/pomello.ee\/fi\/wp-json\/wp\/v2\/product_cat?post=32439"},{"taxonomy":"product_tag","embeddable":true,"href":"https:\/\/pomello.ee\/fi\/wp-json\/wp\/v2\/product_tag?post=32439"}],"curies":[{"name":"wp","href":"https:\/\/api.w.org\/{rel}","templated":true}]}}