{"id":32461,"date":"2025-04-26T08:54:28","date_gmt":"2025-04-26T06:54:28","guid":{"rendered":"https:\/\/pomello.ee\/toode\/kulmakarvojen-mittauslanka-grid\/"},"modified":"2025-04-26T08:54:28","modified_gmt":"2025-04-26T06:54:28","slug":"kulmakarvojen-mittauslanka-grid","status":"publish","type":"product","link":"https:\/\/pomello.ee\/fi\/toode\/kulmakarvojen-mittauslanka-grid\/","title":{"rendered":"Kulmakarvojen mittauslanka Grid"},"content":{"rendered":"<p><strong>K\u00e4ytt\u00f6ohje:<\/strong><br \/>\nLanka on heti k\u00e4ytt\u00f6valmis. Jos muste alkaa levit\u00e4, lis\u00e4\u00e4 apuaineeseen hieman vett\u00e4 pipetilla.<br \/>\nSopiva k\u00e4ytt\u00f6aika on jopa 50 mittausta (k\u00e4yt\u00f6st\u00e4 riippuen).<\/p>\n<p><strong>S\u00e4ilytys:<\/strong><\/p>\n<ul>\n<li>\u00c4l\u00e4 altista suoralle auringonvalolle.<\/li>\n<li>Yli 23 \u00b0C:n l\u00e4mp\u00f6tilassa muste voi kuivua.<\/li>\n<li>V\u00e4lt\u00e4 s\u00e4ilytt\u00e4mist\u00e4 patterin tai muun l\u00e4mm\u00f6nl\u00e4hteen l\u00e4hell\u00e4.<\/li>\n<\/ul>\n<p>K\u00e4yt\u00e4nn\u00f6llinen, nopea ja tarkka ratkaisu kulmakarvojen mittaamiseen jokap\u00e4iv\u00e4isess\u00e4 ty\u00f6ss\u00e4!<\/p>\n","protected":false},"excerpt":{"rendered":"<p><strong>Kulmakarvojen mittauslanka \u2013 valkoinen<\/strong><\/p>\n<p>Innovatiivinen ty\u00f6kalu kulmakarvojen tarkkaan ja nopeaan mittaamiseen!<br \/>\nT\u00e4m\u00e4 valkoinen esik\u00e4sitelty lanka mahdollistaa tarkkojen viivojen piirt\u00e4misen k\u00e4si\u00e4si likaamatta \u2013 t\u00e4ydellinen ty\u00f6kalu sek\u00e4 aloittelijoille ett\u00e4 kokeneille kulmakarvataiteilijoille.<\/p>\n<p><strong>Miksi valita mittauslanka?<\/strong><\/p>\n<ul>\n<li>Yksinkertainen ja siisti tapa m\u00e4\u00e4ritell\u00e4 kulmakarvojen muoto<\/li>\n<li>Auttaa saavuttamaan symmetrisen ja oikean lopputuloksen<\/li>\n<li>Valkoinen s\u00e4vy n\u00e4ytt\u00e4\u00e4 upealta kaikilla ihons\u00e4vyill\u00e4<\/li>\n<\/ul>\n<p>Pakkaus sis\u00e4lt\u00e4\u00e4 my\u00f6s pienen pipetin, jolla voit lis\u00e4t\u00e4 vett\u00e4 lankaan \u2013 t\u00e4m\u00e4 aktivoi musteen uudelleen ja palauttaa v\u00e4rin intensiteetin, kunnes muste loppuu.<\/p>\n","protected":false},"featured_media":32459,"comment_status":"open","ping_status":"closed","template":"","meta":{"_monsterinsights_skip_tracking":false,"_monsterinsights_sitenote_active":false,"_monsterinsights_sitenote_note":"","_monsterinsights_sitenote_category":0},"product_brand":[],"product_cat":[476,511,541,540],"product_tag":[],"class_list":{"0":"post-32461","1":"product","2":"type-product","3":"status-publish","4":"has-post-thumbnail","6":"product_cat-kulmakarvat","7":"product_cat-kulmakarvojen-tarvikkeet","8":"product_cat-muut-tyokalut-fi","9":"product_cat-tarvikkeet","10":"pa_brand-pomello-fi","11":"pa_varv-valge-fi","13":"first","14":"outofstock","15":"taxable","16":"shipping-taxable","17":"purchasable","18":"product-type-simple"},"_links":{"self":[{"href":"https:\/\/pomello.ee\/fi\/wp-json\/wp\/v2\/product\/32461","targetHints":{"allow":["GET"]}}],"collection":[{"href":"https:\/\/pomello.ee\/fi\/wp-json\/wp\/v2\/product"}],"about":[{"href":"https:\/\/pomello.ee\/fi\/wp-json\/wp\/v2\/types\/product"}],"replies":[{"embeddable":true,"href":"https:\/\/pomello.ee\/fi\/wp-json\/wp\/v2\/comments?post=32461"}],"wp:featuredmedia":[{"embeddable":true,"href":"https:\/\/pomello.ee\/fi\/wp-json\/wp\/v2\/media\/32459"}],"wp:attachment":[{"href":"https:\/\/pomello.ee\/fi\/wp-json\/wp\/v2\/media?parent=32461"}],"wp:term":[{"taxonomy":"product_brand","embeddable":true,"href":"https:\/\/pomello.ee\/fi\/wp-json\/wp\/v2\/product_brand?post=32461"},{"taxonomy":"product_cat","embeddable":true,"href":"https:\/\/pomello.ee\/fi\/wp-json\/wp\/v2\/product_cat?post=32461"},{"taxonomy":"product_tag","embeddable":true,"href":"https:\/\/pomello.ee\/fi\/wp-json\/wp\/v2\/product_tag?post=32461"}],"curies":[{"name":"wp","href":"https:\/\/api.w.org\/{rel}","templated":true}]}}