{"id":32905,"date":"2025-05-10T06:27:01","date_gmt":"2025-05-10T04:27:01","guid":{"rendered":"https:\/\/pomello.ee\/toode\/noemi-brow-styling-kulmakarvageeli\/"},"modified":"2025-06-13T00:00:34","modified_gmt":"2025-06-12T22:00:34","slug":"noemi-brow-styling-kulmakarvageeli","status":"publish","type":"product","link":"https:\/\/pomello.ee\/fi\/toode\/noemi-brow-styling-kulmakarvageeli\/","title":{"rendered":"NOEMI Brow Styling kulmakarvageeli"},"content":{"rendered":"","protected":false},"excerpt":{"rendered":"<h3>NOEMI Brow Styling -kulmakarvageeli \u2013 T\u00e4ydellinen kiinnitys koko p\u00e4iv\u00e4ksi<\/h3>\n<p>Noemi Browm -kulmakarvageeli on t\u00e4ydellinen ratkaisu, jos haluat muotoillut, tuuheat ja pitk\u00e4kestoiset kulmakarvat.<br \/>\nSen innovatiivinen koostumus kiinnitt\u00e4\u00e4 kulmakarvat tukevasti ja j\u00e4tt\u00e4\u00e4 luonnollisen lopputuloksen \u2013 ilman tahmeutta tai j\u00e4ykkyytt\u00e4.<\/p>\n<p>K\u00e4tev\u00e4n, ripsiv\u00e4ri\u00e4 muistuttavan applikaattorin ansiosta geeli\u00e4 on helppo levitt\u00e4\u00e4 ja se on t\u00e4sm\u00e4lleen tasainen, halusitpa sitten luonnollisen lopputuloksen tai rohkeamman kulmakarvojen muodon.<\/p>\n<p>T\u00e4ydellinen:<br \/>\n\u2013 Kulmakarvojen v\u00e4rj\u00e4yksen viimeistelyyn<br \/>\n\u2013 Kulmakarvojen p\u00e4ivitt\u00e4iseen muotoiluun<\/p>\n<p>Noemi Browm -kulmakarvageeli varmistaa, ett\u00e4 kulmakarvasi pysyv\u00e4t t\u00e4ydellisin\u00e4 koko p\u00e4iv\u00e4n!<\/p>\n<p>Kun ostat 10 kappaletta tai enemm\u00e4n, tarjoamme alennuksen. Kirjoita toiveesi osoitteeseen info@pomello.ee.<\/p>\n","protected":false},"featured_media":32627,"comment_status":"open","ping_status":"closed","template":"","meta":{"_monsterinsights_skip_tracking":false,"_monsterinsights_sitenote_active":false,"_monsterinsights_sitenote_note":"","_monsterinsights_sitenote_category":0},"product_brand":[],"product_cat":[476,915,917,919],"product_tag":[],"class_list":{"0":"post-32905","1":"product","2":"type-product","3":"status-publish","4":"has-post-thumbnail","6":"product_cat-kulmakarvat","7":"product_cat-esi-ja-jalkihoito","8":"product_cat-jalkihoito-fi","9":"product_cat-kulmakarvojen-geelit-vahat","10":"pa_brand-noemi-fi","11":"pa_suurus-5-ml-fi","13":"first","14":"instock","15":"taxable","16":"shipping-taxable","17":"purchasable","18":"product-type-simple"},"_links":{"self":[{"href":"https:\/\/pomello.ee\/fi\/wp-json\/wp\/v2\/product\/32905","targetHints":{"allow":["GET"]}}],"collection":[{"href":"https:\/\/pomello.ee\/fi\/wp-json\/wp\/v2\/product"}],"about":[{"href":"https:\/\/pomello.ee\/fi\/wp-json\/wp\/v2\/types\/product"}],"replies":[{"embeddable":true,"href":"https:\/\/pomello.ee\/fi\/wp-json\/wp\/v2\/comments?post=32905"}],"wp:featuredmedia":[{"embeddable":true,"href":"https:\/\/pomello.ee\/fi\/wp-json\/wp\/v2\/media\/32627"}],"wp:attachment":[{"href":"https:\/\/pomello.ee\/fi\/wp-json\/wp\/v2\/media?parent=32905"}],"wp:term":[{"taxonomy":"product_brand","embeddable":true,"href":"https:\/\/pomello.ee\/fi\/wp-json\/wp\/v2\/product_brand?post=32905"},{"taxonomy":"product_cat","embeddable":true,"href":"https:\/\/pomello.ee\/fi\/wp-json\/wp\/v2\/product_cat?post=32905"},{"taxonomy":"product_tag","embeddable":true,"href":"https:\/\/pomello.ee\/fi\/wp-json\/wp\/v2\/product_tag?post=32905"}],"curies":[{"name":"wp","href":"https:\/\/api.w.org\/{rel}","templated":true}]}}