{"id":32907,"date":"2025-05-10T07:03:27","date_gmt":"2025-05-10T05:03:27","guid":{"rendered":"https:\/\/pomello.ee\/toode\/noemi-lifting-innovate-step-1-cysteamine\/"},"modified":"2026-02-13T20:12:07","modified_gmt":"2026-02-13T18:12:07","slug":"noemi-lifting-innovate-step-1-cysteamine","status":"publish","type":"product","link":"https:\/\/pomello.ee\/fi\/toode\/noemi-lifting-innovate-step-1-cysteamine\/","title":{"rendered":"NOEMI Lifting Innovate Step 1 Cysteamine"},"content":{"rendered":"<p>Kysteamiinihydrokloridi on uudemman sukupolven ainesosa, jota pidet\u00e4\u00e4n hell\u00e4varaisempana ja v\u00e4hemm\u00e4n \u00e4rsytt\u00e4v\u00e4n\u00e4 vaihtoehtona.<\/p>\n<p>Se ei sis\u00e4ll\u00e4 TGA:ta (ammoniumtioglykolaattia) tai ammoniakkia.<\/p>\n<p>Vahingoittaa turkkia v\u00e4hemm\u00e4n.<br \/>\nSopii paremmin herkille asiakkaille.<br \/>\nYll\u00e4pit\u00e4\u00e4 paremmin turkin kimmoisuutta ja terveytt\u00e4.<\/p>\n<div id=\"attachment_32633\" style=\"width: 914px\" class=\"wp-caption alignnone\"><img decoding=\"async\" aria-describedby=\"caption-attachment-32633\" class=\"wp-image-32633 size-full\" src=\"https:\/\/pomello.ee\/wp-content\/uploads\/2025\/05\/IMG_9D20A7290A12-1.jpeg\" alt=\"NOEMI TGA VS NEW INNOVATE Cysteamine\" width=\"904\" height=\"1280\" srcset=\"https:\/\/pomello.ee\/wp-content\/uploads\/2025\/05\/IMG_9D20A7290A12-1.jpeg 904w, https:\/\/pomello.ee\/wp-content\/uploads\/2025\/05\/IMG_9D20A7290A12-1-212x300.jpeg 212w, https:\/\/pomello.ee\/wp-content\/uploads\/2025\/05\/IMG_9D20A7290A12-1-723x1024.jpeg 723w, https:\/\/pomello.ee\/wp-content\/uploads\/2025\/05\/IMG_9D20A7290A12-1-768x1087.jpeg 768w, https:\/\/pomello.ee\/wp-content\/uploads\/2025\/05\/IMG_9D20A7290A12-1-100x142.jpeg 100w\" sizes=\"(max-width: 904px) 100vw, 904px\" \/><p id=\"caption-attachment-32633\" class=\"wp-caption-text\">NOEMI TGA VS NEW INNOVATE Cysteamine<\/p><\/div>\n","protected":false},"excerpt":{"rendered":"<h3>Noemi Lifting Innovate Step 1 \u2013 vallankumous hell\u00e4varaisessa laminoinnissa<\/h3>\n<p>Tutustu Noemin uusimpaan innovaatioon ripsien ja kulmakarvojen kohotuksen maailmassa! Innovate Step 1 on suunniteltu erityisesti herkille asiakkaille ja niille, jotka haluavat v\u00e4ltt\u00e4\u00e4 voimakkaita kemiallisia ainesosia.<\/p>\n<p>Miksi valita Noemi Step 1?<\/p>\n<p>Hell\u00e4varainen mutta tehokas koostumus kysteamiinilla (kysteamiinihydrokloridi)<br \/>\nKysteamiini on pehme\u00e4mpi ja tioglykoliton vaihtoehto, joka rasittaa hiusrakennetta v\u00e4hemm\u00e4n ja sopii my\u00f6s herkemm\u00e4lle iholle ja niille, jotka haluavat v\u00e4ltt\u00e4\u00e4 kemiallisesti aggressiivisia tuotteita.<\/p>\n<p>Ravitsevat ainesosat:<\/p>\n<p>Argan\u00f6ljy \u2013 joka tunnetaan nimell\u00e4 &#8221;nestem\u00e4inen kulta&#8221;, kosteuttaa ja vahvistaa hiuksia suojaamalla niit\u00e4 vaurioilta<\/p>\n<p>Sheavoi \u2013 ravitsee ja rauhoittaa sek\u00e4 ihoa ett\u00e4 hiuksia antaen niille pehmeytt\u00e4 ja kimmoisuutta<\/p>\n<p>Hydrolysoitu kollageeni, keratiini ja vehn\u00e4proteiini \u2013 vahvistavat hiusten rakennetta, parantavat kimmoisuutta ja antavat terveen kiillon<\/p>\n<p>Lis\u00e4hoitoa iholle ja hiuksille:<\/p>\n<p>Gentiana Scabra -juuriuute \u2013 rauhoittava ja antioksidanttinen vaikutus, suojaa ihoa ja hiuksia ymp\u00e4rist\u00f6n vaikutuksilta<\/p>\n<p>Stephania Tetrandra -uute \u2013 stimuloi verenkiertoa ja voi tukea hiusten kasvua<\/p>\n<p>Propyleeniglykoli, glyseriini, butyleeniglykoli \u2013 pit\u00e4v\u00e4t hiukset kosteutettuina ja kimmoisina<\/p>\n<p>VEGAANINEN<\/p>\n<p><strong>Vaikutusaika:<\/strong> 8\u201312 minuuttia ripsille ja kulmakarvoille<\/p>\n","protected":false},"featured_media":32638,"comment_status":"open","ping_status":"closed","template":"","meta":{"_monsterinsights_skip_tracking":false,"_monsterinsights_sitenote_active":false,"_monsterinsights_sitenote_note":"","_monsterinsights_sitenote_category":0},"product_brand":[],"product_cat":[476,899,517,1249,477,516,475],"product_tag":[],"class_list":{"0":"post-32907","1":"product","2":"type-product","3":"status-publish","4":"has-post-thumbnail","6":"product_cat-kulmakarvat","7":"product_cat-emulsiot-fi","8":"product_cat-emulsiot","9":"product_cat-korean-lash-lift-fi","10":"product_cat-kulmien-laminointi","11":"product_cat-lash-lift-fi","12":"product_cat-ripset","13":"pa_brand-noemi-fi","14":"pa_suurus-10-ml-fi","16":"first","17":"outofstock","18":"taxable","19":"shipping-taxable","20":"purchasable","21":"product-type-simple"},"_links":{"self":[{"href":"https:\/\/pomello.ee\/fi\/wp-json\/wp\/v2\/product\/32907","targetHints":{"allow":["GET"]}}],"collection":[{"href":"https:\/\/pomello.ee\/fi\/wp-json\/wp\/v2\/product"}],"about":[{"href":"https:\/\/pomello.ee\/fi\/wp-json\/wp\/v2\/types\/product"}],"replies":[{"embeddable":true,"href":"https:\/\/pomello.ee\/fi\/wp-json\/wp\/v2\/comments?post=32907"}],"wp:featuredmedia":[{"embeddable":true,"href":"https:\/\/pomello.ee\/fi\/wp-json\/wp\/v2\/media\/32638"}],"wp:attachment":[{"href":"https:\/\/pomello.ee\/fi\/wp-json\/wp\/v2\/media?parent=32907"}],"wp:term":[{"taxonomy":"product_brand","embeddable":true,"href":"https:\/\/pomello.ee\/fi\/wp-json\/wp\/v2\/product_brand?post=32907"},{"taxonomy":"product_cat","embeddable":true,"href":"https:\/\/pomello.ee\/fi\/wp-json\/wp\/v2\/product_cat?post=32907"},{"taxonomy":"product_tag","embeddable":true,"href":"https:\/\/pomello.ee\/fi\/wp-json\/wp\/v2\/product_tag?post=32907"}],"curies":[{"name":"wp","href":"https:\/\/api.w.org\/{rel}","templated":true}]}}