{"id":32909,"date":"2025-05-10T07:43:03","date_gmt":"2025-05-10T05:43:03","guid":{"rendered":"https:\/\/pomello.ee\/toode\/noemi-fixing-innovate-step-2\/"},"modified":"2026-02-13T20:12:07","modified_gmt":"2026-02-13T18:12:07","slug":"noemi-fixing-innovate-step-2","status":"publish","type":"product","link":"https:\/\/pomello.ee\/fi\/toode\/noemi-fixing-innovate-step-2\/","title":{"rendered":"NOEMI Fixing Innovate Step 2"},"content":{"rendered":"<p><strong>Innovate Step 1<\/strong> on erityisesti suunniteltu herkille asiakkaille ja niille, jotka haluavat v\u00e4ltt\u00e4\u00e4 kovia kemiallisia ainesosia. Sen hell\u00e4varainen mutta tehokas kysteamiinipohjainen koostumus antaa kohottavan vaikutuksen vahingoittamatta hiuksia.<\/p>\n<p><strong>Innovate Step 2<\/strong> t\u00e4ydent\u00e4\u00e4 t\u00e4t\u00e4 kokemusta t\u00e4ydellisesti \u2013 se on ainutlaatuinen kiinnitysemulsio, joka ei ainoastaan \u200b\u200blukitse ripsien ja kulmakarvojen uutta pitoa, vaan my\u00f6s tukee ja ravitsee niit\u00e4 rikkaan ja hoitavan koostumuksensa ansiosta.<\/p>\n<p data-start=\"451\" data-end=\"676\"><a href=\"https:\/\/pomello.ee\/fi\/toode\/noemi-brow-lash-argan-creme\/\"><strong data-start=\"79\" data-end=\"121\">Step 3 \u2013 NOEMI Brow &amp; Lash Argan Cr\u00e8me<\/strong><\/a><br data-start=\"121\" data-end=\"124\" \/>Noemi Argan Cr\u00e8me on t\u00e4ydellinen kolmas vaihe ripsien ja kulmakarvojen hoidossa. Sen ainutlaatuinen koostumus sis\u00e4lt\u00e4\u00e4 v\u00e4ltt\u00e4m\u00e4tt\u00f6mi\u00e4 vitamiineja, jotka tukevat karvojen terveytt\u00e4 ja ulkon\u00e4k\u00f6\u00e4. Se on erityisen t\u00e4rke\u00e4 ripsien kestoleikkauksen tai kulmakarvojen laminoinnin j\u00e4lkeen, <strong>sill\u00e4 se auttaa yll\u00e4pit\u00e4m\u00e4\u00e4n kosteustasapainoa, ravitsee hiuksia syv\u00e4lt\u00e4 ja ehk\u00e4isee kuivumista ja katkeilua.<\/strong><\/p>\n","protected":false},"excerpt":{"rendered":"<h3>Noemi Fixing Innovate Step 2<\/h3>\n<p>Noemin uusin tuote, Innovate Step 2, on ainutlaatuinen kiinnitysemulsio, joka ei ainoastaan \u200b\u200bkiinnit\u00e4 ripsi\u00e4 ja ripsiv\u00e4ri\u00e4 uudelle tasolle, vaan my\u00f6s tukee ja ravitsee niit\u00e4 rikkaiden, hoitavien ainesosien ansiosta.<\/p>\n<p>Vaikutus ja koostumus: kosteuttava ja kiinnitt\u00e4v\u00e4 samassa<\/p>\n<p>Polyquaternium-22 \u2013 silottaa hiusten pintaa, parantaa kammattavuutta ja j\u00e4tt\u00e4\u00e4 ne silkkisen pehmeiksi<br \/>\nGlyseriini \u2013 kosteuttaa tehokkaasti ja yll\u00e4pit\u00e4\u00e4 hiusten kimmoisuutta<br \/>\nLauriini-, myristiini-, palmitiini- ja steariinihappojen glyseridit \u2013 luonnollisia rasvahappoja, jotka pehment\u00e4v\u00e4t ja suojaavat<br \/>\nSetyyli- ja stearyylialkoholi \u2013 herkki\u00e4 rasva-alkoholeja, jotka silottavat hiusrakennetta ja auttavat s\u00e4ilytt\u00e4m\u00e4\u00e4n kosteuden<\/p>\n<p>Lis\u00e4tty arvokkaita hoitavia ainesosia:<\/p>\n<p>Argan\u00f6ljy \u2013 kosteuttaa, vahvistaa ja suojaa hiuksia kuivumiselta, antaen niille kauniin kiillon<\/p>\n<p>Japanilaisen kamelian kukkauute \u2013 antioksidanttisella vaikutuksella, rauhoittaa ihoa ja suojaa hiusrakennetta<\/p>\n<p>Lactobacillus Ferment \u2013 \u200b\u200b\u200b\u200bprobioottisen vaikutuksen omaava ainesosa, joka vahvistaa ihon suojakerrosta ja tukee tervett\u00e4 ymp\u00e4rist\u00f6\u00e4 hiusten kasvulle<\/p>\n<p>Miksi valita Noemi Innovate Step 2?<\/p>\n<p>Vahvistaa tuloksen pitk\u00e4ksi aikaa<br \/>\nTarjoaa syv\u00e4hoitoa ja suojaa samanaikaisesti<br \/>\nSopii herk\u00e4lle iholle<br \/>\nVegaaninen ja tietoinen valinta ammattilaisille<br \/>\n<strong>Vaikutusaika<\/strong>: 8\u201312 minuuttia<\/p>\n<p><strong>VEGAANINEN<\/strong><\/p>\n<p><strong>Enemm\u00e4n hoitoa, v\u00e4hemm\u00e4n stressi\u00e4 \u2013 tuloksena on terveemm\u00e4t ja kiilt\u00e4v\u00e4mm\u00e4t hiukset.<\/strong><\/p>\n","protected":false},"featured_media":32646,"comment_status":"open","ping_status":"closed","template":"","meta":{"_monsterinsights_skip_tracking":false,"_monsterinsights_sitenote_active":false,"_monsterinsights_sitenote_note":"","_monsterinsights_sitenote_category":0},"product_brand":[],"product_cat":[476,517,899,1249,477,516,475],"product_tag":[],"class_list":{"0":"post-32909","1":"product","2":"type-product","3":"status-publish","4":"has-post-thumbnail","6":"product_cat-kulmakarvat","7":"product_cat-emulsiot","8":"product_cat-emulsiot-fi","9":"product_cat-korean-lash-lift-fi","10":"product_cat-kulmien-laminointi","11":"product_cat-lash-lift-fi","12":"product_cat-ripset","13":"pa_brand-noemi-fi","14":"pa_suurus-10-ml-fi","16":"first","17":"instock","18":"taxable","19":"shipping-taxable","20":"purchasable","21":"product-type-simple"},"_links":{"self":[{"href":"https:\/\/pomello.ee\/fi\/wp-json\/wp\/v2\/product\/32909","targetHints":{"allow":["GET"]}}],"collection":[{"href":"https:\/\/pomello.ee\/fi\/wp-json\/wp\/v2\/product"}],"about":[{"href":"https:\/\/pomello.ee\/fi\/wp-json\/wp\/v2\/types\/product"}],"replies":[{"embeddable":true,"href":"https:\/\/pomello.ee\/fi\/wp-json\/wp\/v2\/comments?post=32909"}],"wp:featuredmedia":[{"embeddable":true,"href":"https:\/\/pomello.ee\/fi\/wp-json\/wp\/v2\/media\/32646"}],"wp:attachment":[{"href":"https:\/\/pomello.ee\/fi\/wp-json\/wp\/v2\/media?parent=32909"}],"wp:term":[{"taxonomy":"product_brand","embeddable":true,"href":"https:\/\/pomello.ee\/fi\/wp-json\/wp\/v2\/product_brand?post=32909"},{"taxonomy":"product_cat","embeddable":true,"href":"https:\/\/pomello.ee\/fi\/wp-json\/wp\/v2\/product_cat?post=32909"},{"taxonomy":"product_tag","embeddable":true,"href":"https:\/\/pomello.ee\/fi\/wp-json\/wp\/v2\/product_tag?post=32909"}],"curies":[{"name":"wp","href":"https:\/\/api.w.org\/{rel}","templated":true}]}}