{"id":32911,"date":"2025-05-15T07:09:12","date_gmt":"2025-05-15T05:09:12","guid":{"rendered":"https:\/\/pomello.ee\/toode\/bronsun-eyebrow-conditioner-50ml\/"},"modified":"2025-05-15T07:09:12","modified_gmt":"2025-05-15T05:09:12","slug":"bronsun-eyebrow-conditioner-50ml","status":"publish","type":"product","link":"https:\/\/pomello.ee\/fi\/toode\/bronsun-eyebrow-conditioner-50ml\/","title":{"rendered":"BRONSUN Eyebrow Conditioner 50ml"},"content":{"rendered":"<p><strong>K\u00c4YTT\u00d6OHJEET<\/strong><\/p>\n<p>Poista henna tai kulmakarvav\u00e4ri, levit\u00e4 balsamia kosteille kulmakarvoille ja hiero niit\u00e4 hell\u00e4varaisesti py\u00f6rivin liikkein noin 30 sekunnin ajan.<\/p>\n<p>Pyyhi sitten kulmakarvat puhtaiksi kostealla vanulapulla.<\/p>\n<p><strong>S\u00c4ILYTYSOLOSUHTEET<\/strong><\/p>\n<p>S\u00e4ilyt\u00e4 +5\u2013+25 \u00b0C:n l\u00e4mp\u00f6tilassa, poissa l\u00e4mm\u00f6st\u00e4 ja suorasta auringonvalosta.<\/p>\n<p><strong>VAROITUS<\/strong><\/p>\n<p>V\u00e4lt\u00e4 kosketusta silmiin. Jos tuotetta joutuu silmiin, huuhtele v\u00e4litt\u00f6m\u00e4sti runsaalla vedell\u00e4.<\/p>\n<p>S\u00e4ilyt\u00e4 lasten ulottumattomissa.<\/p>\n<p>\u00c4l\u00e4 k\u00e4yt\u00e4 viimeisen k\u00e4ytt\u00f6p\u00e4iv\u00e4m\u00e4\u00e4r\u00e4n j\u00e4lkeen.<\/p>\n<p>K\u00e4yt\u00e4 vain aiottuun tarkoitukseen. Vain ulkoiseen k\u00e4ytt\u00f6\u00f6n.<\/p>\n<p>S\u00e4ilyvyysaika ennen avaamista: 36 kuukautta valmistusp\u00e4iv\u00e4st\u00e4<\/p>\n<p>S\u00e4ilyvyysaika avaamisen j\u00e4lkeen: 12 kuukautta<br \/>\nRiitt\u00e4\u00e4 noin 420 k\u00e4sittelykertaan<\/p>\n","protected":false},"excerpt":{"rendered":"<h3>Kulmakarvojen hoitoaine \/ Eyebrow Conditioner<\/h3>\n<p>Hell\u00e4varainen hoitoaine, joka puhdistaa kulmakarvat v\u00e4rij\u00e4\u00e4mist\u00e4 ja auttaa s\u00e4ilytt\u00e4m\u00e4\u00e4n syv\u00e4n ja intensiivisen v\u00e4ris\u00e4vyn.<br \/>\nHieman happaman pH-arvonsa ansiosta se tasapainottaa ihon v\u00e4ris\u00e4vy\u00e4, pys\u00e4ytt\u00e4\u00e4 v\u00e4rin kemiallisen vaikutuksen ja auttaa est\u00e4m\u00e4\u00e4n hiusten tummumista tai ei-toivottua v\u00e4rinmuutosta toimenpiteen j\u00e4lkeen.<\/p>\n<p><strong>Vaikutukset ja hy\u00f6dyt:<\/strong><\/p>\n<p>Puhdistaa hell\u00e4varaisesti v\u00e4rij\u00e4\u00e4m\u00e4t<\/p>\n<p>Stabiloi ihon ja kulmakarvojen v\u00e4rin<\/p>\n<p>Ehk\u00e4isee v\u00e4rinmuutoksia v\u00e4rj\u00e4yksen j\u00e4lkeen<\/p>\n<p>Kosteuttaa ja hoitaa hiuksia<\/p>\n<p>Ravitsevat ainesosat:<\/p>\n<p>Viiniryp\u00e4leen siemen\u00f6ljy &#8211; parantaa hiusten ja ihon kuntoa, auttaa s\u00e4ilytt\u00e4m\u00e4\u00e4n kosteuden hiuksissa<\/p>\n<p>Vehn\u00e4proteiinit &#8211; luovat suojaavan kerroksen, silottavat hiusten pintaa ja pit\u00e4v\u00e4t ne pehmein\u00e4<\/p>\n<p><strong>\ud83d\udca7 Ihanteellinen vaihe kulmakarvojen v\u00e4rj\u00e4yksen j\u00e4lkeen kest\u00e4v\u00e4n ja kauniin tuloksen varmistamiseksi<\/strong><\/p>\n","protected":false},"featured_media":32736,"comment_status":"open","ping_status":"closed","template":"","meta":{"_monsterinsights_skip_tracking":false,"_monsterinsights_sitenote_active":false,"_monsterinsights_sitenote_note":"","_monsterinsights_sitenote_category":0},"product_brand":[],"product_cat":[476,915,917,479,903],"product_tag":[],"class_list":{"0":"post-32911","1":"product","2":"type-product","3":"status-publish","4":"has-post-thumbnail","6":"product_cat-kulmakarvat","7":"product_cat-esi-ja-jalkihoito","8":"product_cat-jalkihoito-fi","9":"product_cat-ripsien-ja-kulmakarvojen-varit-fi","10":"product_cat-varinpoisto","11":"pa_brand-bronsun-fi","12":"pa_suurus-50-ml-fi","14":"first","15":"outofstock","16":"taxable","17":"shipping-taxable","18":"purchasable","19":"product-type-simple"},"_links":{"self":[{"href":"https:\/\/pomello.ee\/fi\/wp-json\/wp\/v2\/product\/32911","targetHints":{"allow":["GET"]}}],"collection":[{"href":"https:\/\/pomello.ee\/fi\/wp-json\/wp\/v2\/product"}],"about":[{"href":"https:\/\/pomello.ee\/fi\/wp-json\/wp\/v2\/types\/product"}],"replies":[{"embeddable":true,"href":"https:\/\/pomello.ee\/fi\/wp-json\/wp\/v2\/comments?post=32911"}],"wp:featuredmedia":[{"embeddable":true,"href":"https:\/\/pomello.ee\/fi\/wp-json\/wp\/v2\/media\/32736"}],"wp:attachment":[{"href":"https:\/\/pomello.ee\/fi\/wp-json\/wp\/v2\/media?parent=32911"}],"wp:term":[{"taxonomy":"product_brand","embeddable":true,"href":"https:\/\/pomello.ee\/fi\/wp-json\/wp\/v2\/product_brand?post=32911"},{"taxonomy":"product_cat","embeddable":true,"href":"https:\/\/pomello.ee\/fi\/wp-json\/wp\/v2\/product_cat?post=32911"},{"taxonomy":"product_tag","embeddable":true,"href":"https:\/\/pomello.ee\/fi\/wp-json\/wp\/v2\/product_tag?post=32911"}],"curies":[{"name":"wp","href":"https:\/\/api.w.org\/{rel}","templated":true}]}}