{"id":32915,"date":"2025-05-19T07:34:23","date_gmt":"2025-05-19T05:34:23","guid":{"rendered":"https:\/\/pomello.ee\/toode\/silikonityynyt-uv-suojaa-varten\/"},"modified":"2025-05-19T07:34:23","modified_gmt":"2025-05-19T05:34:23","slug":"silikonityynyt-uv-suojaa-varten","status":"publish","type":"product","link":"https:\/\/pomello.ee\/fi\/toode\/silikonityynyt-uv-suojaa-varten\/","title":{"rendered":"Silikonityynyt UV-suojaa varten"},"content":{"rendered":"<p><strong>K\u00e4ytt\u00f6ohjeet:<\/strong><\/p>\n<p>Aseta silikonityynyt alaripsiin niin, ett\u00e4 ne peitt\u00e4v\u00e4t silm\u00e4nymp\u00e4rysihon. K\u00e4yt\u00e4 tarvittaessa mustia silikonityynyj\u00e4 alaripsiin tai mustaa geelityyny\u00e4.<\/p>\n<p>Puhdista tyynyt k\u00e4yt\u00f6n j\u00e4lkeen vedell\u00e4.<\/p>\n<p>Kuivaa ja s\u00e4ilyt\u00e4 seuraavaan k\u00e4ytt\u00f6kertaan asti.<\/p>\n","protected":false},"excerpt":{"rendered":"<h3>Silikonityynyt UV-suojaan &#8211; ammattimainen suoja ripsienpidennysten kiinnitt\u00e4miseen<\/h3>\n<p>Silikonityynyt ovat uudelleenk\u00e4ytett\u00e4vi\u00e4, pehmeit\u00e4 ja silikonisia silm\u00e4tyynyj\u00e4, jotka tarjoavat t\u00e4ydellisen suojan UV-lampun valolta ty\u00f6skennelt\u00e4ess\u00e4 ripsienpidennysten tai UV-liiman kanssa.<\/p>\n<p>Suunniteltu ammattik\u00e4ytt\u00f6\u00f6n, ihanteellinen peitt\u00e4m\u00e4\u00e4n alaripset ja suojaamaan silm\u00e4nymp\u00e4rysihoa toimenpiteen aikana.<\/p>\n<p><strong>Ominaisuudet:<\/strong><\/p>\n<p>100 % UV-suoja &#8211; suojaa silm\u00e4\u00e4 UV-lampun vaikutuksilta<br \/>\nUudelleenk\u00e4ytett\u00e4v\u00e4 &#8211; helppo puhdistaa ja k\u00e4ytt\u00e4\u00e4 uudelleen<br \/>\nPehme\u00e4 silikonimateriaali &#8211; varmistaa mukavuuden my\u00f6s herk\u00e4lle iholle<br \/>\nVahva tarttuvuus &#8211; pysyy tukevasti paikallaan koko toimenpiteen ajan<br \/>\nSuojaa alaripsi\u00e4 ja silm\u00e4nymp\u00e4rysihoa<br \/>\nIhanteellinen ripsienpidennysten kiinnitt\u00e4miseen UV-liimalla, jos haluat tarjota asiakkaallesi mukavuutta ja t\u00e4ydellisen suojan!<\/p>\n<p>2 kpl:n setti<\/p>\n","protected":false},"featured_media":32767,"comment_status":"open","ping_status":"closed","template":"","meta":{"_monsterinsights_skip_tracking":false,"_monsterinsights_sitenote_active":false,"_monsterinsights_sitenote_note":"","_monsterinsights_sitenote_category":0},"product_brand":[],"product_cat":[475,521,546],"product_tag":[],"class_list":{"0":"post-32915","1":"product","2":"type-product","3":"status-publish","4":"has-post-thumbnail","6":"product_cat-ripset","7":"product_cat-silikonityynyt","8":"product_cat-ripsien-tarvikkeet","9":"pa_brand-pomello-fi","11":"first","12":"instock","13":"taxable","14":"shipping-taxable","15":"purchasable","16":"product-type-simple"},"_links":{"self":[{"href":"https:\/\/pomello.ee\/fi\/wp-json\/wp\/v2\/product\/32915","targetHints":{"allow":["GET"]}}],"collection":[{"href":"https:\/\/pomello.ee\/fi\/wp-json\/wp\/v2\/product"}],"about":[{"href":"https:\/\/pomello.ee\/fi\/wp-json\/wp\/v2\/types\/product"}],"replies":[{"embeddable":true,"href":"https:\/\/pomello.ee\/fi\/wp-json\/wp\/v2\/comments?post=32915"}],"wp:featuredmedia":[{"embeddable":true,"href":"https:\/\/pomello.ee\/fi\/wp-json\/wp\/v2\/media\/32767"}],"wp:attachment":[{"href":"https:\/\/pomello.ee\/fi\/wp-json\/wp\/v2\/media?parent=32915"}],"wp:term":[{"taxonomy":"product_brand","embeddable":true,"href":"https:\/\/pomello.ee\/fi\/wp-json\/wp\/v2\/product_brand?post=32915"},{"taxonomy":"product_cat","embeddable":true,"href":"https:\/\/pomello.ee\/fi\/wp-json\/wp\/v2\/product_cat?post=32915"},{"taxonomy":"product_tag","embeddable":true,"href":"https:\/\/pomello.ee\/fi\/wp-json\/wp\/v2\/product_tag?post=32915"}],"curies":[{"name":"wp","href":"https:\/\/api.w.org\/{rel}","templated":true}]}}