{"id":32917,"date":"2025-06-02T07:59:19","date_gmt":"2025-06-02T05:59:19","guid":{"rendered":"https:\/\/pomello.ee\/toode\/maxymova-discovery-supreme-lamination-kit\/"},"modified":"2025-06-25T08:15:33","modified_gmt":"2025-06-25T06:15:33","slug":"maxymova-discovery-supreme-lamination-kit","status":"publish","type":"product","link":"https:\/\/pomello.ee\/fi\/toode\/maxymova-discovery-supreme-lamination-kit\/","title":{"rendered":"MAXYMOVA Discovery Supreme Lamination KIT"},"content":{"rendered":"<p><strong>K\u00e4ytt\u00f6ohjeet \u2013 Kulmakarvojen laminointi:<\/strong><br \/>\nVaihe 1: Levit\u00e4 Step 1 LIFT -tuotetta kulmakarvoihin ja anna vaikuttaa 4\u201312 minuuttia karvatyypist\u00e4 riippuen. Poista kuivilla vanupuikoilla.<\/p>\n<p>Vaihe 2: Levit\u00e4 Step 2 FIX -tuotetta kulmakarvoihin ja anna vaikuttaa 7\u20138 minuuttia. Poista kuivilla vanupuikoilla.<\/p>\n<p>Jos aiot v\u00e4rj\u00e4t\u00e4 kulmakarvasi, tee se nyt.<\/p>\n<p>K\u00e4yt\u00e4 Goccia Restorative Serumia \u2013 se vahvistaa, kosteuttaa ja antaa kiiltoa. V\u00e4rj\u00e4yksen j\u00e4lkeen levit\u00e4 muutama tippa ja anna vaikuttaa 5 minuuttia. Puhdista sitten kuivalla vanupuikolla.<\/p>\n<p>Viimeistele toimenpide Lash &amp; Brow Cocktail Serumilla \u2013 levit\u00e4 siveltimell\u00e4 ja anna vaikuttaa (\u00e4l\u00e4 huuhtele).<\/p>\n<p><strong>K\u00e4ytt\u00f6ohjeet \u2013 Ripsien laminointi:<\/strong><br \/>\nVaihe 1: Levit\u00e4 Step 1 LIFT -tuotetta ripsiin 6\u201312 minuuttia (tiheydest\u00e4 riippuen). Aloita 0,5\u20132 mm tyvest\u00e4 ja peit\u00e4 30\u201360 % ripsien korkeudesta. Poista kuivilla vanupuikoilla.<\/p>\n<p>Vaihe 2: Levit\u00e4 Step 2 FIX samalle alueelle ja anna vaikuttaa 8 minuuttia.<\/p>\n<p>Voit halutessasi v\u00e4rj\u00e4t\u00e4 ripsi\u00e4 (v\u00e4ri ei sis\u00e4lly hintaan).<\/p>\n<p>K\u00e4yt\u00e4 Goccia Restorative Serum -seerumia \u2013 se vahvistaa, kosteuttaa ja lis\u00e4\u00e4 kiiltoa. V\u00e4rj\u00e4yksen j\u00e4lkeen levit\u00e4 muutama tippa ja anna vaikuttaa 5 minuuttia. Puhdista sitten kuivalla vanulapulla.<\/p>\n<p>Viimeistele toimenpide Lash &amp; Brow Cocktail -seerumilla \u2013 palauttaa ja suojaa karvoja, antaa kimmoisuutta ja kosteutta. \u00c4l\u00e4 huuhtele.<\/p>\n<p>MAXYMOVA Discovery Kit on ihanteellinen ratkaisu palvelun kokeilemiseen tai esittelyyn asiakkaille \u2013 ammattimaisia \u200b\u200btuloksia kompaktissa ja k\u00e4tev\u00e4ss\u00e4 muodossa!<\/p>\n<p>\ud83d\udce6 Sertifioitu, korkealaatuinen, hygieeninen.<\/p>\n<p>\ud83d\udc9b Ehdoton hankinta jokaiselle ripsi- ja kulmakarvaspesialistille!<\/p>\n","protected":false},"excerpt":{"rendered":"<h3>MAXYMOVA Lamination Supreme Discovery Kit<\/h3>\n<p><strong>Ihanteellinen valinta, jos haluat kokeilla Supreme-ripsien ja kulmakarvojen laminointiemulsioita!<\/strong><\/p>\n<p>MAXYMOVA Lamination Supreme Discovery Kit sis\u00e4lt\u00e4\u00e4 kaikki tarvittavat vaiheet asiakkaasi ripsien ja kulmakarvojen ammattimaiseen laminointiin \u2013 k\u00e4yt\u00e4nn\u00f6llisess\u00e4 kertak\u00e4ytt\u00f6pakkauksessa, joka takaa maksimaalisen hygienian ja raikkauden jokaisella k\u00e4ytt\u00f6kerralla.<\/p>\n<p><strong>Pakkauksen sis\u00e4lt\u00f6:<\/strong><\/p>\n<p>1 x 1,5 ml Vaihe 1 LIFT SUPREME MAXYMOVA\u00ae<\/p>\n<p>1 x 1,5 ml Vaihe 2 FIX SUPREME MAXYMOVA\u00ae<\/p>\n<p>1 x 3 ml GOCCIA BLUE DIAMOND -palauttava seerumi<\/p>\n<p>1 x 1,5 ml LASH &amp; BROW COCKTAIL (Vaihe 3)<\/p>\n<p>Kaikki osat ovat kertak\u00e4ytt\u00f6isiss\u00e4 annospusseissa, mik\u00e4 varmistaa parhaan mahdollisen hygieniatason ja tuotteen s\u00e4ilyvyyden. Jaettu noin 4\u20136 k\u00e4sittelykertaan.<\/p>\n<p>Tuotteet on kehitetty yhteisty\u00f6ss\u00e4 parhaiden italialaisten ripsimestareiden kanssa, ja ne sopivat t\u00e4ydellisesti sek\u00e4 ripsien ett\u00e4 kulmakarvojen hoitoon.<\/p>\n","protected":false},"featured_media":32886,"comment_status":"open","ping_status":"closed","template":"","meta":{"_monsterinsights_skip_tracking":false,"_monsterinsights_sitenote_active":false,"_monsterinsights_sitenote_note":"","_monsterinsights_sitenote_category":0},"product_brand":[],"product_cat":[476,517,899,1249,477,516,1206,475],"product_tag":[],"class_list":{"0":"post-32917","1":"product","2":"type-product","3":"status-publish","4":"has-post-thumbnail","6":"product_cat-kulmakarvat","7":"product_cat-emulsiot","8":"product_cat-emulsiot-fi","9":"product_cat-korean-lash-lift-fi","10":"product_cat-kulmien-laminointi","11":"product_cat-lash-lift-fi","12":"product_cat-lash-lift-laminointisetit","13":"product_cat-ripset","14":"pa_brand-maxymova-fi","16":"first","17":"instock","18":"taxable","19":"shipping-taxable","20":"purchasable","21":"product-type-simple"},"_links":{"self":[{"href":"https:\/\/pomello.ee\/fi\/wp-json\/wp\/v2\/product\/32917","targetHints":{"allow":["GET"]}}],"collection":[{"href":"https:\/\/pomello.ee\/fi\/wp-json\/wp\/v2\/product"}],"about":[{"href":"https:\/\/pomello.ee\/fi\/wp-json\/wp\/v2\/types\/product"}],"replies":[{"embeddable":true,"href":"https:\/\/pomello.ee\/fi\/wp-json\/wp\/v2\/comments?post=32917"}],"wp:featuredmedia":[{"embeddable":true,"href":"https:\/\/pomello.ee\/fi\/wp-json\/wp\/v2\/media\/32886"}],"wp:attachment":[{"href":"https:\/\/pomello.ee\/fi\/wp-json\/wp\/v2\/media?parent=32917"}],"wp:term":[{"taxonomy":"product_brand","embeddable":true,"href":"https:\/\/pomello.ee\/fi\/wp-json\/wp\/v2\/product_brand?post=32917"},{"taxonomy":"product_cat","embeddable":true,"href":"https:\/\/pomello.ee\/fi\/wp-json\/wp\/v2\/product_cat?post=32917"},{"taxonomy":"product_tag","embeddable":true,"href":"https:\/\/pomello.ee\/fi\/wp-json\/wp\/v2\/product_tag?post=32917"}],"curies":[{"name":"wp","href":"https:\/\/api.w.org\/{rel}","templated":true}]}}