{"id":33121,"date":"2025-06-16T08:54:36","date_gmt":"2025-06-16T06:54:36","guid":{"rendered":"https:\/\/pomello.ee\/toode\/italwax-raspberry-flex-wax-tin-800ml\/"},"modified":"2025-06-16T08:54:36","modified_gmt":"2025-06-16T06:54:36","slug":"italwax-raspberry-flex-wax-tin-800ml","status":"publish","type":"product","link":"https:\/\/pomello.ee\/fi\/toode\/italwax-raspberry-flex-wax-tin-800ml\/","title":{"rendered":"ITALWAX Raspberry Flex Wax Tin 800ml"},"content":{"rendered":"<p data-sourcepos=\"3:1-3:49\"><strong>Flex-purkkivahan ainutlaatuiset ominaisuudet:<\/strong><\/p>\n<p data-sourcepos=\"5:1-5:304\">Flex-vaha on synteettisten ja luonnollisten hartsimien sek\u00e4 innovatiivisten komponenttien yhdistelm\u00e4, mik\u00e4 antaa vahalle erityisominaisuuksia. T\u00e4m\u00e4 vaha tunnetaan poikkeuksellisesta elastisuudestaan, jonka ansiosta sit\u00e4 voidaan levitt\u00e4\u00e4 suurille alueille eritt\u00e4in ohuena ja tasaisena kerroksena lastalla.<\/p>\n<p data-sourcepos=\"7:1-7:25\"><strong>Tehokas karvanpoisto:<\/strong><\/p>\n<p data-sourcepos=\"9:1-9:307\">Vahan j\u00e4hmettyess\u00e4 se muodostaa ohuen kalvon, joka kiinnitt\u00e4\u00e4 kaikki karvat (erityisesti lastalla ty\u00f6skennelt\u00e4ess\u00e4) ja varmistaa vahvan tarttuvuuden depilaatiopaperiin. Ei j\u00e4t\u00e4 ihoa tahmeaksi ja takaa 100 % karvanpoiston ensimm\u00e4isell\u00e4 kerralla, rikkomatta karvoja. Ihanteellinen k\u00e4ytett\u00e4v\u00e4ksi lastan kanssa.<\/p>\n<p data-sourcepos=\"11:1-11:20\"><strong>Ammattik\u00e4ytt\u00f6\u00f6n:<\/strong><\/p>\n<ul data-sourcepos=\"13:1-19:0\">\n<li data-sourcepos=\"13:1-13:18\">Levit\u00e4 lastalla.<\/li>\n<li data-sourcepos=\"14:1-14:87\">Kuumenna vahapurkki ammattimaisessa vahanl\u00e4mmittimess\u00e4. Sulamisl\u00e4mp\u00f6tila on 37-39 \u00b0C.<\/li>\n<li data-sourcepos=\"15:1-15:101\">Sekoita vahaa ajoittain, tarkkaillen sen koostumusta. K\u00e4ytt\u00f6valmiin vahan ei pid\u00e4 olla nestem\u00e4ist\u00e4.<\/li>\n<li data-sourcepos=\"16:1-16:57\">Pid\u00e4 l\u00e4mmitin l\u00e4hell\u00e4 hoitop\u00f6yt\u00e4\u00e4 sotkun v\u00e4ltt\u00e4miseksi.<\/li>\n<li data-sourcepos=\"17:1-17:43\">Ole varovainen, vaha voi tippua lastasta!<\/li>\n<li data-sourcepos=\"18:1-19:0\">Levit\u00e4 vahaa samalle alueelle enint\u00e4\u00e4n 2 kertaa.<\/li>\n<\/ul>\n<p data-sourcepos=\"20:1-20:17\"><strong>K\u00e4ytt\u00f6ohjeet:<\/strong><\/p>\n<ul data-sourcepos=\"22:1-29:0\">\n<li data-sourcepos=\"22:1-22:57\">K\u00e4sittele iho esivahaloidella ja tarvittaessa talkilla.<\/li>\n<li data-sourcepos=\"23:1-23:21\">Ota vahaa lastalla.<\/li>\n<li data-sourcepos=\"24:1-24:58\">Levit\u00e4 nopeasti ohut kerros vahaa karvankasvun suuntaan.<\/li>\n<li data-sourcepos=\"25:1-25:63\">Aseta vahapaperiliuska vahan p\u00e4\u00e4lle, j\u00e4tt\u00e4en reunan vapaaksi.<\/li>\n<li data-sourcepos=\"26:1-26:36\">Paina liuska tiukasti ihoa vasten.<\/li>\n<li data-sourcepos=\"27:1-27:90\">Tartu liuskan reunaan ja ved\u00e4 se karvankasvun vastakkaiseen suuntaan, ihon suuntaisesti.<\/li>\n<li data-sourcepos=\"28:1-29:0\">Poista vahan j\u00e4\u00e4m\u00e4t toimenpiteen j\u00e4lkeen depilaation j\u00e4lkeisell\u00e4 \u00f6ljyll\u00e4.<\/li>\n<\/ul>\n<p data-sourcepos=\"30:1-30:17\"><strong>Vasta-aiheet:<\/strong><\/p>\n<ul data-sourcepos=\"32:1-34:0\">\n<li data-sourcepos=\"32:1-32:55\">Akuutit ja krooniset ihosairaudet depilaatioalueella.<\/li>\n<li data-sourcepos=\"33:1-34:0\">Suonikohjut hoitoalueella.<\/li>\n<\/ul>\n<p data-sourcepos=\"35:1-35:117\"><strong>T\u00e4rke\u00e4 huomautus:<\/strong>\u00a0Vain ammattik\u00e4ytt\u00f6\u00f6n! Lue huolellisesti kaikki tuotteen etiketiss\u00e4 olevat ohjeet ennen k\u00e4ytt\u00f6\u00e4.<\/p>\n","protected":false},"excerpt":{"rendered":"<p data-sourcepos=\"3:1-3:68\"><strong>ITALWAX Raspberry Flex Wax Tin \u2013 Koe ammattimainen karvanpoisto<\/strong><\/p>\n<p data-sourcepos=\"5:1-5:332\">Koe ammattimainen karvanpoisto Flex-vahalla, jossa yhdistyv\u00e4t keskitason tiheys, titaanidioksidi ja kirkas fuksian s\u00e4vy. T\u00e4m\u00e4 vaha on suunniteltu poistamaan kaikki karvat, jopa lyhyimm\u00e4t, taaten t\u00e4ydellisen sile\u00e4n lopputuloksen. Vahan geelim\u00e4inen rakenne on selke\u00e4sti n\u00e4kyviss\u00e4 iholla, mik\u00e4 tekee toimenpiteest\u00e4 tarkan ja tehokkaan.<\/p>\n<p data-sourcepos=\"7:1-7:26\"><strong>Nauti aromaterapiasta:<\/strong><\/p>\n<p data-sourcepos=\"9:1-9:152\">Vahan runsas vadelman tuoksu muuttaa karvanpoiston nautinnolliseksi aromaterapiakokemukseksi, kohottaen mielialaa ja tehden toimenpiteest\u00e4 miellytt\u00e4v\u00e4n.<\/p>\n","protected":false},"featured_media":33119,"comment_status":"open","ping_status":"closed","template":"","meta":{"_monsterinsights_skip_tracking":false,"_monsterinsights_sitenote_active":false,"_monsterinsights_sitenote_note":"","_monsterinsights_sitenote_category":0},"product_brand":[],"product_cat":[507,555],"product_tag":[],"class_list":{"0":"post-33121","1":"product","2":"type-product","3":"status-publish","4":"has-post-thumbnail","6":"product_cat-karvanpoisto","7":"product_cat-vahat","8":"pa_brand-italwax-fi","9":"pa_varv-800-ml-fi","11":"first","12":"instock","13":"taxable","14":"shipping-taxable","15":"purchasable","16":"product-type-simple"},"_links":{"self":[{"href":"https:\/\/pomello.ee\/fi\/wp-json\/wp\/v2\/product\/33121","targetHints":{"allow":["GET"]}}],"collection":[{"href":"https:\/\/pomello.ee\/fi\/wp-json\/wp\/v2\/product"}],"about":[{"href":"https:\/\/pomello.ee\/fi\/wp-json\/wp\/v2\/types\/product"}],"replies":[{"embeddable":true,"href":"https:\/\/pomello.ee\/fi\/wp-json\/wp\/v2\/comments?post=33121"}],"wp:featuredmedia":[{"embeddable":true,"href":"https:\/\/pomello.ee\/fi\/wp-json\/wp\/v2\/media\/33119"}],"wp:attachment":[{"href":"https:\/\/pomello.ee\/fi\/wp-json\/wp\/v2\/media?parent=33121"}],"wp:term":[{"taxonomy":"product_brand","embeddable":true,"href":"https:\/\/pomello.ee\/fi\/wp-json\/wp\/v2\/product_brand?post=33121"},{"taxonomy":"product_cat","embeddable":true,"href":"https:\/\/pomello.ee\/fi\/wp-json\/wp\/v2\/product_cat?post=33121"},{"taxonomy":"product_tag","embeddable":true,"href":"https:\/\/pomello.ee\/fi\/wp-json\/wp\/v2\/product_tag?post=33121"}],"curies":[{"name":"wp","href":"https:\/\/api.w.org\/{rel}","templated":true}]}}