{"id":33453,"date":"2025-07-11T19:25:39","date_gmt":"2025-07-11T17:25:39","guid":{"rendered":"https:\/\/pomello.ee\/toode\/maxymova-puhdistusvaahto-50ml\/"},"modified":"2025-07-11T19:25:39","modified_gmt":"2025-07-11T17:25:39","slug":"maxymova-puhdistusvaahto-50ml","status":"publish","type":"product","link":"https:\/\/pomello.ee\/fi\/toode\/maxymova-puhdistusvaahto-50ml\/","title":{"rendered":"MAXYMOVA Puhdistusvaahto 50ml"},"content":{"rendered":"<p><strong>Ohjeet<\/strong><\/p>\n<p><strong>Kotik\u00e4ytt\u00f6\u00f6n:<\/strong><br \/>\nPoista piilolinssit ja pese k\u00e4det.<br \/>\nRavista pulloa ennen k\u00e4ytt\u00f6\u00e4 ja pumppaa 2\u20133 pumppausta vaahtoa.<br \/>\nLevit\u00e4 vaahtoa sormille tai puhdistusharjalle aamulla ja\/tai illalla ja hiero kevyesti ripsiin silm\u00e4t suljettuina.<br \/>\nHuuhtele vedell\u00e4 ja kuivaa ripset varovasti talouspaperilla. Kampaa ripset l\u00e4pi.<\/p>\n<p><strong>Kampaamok\u00e4ytt\u00f6\u00f6n:<\/strong><br \/>\nRavista pulloa ennen k\u00e4ytt\u00f6\u00e4 ja pumppaa 2\u20133 pumppausta vaahtoa.<br \/>\nLevit\u00e4 vaahtoa harjalla asiakkaan suljettuihin ripsiin. Puhdista hell\u00e4varaisesti.<br \/>\nHuuhtele vedell\u00e4, kuivaa talouspaperilla ja kampaa l\u00e4pi. Jatka sitten seuraavilla hoito-ohjeilla.<\/p>\n","protected":false},"excerpt":{"rendered":"<p><strong>MAXYMOVA Puhdistusvaahto<\/strong> on hell\u00e4varainen ja tehokas puhdistusvaahto ripsille ja kulmakarvoille \u2013 ihanteellinen meikin, lian ja rasvan poistamiseen ennen ripsien laminointia tai pidennyksi\u00e4.<\/p>\n<p>Sopii sek\u00e4 kotik\u00e4ytt\u00f6\u00f6n ett\u00e4 ammattimaiseen esik\u00e4sittelyyn salongissa.<\/p>\n<p>Vaahto on rikastettu ihoyst\u00e4v\u00e4llisill\u00e4 ainesosilla, jotka puhdistavat perusteellisesti \u00e4rsytt\u00e4m\u00e4tt\u00e4 ihoa. Auttaa yll\u00e4pit\u00e4m\u00e4\u00e4n ripsienpidennysten kest\u00e4vyytt\u00e4 ja pit\u00e4m\u00e4\u00e4n luonnolliset ripset tervein\u00e4 ja puhtaina.<\/p>\n<p>pH 6,5\u20137<\/p>\n","protected":false},"featured_media":33447,"comment_status":"open","ping_status":"closed","template":"","meta":{"_monsterinsights_skip_tracking":false,"_monsterinsights_sitenote_active":false,"_monsterinsights_sitenote_note":"","_monsterinsights_sitenote_category":0},"product_brand":[],"product_cat":[476,915,518,520,475],"product_tag":[],"class_list":{"0":"post-33453","1":"product","2":"type-product","3":"status-publish","4":"has-post-thumbnail","6":"product_cat-kulmakarvat","7":"product_cat-esi-ja-jalkihoito","8":"product_cat-jalkihoito","9":"product_cat-puhdistustuotteet","10":"product_cat-ripset","11":"pa_brand-maxymova-fi","12":"pa_suurus-50-ml-fi","14":"first","15":"outofstock","16":"taxable","17":"shipping-taxable","18":"purchasable","19":"product-type-simple"},"_links":{"self":[{"href":"https:\/\/pomello.ee\/fi\/wp-json\/wp\/v2\/product\/33453","targetHints":{"allow":["GET"]}}],"collection":[{"href":"https:\/\/pomello.ee\/fi\/wp-json\/wp\/v2\/product"}],"about":[{"href":"https:\/\/pomello.ee\/fi\/wp-json\/wp\/v2\/types\/product"}],"replies":[{"embeddable":true,"href":"https:\/\/pomello.ee\/fi\/wp-json\/wp\/v2\/comments?post=33453"}],"wp:featuredmedia":[{"embeddable":true,"href":"https:\/\/pomello.ee\/fi\/wp-json\/wp\/v2\/media\/33447"}],"wp:attachment":[{"href":"https:\/\/pomello.ee\/fi\/wp-json\/wp\/v2\/media?parent=33453"}],"wp:term":[{"taxonomy":"product_brand","embeddable":true,"href":"https:\/\/pomello.ee\/fi\/wp-json\/wp\/v2\/product_brand?post=33453"},{"taxonomy":"product_cat","embeddable":true,"href":"https:\/\/pomello.ee\/fi\/wp-json\/wp\/v2\/product_cat?post=33453"},{"taxonomy":"product_tag","embeddable":true,"href":"https:\/\/pomello.ee\/fi\/wp-json\/wp\/v2\/product_tag?post=33453"}],"curies":[{"name":"wp","href":"https:\/\/api.w.org\/{rel}","templated":true}]}}