{"id":33455,"date":"2025-07-11T20:05:16","date_gmt":"2025-07-11T18:05:16","guid":{"rendered":"https:\/\/pomello.ee\/toode\/maxymova-ripsien-ja-kulmakarvojen-laminointisetti\/"},"modified":"2025-07-11T20:05:16","modified_gmt":"2025-07-11T18:05:16","slug":"maxymova-ripsien-ja-kulmakarvojen-laminointisetti","status":"publish","type":"product","link":"https:\/\/pomello.ee\/fi\/toode\/maxymova-ripsien-ja-kulmakarvojen-laminointisetti\/","title":{"rendered":"MAXYMOVA Ripsien ja kulmakarvojen laminointisetti"},"content":{"rendered":"<p data-start=\"44\" data-end=\"157\"><strong data-start=\"44\" data-end=\"157\">Ammattimainen ripsien ja kulmien laminointipaketti \u2013 kehitetty yhteisty\u00f6ss\u00e4 Italian huippulaminoijien kanssa.<\/strong><\/p>\n<p data-start=\"159\" data-end=\"498\">\u2728 Uusi kiilt\u00e4v\u00e4 koostumus \u2013 ilman ep\u00e4miellytt\u00e4v\u00e4\u00e4 hajua!<br data-start=\"215\" data-end=\"218\" \/>\ud83d\udca7 Hell\u00e4varainen mutta tehokas koostumus, joka s\u00e4ilytt\u00e4\u00e4 karvan terveyden ja elinvoiman.<br data-start=\"306\" data-end=\"309\" \/>\ud83e\uddf4 Kertak\u00e4ytt\u00f6iset annospussit takaavat maksimaalisen hygienian ja tuoreuden \u2013 t\u00e4ydellinen jokaiseen hoitoon!<br data-start=\"418\" data-end=\"421\" \/>\ud83d\udc8e J\u00e4tt\u00e4\u00e4 ripset ja kulmat silkkisen kiilt\u00e4viksi ja luonnollisen s\u00e4ihkyviksi.<\/p>\n<p data-start=\"500\" data-end=\"661\"><strong data-start=\"500\" data-end=\"522\">Kulmien laminointi<\/strong><br data-start=\"522\" data-end=\"525\" \/><strong data-start=\"525\" data-end=\"543\">Vaihe 1 \u2013 LIFT<\/strong><br data-start=\"543\" data-end=\"546\" \/>Levit\u00e4 Step 1 kulmakarvoille ja anna vaikuttaa 4\u201312 minuuttia karvatyypist\u00e4 riippuen. Poista kuivalla vanupuikolla.<\/p>\n<p data-start=\"663\" data-end=\"789\"><strong data-start=\"663\" data-end=\"680\">Vaihe 2 \u2013 FIX<\/strong><br data-start=\"680\" data-end=\"683\" \/>Levit\u00e4 Step 2 koko kulmakarvojen pituudelle ja anna vaikuttaa 7\u20138 minuuttia. Poista kuivalla vanupuikolla.<\/p>\n<p data-start=\"791\" data-end=\"928\"><strong data-start=\"791\" data-end=\"816\">V\u00e4rj\u00e4ys (halutessasi)<\/strong><br data-start=\"816\" data-end=\"819\" \/>Jos haluat v\u00e4rj\u00e4t\u00e4 kulmat, tee se t\u00e4ss\u00e4 vaiheessa. Poista v\u00e4ri Maxymova Magnetic Brush Model 3 -siveltimell\u00e4.<\/p>\n<p data-start=\"930\" data-end=\"1093\"><strong data-start=\"930\" data-end=\"945\">Viimeistely<\/strong><br data-start=\"945\" data-end=\"948\" \/>Puhdista viimeiset v\u00e4rij\u00e4\u00e4m\u00e4t ja levit\u00e4 Lash &amp; Brow Cocktail -seerumi kulmille. \u00c4l\u00e4 huuhtele. Seerumi auttaa ravitsemaan ja kosteuttamaan karvaa.<\/p>\n<p data-start=\"1095\" data-end=\"1373\"><strong data-start=\"1095\" data-end=\"1117\">Ripsien laminointi<\/strong><br data-start=\"1117\" data-end=\"1120\" \/><strong data-start=\"1120\" data-end=\"1138\">Vaihe 1 \u2013 LIFT<\/strong><br data-start=\"1138\" data-end=\"1141\" \/>Levit\u00e4 Step 1 -permanenttivoide ripsiin 6\u201312 minuutiksi ripsien tiheydest\u00e4 riippuen. Aloita levitt\u00e4minen 0,5\u20132 mm et\u00e4isyydelt\u00e4 juuresta ja kata 30\u201360 % ripsien pituudesta (k\u00e4ytetyst\u00e4 rullasta riippuen). Poista kuivalla vanupuikolla.<\/p>\n<p data-start=\"1375\" data-end=\"1522\"><strong data-start=\"1375\" data-end=\"1392\">Vaihe 2 \u2013 FIX<\/strong><br data-start=\"1392\" data-end=\"1395\" \/>Levit\u00e4 Step 2 hieman ylemm\u00e4s kuin edellinen voide, pit\u00e4en my\u00f6s 0,5\u20132 mm et\u00e4isyytt\u00e4 ripsien juuresta. Vaikutusaika: 8 minuuttia.<\/p>\n<p data-start=\"1524\" data-end=\"1605\"><strong data-start=\"1524\" data-end=\"1549\">V\u00e4rj\u00e4ys (halutessasi)<\/strong><br data-start=\"1549\" data-end=\"1552\" \/>V\u00e4rj\u00e4\u00e4 ohjeiden mukaan (v\u00e4ri ei sis\u00e4lly pakkaukseen).<\/p>\n<p data-start=\"1607\" data-end=\"1856\"><strong data-start=\"1607\" data-end=\"1635\">Vaihe 3 \u2013 GOCCIA-seerumi<\/strong><br data-start=\"1635\" data-end=\"1638\" \/>V\u00e4rj\u00e4yksen j\u00e4lkeen (tai jos et v\u00e4rj\u00e4\u00e4, heti Step 2:n j\u00e4lkeen) levit\u00e4 GOCCIA-rakenteen uudistava seerumi ripsiin. Se kosteuttaa, palauttaa ja lis\u00e4\u00e4 kiiltoa. Anna vaikuttaa 5 minuuttia, pyyhi sitten kuivalla vanulapulla.<\/p>\n<p data-start=\"1858\" data-end=\"2031\" data-is-last-node=\"\" data-is-only-node=\"\"><strong data-start=\"1858\" data-end=\"1900\">Viimeinen vaihe \u2013 LASH &amp; BROW COCKTAIL<\/strong><br data-start=\"1900\" data-end=\"1903\" \/>Levit\u00e4 viimeistelyseerumi, joka suojaa, palauttaa ja kosteuttaa ripset ja kulmat, tehden niist\u00e4 pehme\u00e4t ja vahvat. \u00c4l\u00e4 huuhtele.<\/p>\n","protected":false},"excerpt":{"rendered":"<p data-start=\"44\" data-end=\"155\"><strong data-start=\"44\" data-end=\"155\">Kokeile jotain uutta! MAXYMOVA Lamination Discovery Kit \u2013 t\u00e4ydellinen setti ripsien ja kulmien laminointiin<\/strong><\/p>\n<p data-start=\"157\" data-end=\"394\">Haluaisitko kokeilla uutta laminointij\u00e4rjestelm\u00e4\u00e4, mutta et halua heti ostaa suuria pakkauksia? MAXYMOVA Discovery Kit on juuri sit\u00e4 mit\u00e4 tarvitset \u2013 kaikki ammattimaisen ripsi- ja kulmalaminoinnin vaiheet yhdess\u00e4 k\u00e4tev\u00e4ss\u00e4 pakkauksessa.<\/p>\n<p data-start=\"396\" data-end=\"417\"><strong data-start=\"396\" data-end=\"417\">Pakkaus sis\u00e4lt\u00e4\u00e4:<\/strong><\/p>\n<p data-start=\"419\" data-end=\"592\">1 \u00d7 Step 1 LIFT MAXYMOVA\u00ae \u2013 1,5 ml<br data-start=\"453\" data-end=\"456\" \/>1 \u00d7 Step 2 FIX MAXYMOVA\u00ae \u2013 1,5 ml<br data-start=\"489\" data-end=\"492\" \/>1 \u00d7 GOCCIA palauttava seerumi \u2013 3 ml<br data-start=\"528\" data-end=\"531\" \/>1 \u00d7 Lash &amp; Brow Cocktail (viimeinen vaihe, Step 3) \u2013 1,5 ml<\/p>\n<p data-start=\"594\" data-end=\"730\" data-is-last-node=\"\" data-is-only-node=\"\">Kaikki tuotteet on kehitetty yhteisty\u00f6ss\u00e4 Italian huippulaminoijien kanssa.<br data-start=\"669\" data-end=\"672\" \/><strong data-start=\"672\" data-end=\"730\" data-is-last-node=\"\">T\u00e4ydellinen valinta ennen isompien m\u00e4\u00e4rien tilaamista!<\/strong><\/p>\n","protected":false},"featured_media":37600,"comment_status":"open","ping_status":"closed","template":"","meta":{"_monsterinsights_skip_tracking":false,"_monsterinsights_sitenote_active":false,"_monsterinsights_sitenote_note":"","_monsterinsights_sitenote_category":0},"product_brand":[],"product_cat":[476,899,517,477,516,1206,475],"product_tag":[],"class_list":{"0":"post-33455","1":"product","2":"type-product","3":"status-publish","4":"has-post-thumbnail","6":"product_cat-kulmakarvat","7":"product_cat-emulsiot-fi","8":"product_cat-emulsiot","9":"product_cat-kulmien-laminointi","10":"product_cat-lash-lift-fi","11":"product_cat-lash-lift-laminointisetit","12":"product_cat-ripset","13":"pa_brand-maxymova-fi","15":"first","16":"instock","17":"taxable","18":"shipping-taxable","19":"purchasable","20":"product-type-variable"},"_links":{"self":[{"href":"https:\/\/pomello.ee\/fi\/wp-json\/wp\/v2\/product\/33455","targetHints":{"allow":["GET"]}}],"collection":[{"href":"https:\/\/pomello.ee\/fi\/wp-json\/wp\/v2\/product"}],"about":[{"href":"https:\/\/pomello.ee\/fi\/wp-json\/wp\/v2\/types\/product"}],"replies":[{"embeddable":true,"href":"https:\/\/pomello.ee\/fi\/wp-json\/wp\/v2\/comments?post=33455"}],"wp:featuredmedia":[{"embeddable":true,"href":"https:\/\/pomello.ee\/fi\/wp-json\/wp\/v2\/media\/37600"}],"wp:attachment":[{"href":"https:\/\/pomello.ee\/fi\/wp-json\/wp\/v2\/media?parent=33455"}],"wp:term":[{"taxonomy":"product_brand","embeddable":true,"href":"https:\/\/pomello.ee\/fi\/wp-json\/wp\/v2\/product_brand?post=33455"},{"taxonomy":"product_cat","embeddable":true,"href":"https:\/\/pomello.ee\/fi\/wp-json\/wp\/v2\/product_cat?post=33455"},{"taxonomy":"product_tag","embeddable":true,"href":"https:\/\/pomello.ee\/fi\/wp-json\/wp\/v2\/product_tag?post=33455"}],"curies":[{"name":"wp","href":"https:\/\/api.w.org\/{rel}","templated":true}]}}