{"id":33508,"date":"2025-07-15T09:26:34","date_gmt":"2025-07-15T07:26:34","guid":{"rendered":"https:\/\/pomello.ee\/toode\/lash-lift-kit-maxy\/"},"modified":"2025-07-15T09:26:34","modified_gmt":"2025-07-15T07:26:34","slug":"lash-lift-kit-maxy","status":"publish","type":"product","link":"https:\/\/pomello.ee\/fi\/toode\/lash-lift-kit-maxy\/","title":{"rendered":"Lash Lift KIT Maxy"},"content":{"rendered":"","protected":false},"excerpt":{"rendered":"<p data-start=\"33\" data-end=\"379\"><strong data-start=\"33\" data-end=\"105\">Lash Lift Maxy -pakkaus \u2013 Kaikki mit\u00e4 tarvitset, yhdess\u00e4 laatikossa!<\/strong><br data-start=\"105\" data-end=\"108\" \/>Ei en\u00e4\u00e4 erillisten tuotteiden etsimist\u00e4, sovittamista tai kokeiluja \u2013 olemme koonneet t\u00e4ydellisen setin juuri sinulle.<br data-start=\"226\" data-end=\"229\" \/>Ihanteellinen ratkaisu sek\u00e4 aloittaville ett\u00e4 kokeneille kauneusalan ammattilaisille, jotka arvostavat korkeaa laatua, helppoutta ja varmoja tuloksia.<\/p>\n<p data-start=\"381\" data-end=\"636\">Pakkaus sis\u00e4lt\u00e4\u00e4 ammattitason <strong data-start=\"411\" data-end=\"432\">Maxymova-emulsiot<\/strong>, jotka sopivat sek\u00e4 ripsien ett\u00e4 kulmien laminointiin. Tuotteet on kehitetty yhteisty\u00f6ss\u00e4 Italian huippulaminointimestarien kanssa, ja ne ovat saavuttaneet laajan luottamuksen ammattilaisten keskuudessa.<\/p>\n<p data-start=\"638\" data-end=\"877\">Mukana on my\u00f6s <strong data-start=\"653\" data-end=\"672\">Noemi-ripsiv\u00e4ri<\/strong>, joka tunnetaan hell\u00e4varaisesta koostumuksestaan ja silmi\u00e4 \u00e4rsytt\u00e4m\u00e4tt\u00f6m\u00e4st\u00e4 formulastaan. Se on turvallinen valinta my\u00f6s herkille asiakkaille ja antaa syv\u00e4n, pitk\u00e4kestoisen s\u00e4vyn \u2013 todellinen wow-efekti.<\/p>\n<p data-start=\"879\" data-end=\"900\"><strong data-start=\"879\" data-end=\"900\">Pakkaus sis\u00e4lt\u00e4\u00e4:<\/strong><\/p>\n<ul data-start=\"901\" data-end=\"1353\">\n<li data-start=\"901\" data-end=\"947\">\n<p data-start=\"903\" data-end=\"947\">Maxymova Step 1 LIFT -emulsio (5 x 1,5 ml)<\/p>\n<\/li>\n<li data-start=\"948\" data-end=\"993\">\n<p data-start=\"950\" data-end=\"993\">Maxymova Step 2 FIX -emulsio (5 x 1,5 ml)<\/p>\n<\/li>\n<li data-start=\"994\" data-end=\"1042\">\n<p data-start=\"996\" data-end=\"1042\">Maxymova Step 3 Keratin Booster (5 x 1,5 ml)<\/p>\n<\/li>\n<li data-start=\"1043\" data-end=\"1081\">\n<p data-start=\"1045\" data-end=\"1081\">Maxymova-silikonityynyt (koot S\u2013L)<\/p>\n<\/li>\n<li data-start=\"1082\" data-end=\"1134\">\n<p data-start=\"1084\" data-end=\"1134\">Liima ripsien kiinnitt\u00e4miseksi silikonityynyihin<\/p>\n<\/li>\n<li data-start=\"1135\" data-end=\"1170\">\n<p data-start=\"1137\" data-end=\"1170\">Y-kammat (2 kpl) ja ripsikammat<\/p>\n<\/li>\n<li data-start=\"1171\" data-end=\"1213\">\n<p data-start=\"1173\" data-end=\"1213\">Silikonikomponentit ja silm\u00e4naluslaput<\/p>\n<\/li>\n<li data-start=\"1214\" data-end=\"1254\">\n<p data-start=\"1216\" data-end=\"1254\">Puhdistusvaahto ripsille ja kulmille<\/p>\n<\/li>\n<li data-start=\"1255\" data-end=\"1269\">\n<p data-start=\"1257\" data-end=\"1269\">Siveltimet<\/p>\n<\/li>\n<li data-start=\"1270\" data-end=\"1319\">\n<p data-start=\"1272\" data-end=\"1319\">Lasiastia v\u00e4rin sekoitukseen ja emulsioalusta<\/p>\n<\/li>\n<li data-start=\"1320\" data-end=\"1353\">\n<p data-start=\"1322\" data-end=\"1353\">NOEMI-ripsiv\u00e4ri ja 3 % kehite<\/p>\n<\/li>\n<\/ul>\n<p data-start=\"1355\" data-end=\"1397\"><strong data-start=\"1355\" data-end=\"1397\">Miksi t\u00e4m\u00e4 pakkaus toimii edukseksesi:<\/strong><\/p>\n<p data-start=\"1399\" data-end=\"1631\">\u2714 S\u00e4\u00e4st\u00e4t aikaa \u2013 kaikki tarvittava on mukana<br data-start=\"1444\" data-end=\"1447\" \/>\u2714 S\u00e4\u00e4st\u00e4t rahaa \u2013 ei tarvetta ostaa tuotteita erikseen<br data-start=\"1501\" data-end=\"1504\" \/>\u2714 Valmis k\u00e4ytt\u00f6\u00f6n \u2013 kaikki v\u00e4lineet toimivat saumattomasti yhdess\u00e4<br data-start=\"1570\" data-end=\"1573\" \/>\u2714 Tarjoat asiakkaillesi huippulaatua ja n\u00e4kyvi\u00e4 tuloksia<\/p>\n<p data-start=\"1633\" data-end=\"1747\">Jos arvostat ty\u00f6ss\u00e4si varmoja tuloksia, tehokkuutta ja tyytyv\u00e4isi\u00e4 asiakkaita \u2013 t\u00e4m\u00e4 setti on tehty juuri sinulle.<\/p>\n","protected":false},"featured_media":33497,"comment_status":"open","ping_status":"closed","template":"","meta":{"_monsterinsights_skip_tracking":false,"_monsterinsights_sitenote_active":false,"_monsterinsights_sitenote_note":"","_monsterinsights_sitenote_category":0},"product_brand":[],"product_cat":[475,516,1206],"product_tag":[],"class_list":{"0":"post-33508","1":"product","2":"type-product","3":"status-publish","4":"has-post-thumbnail","6":"product_cat-ripset","7":"product_cat-lash-lift-fi","8":"product_cat-lash-lift-laminointisetit","10":"first","11":"outofstock","12":"sale","13":"taxable","14":"shipping-taxable","15":"purchasable","16":"product-type-simple"},"_links":{"self":[{"href":"https:\/\/pomello.ee\/fi\/wp-json\/wp\/v2\/product\/33508","targetHints":{"allow":["GET"]}}],"collection":[{"href":"https:\/\/pomello.ee\/fi\/wp-json\/wp\/v2\/product"}],"about":[{"href":"https:\/\/pomello.ee\/fi\/wp-json\/wp\/v2\/types\/product"}],"replies":[{"embeddable":true,"href":"https:\/\/pomello.ee\/fi\/wp-json\/wp\/v2\/comments?post=33508"}],"wp:featuredmedia":[{"embeddable":true,"href":"https:\/\/pomello.ee\/fi\/wp-json\/wp\/v2\/media\/33497"}],"wp:attachment":[{"href":"https:\/\/pomello.ee\/fi\/wp-json\/wp\/v2\/media?parent=33508"}],"wp:term":[{"taxonomy":"product_brand","embeddable":true,"href":"https:\/\/pomello.ee\/fi\/wp-json\/wp\/v2\/product_brand?post=33508"},{"taxonomy":"product_cat","embeddable":true,"href":"https:\/\/pomello.ee\/fi\/wp-json\/wp\/v2\/product_cat?post=33508"},{"taxonomy":"product_tag","embeddable":true,"href":"https:\/\/pomello.ee\/fi\/wp-json\/wp\/v2\/product_tag?post=33508"}],"curies":[{"name":"wp","href":"https:\/\/api.w.org\/{rel}","templated":true}]}}