{"id":33510,"date":"2025-07-15T14:27:26","date_gmt":"2025-07-15T12:27:26","guid":{"rendered":"https:\/\/pomello.ee\/toode\/silikonityynyt-asian-lash-lift\/"},"modified":"2026-02-22T17:14:28","modified_gmt":"2026-02-22T15:14:28","slug":"silikonityynyt-asian-lash-lift","status":"publish","type":"product","link":"https:\/\/pomello.ee\/fi\/toode\/silikonityynyt-asian-lash-lift\/","title":{"rendered":"Silikonityynyt Asian Lash Lift"},"content":{"rendered":"","protected":false},"excerpt":{"rendered":"<p>Silikonityynyt Asian Lash Lift<\/p>\n<p>Uusi taso mukavuudessa ja tarkkuudessa! N\u00e4m\u00e4 liimattomat silikonityynyt tarttuvat suoraan ihoon ilman lis\u00e4liimaa, mik\u00e4 s\u00e4\u00e4st\u00e4\u00e4 aikaa ja minimoi \u00e4rsytysriskin.<\/p>\n<p>Suunniteltu erityisesti aasialaistyyliseen ripsien kestotaivutustekniikkaan, mutta sopii t\u00e4ydellisesti kaikenkokoisille ja -muotoisille asiakkaille.<\/p>\n<p>1 pari<\/p>\n","protected":false},"featured_media":33503,"comment_status":"open","ping_status":"closed","template":"","meta":{"_monsterinsights_skip_tracking":false,"_monsterinsights_sitenote_active":false,"_monsterinsights_sitenote_note":"","_monsterinsights_sitenote_category":0},"product_brand":[],"product_cat":[475,1249,516,521],"product_tag":[],"class_list":{"0":"post-33510","1":"product","2":"type-product","3":"status-publish","4":"has-post-thumbnail","6":"product_cat-ripset","7":"product_cat-korean-lash-lift-fi","8":"product_cat-lash-lift-fi","9":"product_cat-silikonityynyt","10":"pa_brand-pomello-fi","12":"first","13":"outofstock","14":"taxable","15":"shipping-taxable","16":"purchasable","17":"product-type-simple"},"_links":{"self":[{"href":"https:\/\/pomello.ee\/fi\/wp-json\/wp\/v2\/product\/33510","targetHints":{"allow":["GET"]}}],"collection":[{"href":"https:\/\/pomello.ee\/fi\/wp-json\/wp\/v2\/product"}],"about":[{"href":"https:\/\/pomello.ee\/fi\/wp-json\/wp\/v2\/types\/product"}],"replies":[{"embeddable":true,"href":"https:\/\/pomello.ee\/fi\/wp-json\/wp\/v2\/comments?post=33510"}],"wp:featuredmedia":[{"embeddable":true,"href":"https:\/\/pomello.ee\/fi\/wp-json\/wp\/v2\/media\/33503"}],"wp:attachment":[{"href":"https:\/\/pomello.ee\/fi\/wp-json\/wp\/v2\/media?parent=33510"}],"wp:term":[{"taxonomy":"product_brand","embeddable":true,"href":"https:\/\/pomello.ee\/fi\/wp-json\/wp\/v2\/product_brand?post=33510"},{"taxonomy":"product_cat","embeddable":true,"href":"https:\/\/pomello.ee\/fi\/wp-json\/wp\/v2\/product_cat?post=33510"},{"taxonomy":"product_tag","embeddable":true,"href":"https:\/\/pomello.ee\/fi\/wp-json\/wp\/v2\/product_tag?post=33510"}],"curies":[{"name":"wp","href":"https:\/\/api.w.org\/{rel}","templated":true}]}}