{"id":33577,"date":"2025-07-20T09:58:31","date_gmt":"2025-07-20T07:58:31","guid":{"rendered":"https:\/\/pomello.ee\/toode\/my-lamination-hydrating-serum-step-3-5ml\/"},"modified":"2025-07-20T11:25:36","modified_gmt":"2025-07-20T09:25:36","slug":"my-lamination-hydrating-serum-step-3-5ml","status":"publish","type":"product","link":"https:\/\/pomello.ee\/fi\/toode\/my-lamination-hydrating-serum-step-3-5ml\/","title":{"rendered":"My Lamination Hydrating Serum+ (Step 3) 5ml"},"content":{"rendered":"<p><strong>Sis\u00e4lt\u00e4\u00e4 9 tehokasta ainesosaa:<\/strong><\/p>\n<ul>\n<li>Hydrolysoitu keratiini<\/li>\n<li>Hydrolysoitu silkki<\/li>\n<li>Pantenoli<\/li>\n<li>Risiini\u00f6ljy<\/li>\n<li>Malva (malvankukka)<\/li>\n<li>Aloe vera<\/li>\n<li>Glyseriini<\/li>\n<li>Nokkonen<\/li>\n<li>Kollageeni<\/li>\n<\/ul>\n<p><strong>K\u00e4ytt\u00f6:<\/strong><br \/>\nLevit\u00e4 puhtaille ripsille tai kulmakarvoille. \u00c4l\u00e4 huuhtele pois! Anna seerumin imeyty\u00e4 kokonaan.<\/p>\n<p><strong>My Lamination<\/strong> \u2013 kansainv\u00e4lisesti tunnettu ripsien ja kulmien laminoinnin huippubr\u00e4ndi. Ainoa alan tuotemerkki, joka on voittanut 21 kansainv\u00e4list\u00e4 palkintoa!<\/p>\n<p><strong>Tilavuus:<\/strong> 5 ml \u2013 k\u00e4tev\u00e4 pumppupullo!<\/p>\n","protected":false},"excerpt":{"rendered":"<p><strong>MY LAMINATION HYDRATING SERUM STEP 3 \u2013 5 ml<\/strong><br \/>\n\ud83d\udca7 Viimeinen vaihe t\u00e4ydelliseen lash liftiin tai kulmien laminointiin!<\/p>\n<p>My Lamination Hydrating Serum on kolmas ja viimeinen vaihe ripsien tai kulmien laminoinnissa.<br \/>\nT\u00e4m\u00e4 seerumi auttaa palauttamaan karvan rakenteen, sulkee suomut ja tarjoaa intensiivist\u00e4 kosteutusta \u2013 jotta lopputulos kest\u00e4isi pidemp\u00e4\u00e4n ja n\u00e4ytt\u00e4isi viel\u00e4kin paremmalta!<\/p>\n<p><strong>UUTUUS!<\/strong> Jos rakastat Step 1 ja Step 2 yksitt\u00e4ispakkauksia, nyt voit valita Step 3 -seerumin k\u00e4tev\u00e4ss\u00e4 5 ml pumppupullossa, mik\u00e4 tekee hoidon suorittamisesta entist\u00e4 helpompaa ja sujuvampaa!<\/p>\n<p><strong>Milloin k\u00e4ytet\u00e4\u00e4n?<\/strong><br \/>\n\u2714\ufe0f Step 2 -emulsion j\u00e4lkeen (jos et v\u00e4rj\u00e4\u00e4)<br \/>\n\u2714\ufe0f Tai v\u00e4rj\u00e4yksen j\u00e4lkeen<br \/>\n\u2714\ufe0f Tai ripsi-\/kulmunaamion j\u00e4lkeen<\/p>\n<p><strong>Kaksoisvaikutus:<\/strong><br \/>\n\u2013 Poistaa hoidon j\u00e4\u00e4m\u00e4t<br \/>\n\u2013 Kosteuttaa ja suojaa karvaa ulkoisilta haittavaikutuksilta<\/p>\n","protected":false},"featured_media":39955,"comment_status":"open","ping_status":"closed","template":"","meta":{"_monsterinsights_skip_tracking":false,"_monsterinsights_sitenote_active":false,"_monsterinsights_sitenote_note":"","_monsterinsights_sitenote_category":0},"product_brand":[],"product_cat":[476,899,517,915,518,917,923,477,516,475],"product_tag":[],"class_list":{"0":"post-33577","1":"product","2":"type-product","3":"status-publish","4":"has-post-thumbnail","6":"product_cat-kulmakarvat","7":"product_cat-emulsiot-fi","8":"product_cat-emulsiot","9":"product_cat-esi-ja-jalkihoito","10":"product_cat-jalkihoito","11":"product_cat-jalkihoito-fi","12":"product_cat-jalkihoito-ja-kosteuttaminen","13":"product_cat-kulmien-laminointi","14":"product_cat-lash-lift-fi","15":"product_cat-ripset","16":"pa_brand-my-lamination-fi","17":"pa_suurus-5-ml-fi","19":"first","20":"instock","21":"taxable","22":"shipping-taxable","23":"purchasable","24":"product-type-simple"},"_links":{"self":[{"href":"https:\/\/pomello.ee\/fi\/wp-json\/wp\/v2\/product\/33577","targetHints":{"allow":["GET"]}}],"collection":[{"href":"https:\/\/pomello.ee\/fi\/wp-json\/wp\/v2\/product"}],"about":[{"href":"https:\/\/pomello.ee\/fi\/wp-json\/wp\/v2\/types\/product"}],"replies":[{"embeddable":true,"href":"https:\/\/pomello.ee\/fi\/wp-json\/wp\/v2\/comments?post=33577"}],"wp:featuredmedia":[{"embeddable":true,"href":"https:\/\/pomello.ee\/fi\/wp-json\/wp\/v2\/media\/39955"}],"wp:attachment":[{"href":"https:\/\/pomello.ee\/fi\/wp-json\/wp\/v2\/media?parent=33577"}],"wp:term":[{"taxonomy":"product_brand","embeddable":true,"href":"https:\/\/pomello.ee\/fi\/wp-json\/wp\/v2\/product_brand?post=33577"},{"taxonomy":"product_cat","embeddable":true,"href":"https:\/\/pomello.ee\/fi\/wp-json\/wp\/v2\/product_cat?post=33577"},{"taxonomy":"product_tag","embeddable":true,"href":"https:\/\/pomello.ee\/fi\/wp-json\/wp\/v2\/product_tag?post=33577"}],"curies":[{"name":"wp","href":"https:\/\/api.w.org\/{rel}","templated":true}]}}