{"id":33579,"date":"2025-07-20T10:26:28","date_gmt":"2025-07-20T08:26:28","guid":{"rendered":"https:\/\/pomello.ee\/toode\/my-lamination-silicone-pads-set-butterfly\/"},"modified":"2025-07-21T19:57:10","modified_gmt":"2025-07-21T17:57:10","slug":"my-lamination-silicone-pads-set-butterfly","status":"publish","type":"product","link":"https:\/\/pomello.ee\/fi\/toode\/my-lamination-silicone-pads-set-butterfly\/","title":{"rendered":"My Lamination silicone pads set Butterfly"},"content":{"rendered":"<div id=\"attachment_33564\" style=\"width: 1010px\" class=\"wp-caption alignnone\"><img decoding=\"async\" aria-describedby=\"caption-attachment-33564\" class=\"wp-image-33564 size-full\" src=\"https:\/\/pomello.ee\/wp-content\/uploads\/2025\/07\/My-Lamination-silikoonpatjade-komplekt-Butterfly.jpg\" alt=\"My Lamination silikoonpatjade komplekt Butterfly\" width=\"1000\" height=\"1200\" srcset=\"https:\/\/pomello.ee\/wp-content\/uploads\/2025\/07\/My-Lamination-silikoonpatjade-komplekt-Butterfly.jpg 1000w, https:\/\/pomello.ee\/wp-content\/uploads\/2025\/07\/My-Lamination-silikoonpatjade-komplekt-Butterfly-250x300.jpg 250w, https:\/\/pomello.ee\/wp-content\/uploads\/2025\/07\/My-Lamination-silikoonpatjade-komplekt-Butterfly-853x1024.jpg 853w, https:\/\/pomello.ee\/wp-content\/uploads\/2025\/07\/My-Lamination-silikoonpatjade-komplekt-Butterfly-768x922.jpg 768w, https:\/\/pomello.ee\/wp-content\/uploads\/2025\/07\/My-Lamination-silikoonpatjade-komplekt-Butterfly-100x120.jpg 100w\" sizes=\"(max-width: 1000px) 100vw, 1000px\" \/><p id=\"caption-attachment-33564\" class=\"wp-caption-text\">My Lamination silikoonpatjade komplekt Butterfly<\/p><\/div>\n<p>&nbsp;<\/p>\n","protected":false},"excerpt":{"rendered":"<p data-start=\"33\" data-end=\"134\"><strong data-start=\"33\" data-end=\"134\">My Lamination\u00ae Butterfly -silikonilaput \u2013 uudelleenk\u00e4ytett\u00e4v\u00e4 suoja ja mukavuus jokaiseen hoitoon<\/strong><\/p>\n<p data-start=\"136\" data-end=\"407\">Ammattilaisv\u00e4line ripsien laminointiin tai hoitoprosessien tehostamiseen.<br data-start=\"209\" data-end=\"212\" \/>N\u00e4m\u00e4 pehme\u00e4st\u00e4 ja joustavasta huipputeknologian silikonista valmistetut laput kiinnittyv\u00e4t suoraan iholle ilman liimaa ja mukautuvat muotonsa ansiosta t\u00e4ydellisesti kaikenlaisiin silm\u00e4nmuotoihin.<\/p>\n<p data-start=\"409\" data-end=\"436\">\u2728 <strong data-start=\"411\" data-end=\"436\">K\u00e4ytt\u00f6mahdollisuudet:<\/strong><\/p>\n<p data-start=\"438\" data-end=\"544\"><strong data-start=\"438\" data-end=\"458\">Ripsienhoidoissa<\/strong>: suojaa alaluomen ihoa kemiallisilta tuotteilta luoden esteen ripsien ja ihon v\u00e4liin.<\/p>\n<p data-start=\"546\" data-end=\"674\"><strong data-start=\"546\" data-end=\"563\">Tehohoidoissa<\/strong>: levit\u00e4 silm\u00e4nymp\u00e4rysalueelle voide ja aseta lappu sen p\u00e4\u00e4lle tehostaaksesi vaikuttavien aineiden imeytymist\u00e4.<\/p>\n<p data-start=\"676\" data-end=\"694\">\ud83d\udca7 <strong data-start=\"679\" data-end=\"694\">Materiaali:<\/strong><\/p>\n<ul data-start=\"696\" data-end=\"834\">\n<li data-start=\"696\" data-end=\"751\">\n<p data-start=\"698\" data-end=\"751\">Pehme\u00e4 ja elastinen silikoni takaa k\u00e4ytt\u00f6mukavuuden<\/p>\n<\/li>\n<li data-start=\"752\" data-end=\"783\">\n<p data-start=\"754\" data-end=\"783\">Luistamaton ja vedenkest\u00e4v\u00e4<\/p>\n<\/li>\n<li data-start=\"784\" data-end=\"834\">\n<p data-start=\"786\" data-end=\"834\">Itsekiinnittyv\u00e4 \u2013 ei tarvitse erillist\u00e4 liimaa<\/p>\n<\/li>\n<\/ul>\n<p data-start=\"836\" data-end=\"958\">\u267b\ufe0f <strong data-start=\"839\" data-end=\"862\">Uudelleenk\u00e4ytett\u00e4v\u00e4<\/strong> \u2013 pest\u00e4v\u00e4 jokaisen k\u00e4yt\u00f6n j\u00e4lkeen ja tarvittaessa steriloitava (autoklaavissa jopa 140\u202f\u00b0C asti)<\/p>\n<p data-start=\"960\" data-end=\"1018\" data-is-last-node=\"\" data-is-only-node=\"\"><strong data-start=\"960\" data-end=\"976\">Pakkauksessa<\/strong>: 4 lappua (2 vaaleanpunaista + 2 sinist\u00e4)<\/p>\n","protected":false},"featured_media":33570,"comment_status":"open","ping_status":"closed","template":"","meta":{"_monsterinsights_skip_tracking":false,"_monsterinsights_sitenote_active":false,"_monsterinsights_sitenote_note":"","_monsterinsights_sitenote_category":0},"product_brand":[],"product_cat":[475,516,521,972],"product_tag":[],"class_list":{"0":"post-33579","1":"product","2":"type-product","3":"status-publish","4":"has-post-thumbnail","6":"product_cat-ripset","7":"product_cat-lash-lift-fi","8":"product_cat-silikonityynyt","9":"product_cat-silikonimuotit-alemmille-ripsille","10":"pa_brand-my-lamination-fi","12":"first","13":"instock","14":"taxable","15":"shipping-taxable","16":"purchasable","17":"product-type-simple"},"_links":{"self":[{"href":"https:\/\/pomello.ee\/fi\/wp-json\/wp\/v2\/product\/33579","targetHints":{"allow":["GET"]}}],"collection":[{"href":"https:\/\/pomello.ee\/fi\/wp-json\/wp\/v2\/product"}],"about":[{"href":"https:\/\/pomello.ee\/fi\/wp-json\/wp\/v2\/types\/product"}],"replies":[{"embeddable":true,"href":"https:\/\/pomello.ee\/fi\/wp-json\/wp\/v2\/comments?post=33579"}],"wp:featuredmedia":[{"embeddable":true,"href":"https:\/\/pomello.ee\/fi\/wp-json\/wp\/v2\/media\/33570"}],"wp:attachment":[{"href":"https:\/\/pomello.ee\/fi\/wp-json\/wp\/v2\/media?parent=33579"}],"wp:term":[{"taxonomy":"product_brand","embeddable":true,"href":"https:\/\/pomello.ee\/fi\/wp-json\/wp\/v2\/product_brand?post=33579"},{"taxonomy":"product_cat","embeddable":true,"href":"https:\/\/pomello.ee\/fi\/wp-json\/wp\/v2\/product_cat?post=33579"},{"taxonomy":"product_tag","embeddable":true,"href":"https:\/\/pomello.ee\/fi\/wp-json\/wp\/v2\/product_tag?post=33579"}],"curies":[{"name":"wp","href":"https:\/\/api.w.org\/{rel}","templated":true}]}}