{"id":33641,"date":"2025-07-24T10:48:00","date_gmt":"2025-07-24T08:48:00","guid":{"rendered":"https:\/\/pomello.ee\/toode\/silikoni-kompensaattorit-spark\/"},"modified":"2025-07-24T10:48:00","modified_gmt":"2025-07-24T08:48:00","slug":"silikoni-kompensaattorit-spark","status":"publish","type":"product","link":"https:\/\/pomello.ee\/fi\/toode\/silikoni-kompensaattorit-spark\/","title":{"rendered":"Silikoni kompensaattorit Spark"},"content":{"rendered":"<p><strong>Tuotetta voi k\u00e4ytt\u00e4\u00e4 uudelleen.<\/strong><\/p>\n<p><strong>Puhdistus:<\/strong><br \/>\n1. Puhdista heti jokaisen k\u00e4ytt\u00f6kerran j\u00e4lkeen l\u00e4mpim\u00e4ll\u00e4 vedell\u00e4 ja antibakteerisella saippualla.<br \/>\n2. Desinfioi 70-prosenttisella alkoholipohjaisella tuotteella.<br \/>\n3. Huuhtele sitten vedell\u00e4 ja kuivaa.<br \/>\n4. Aseta tuote steriiliin, suljettuun astiaan.<\/p>\n","protected":false},"excerpt":{"rendered":"<p>Silikonikompensaattorit Spark \u2013 Ripsien kestoleikkauksen aikana jotkut ripset saattavat irrota silikonityynyst\u00e4, ja jos niit\u00e4 ei kiinnitet\u00e4, t\u00e4m\u00e4 vaikuttaa t\u00e4ydelliseen taivutustulokseen. Jotta tulos olisi aina t\u00e4ydellinen, irtonaiset karvat on tarpeen kiinnitt\u00e4\u00e4 silikonityynyill\u00e4 \u2013 tarvittaessa my\u00f6s vaiheessa 1.<\/p>\n","protected":false},"featured_media":33632,"comment_status":"open","ping_status":"closed","template":"","meta":{"_monsterinsights_skip_tracking":false,"_monsterinsights_sitenote_active":false,"_monsterinsights_sitenote_note":"","_monsterinsights_sitenote_category":0},"product_brand":[],"product_cat":[475,516,521],"product_tag":[],"class_list":{"0":"post-33641","1":"product","2":"type-product","3":"status-publish","4":"has-post-thumbnail","6":"product_cat-ripset","7":"product_cat-lash-lift-fi","8":"product_cat-silikonityynyt","9":"pa_brand-pomello-fi","10":"pa_varv-lilla-fi","11":"pa_varv-sinine-fi","13":"first","14":"outofstock","15":"taxable","16":"shipping-taxable","17":"purchasable","18":"product-type-variable"},"_links":{"self":[{"href":"https:\/\/pomello.ee\/fi\/wp-json\/wp\/v2\/product\/33641","targetHints":{"allow":["GET"]}}],"collection":[{"href":"https:\/\/pomello.ee\/fi\/wp-json\/wp\/v2\/product"}],"about":[{"href":"https:\/\/pomello.ee\/fi\/wp-json\/wp\/v2\/types\/product"}],"replies":[{"embeddable":true,"href":"https:\/\/pomello.ee\/fi\/wp-json\/wp\/v2\/comments?post=33641"}],"wp:featuredmedia":[{"embeddable":true,"href":"https:\/\/pomello.ee\/fi\/wp-json\/wp\/v2\/media\/33632"}],"wp:attachment":[{"href":"https:\/\/pomello.ee\/fi\/wp-json\/wp\/v2\/media?parent=33641"}],"wp:term":[{"taxonomy":"product_brand","embeddable":true,"href":"https:\/\/pomello.ee\/fi\/wp-json\/wp\/v2\/product_brand?post=33641"},{"taxonomy":"product_cat","embeddable":true,"href":"https:\/\/pomello.ee\/fi\/wp-json\/wp\/v2\/product_cat?post=33641"},{"taxonomy":"product_tag","embeddable":true,"href":"https:\/\/pomello.ee\/fi\/wp-json\/wp\/v2\/product_tag?post=33641"}],"curies":[{"name":"wp","href":"https:\/\/api.w.org\/{rel}","templated":true}]}}