{"id":33735,"date":"2025-07-25T08:18:58","date_gmt":"2025-07-25T06:18:58","guid":{"rendered":"https:\/\/pomello.ee\/toode\/puiset-vahalastat-50-kpl\/"},"modified":"2025-10-07T11:33:36","modified_gmt":"2025-10-07T09:33:36","slug":"puiset-vahalastat-50-kpl","status":"publish","type":"product","link":"https:\/\/pomello.ee\/fi\/toode\/puiset-vahalastat-50-kpl\/","title":{"rendered":"Puiset vahalastat 50 kpl"},"content":{"rendered":"","protected":false},"excerpt":{"rendered":"<p><strong>Kertak\u00e4ytt\u00f6iset puiset vahalastat 50 kpl<\/strong><\/p>\n<p>K\u00e4yt\u00e4nn\u00f6lliset ja k\u00e4tev\u00e4sti muotoillut puiset lastat sopivat useisiin kauneushoitoihin.<\/p>\n<ul>\n<li>Valmistettu puusta, ei-steriili<\/li>\n<li>50 kappaleen pakkaus<\/li>\n<li>Sopii vahan ja sokeritahnan levitt\u00e4miseen<\/li>\n<li>My\u00f6s parafiinihoitoihin ja kosmeettisiin naamioihin<\/li>\n<\/ul>\n<p>K\u00e4tev\u00e4 k\u00e4ytt\u00e4\u00e4 klassisen ja k\u00e4tev\u00e4n muotonsa ansiosta. Ihanteellinen ty\u00f6kalu ammattimaiseen ja hygieeniseen kauneudenhoitoon.<\/p>\n","protected":false},"featured_media":33653,"comment_status":"open","ping_status":"closed","template":"","meta":{"_monsterinsights_skip_tracking":false,"_monsterinsights_sitenote_active":false,"_monsterinsights_sitenote_note":"","_monsterinsights_sitenote_category":0},"product_brand":[],"product_cat":[507,542,1228,540],"product_tag":[],"class_list":{"0":"post-33735","1":"product","2":"type-product","3":"status-publish","4":"has-post-thumbnail","6":"product_cat-karvanpoisto","7":"product_cat-karvanpoisto-tarvikkeet-fi","8":"product_cat-kertakayttotuotteet","9":"product_cat-tarvikkeet","10":"pa_brand-pomello-fi","11":"pa_suurus-150x18x1-8mm-fi","13":"first","14":"outofstock","15":"taxable","16":"shipping-taxable","17":"purchasable","18":"product-type-simple"},"_links":{"self":[{"href":"https:\/\/pomello.ee\/fi\/wp-json\/wp\/v2\/product\/33735","targetHints":{"allow":["GET"]}}],"collection":[{"href":"https:\/\/pomello.ee\/fi\/wp-json\/wp\/v2\/product"}],"about":[{"href":"https:\/\/pomello.ee\/fi\/wp-json\/wp\/v2\/types\/product"}],"replies":[{"embeddable":true,"href":"https:\/\/pomello.ee\/fi\/wp-json\/wp\/v2\/comments?post=33735"}],"wp:featuredmedia":[{"embeddable":true,"href":"https:\/\/pomello.ee\/fi\/wp-json\/wp\/v2\/media\/33653"}],"wp:attachment":[{"href":"https:\/\/pomello.ee\/fi\/wp-json\/wp\/v2\/media?parent=33735"}],"wp:term":[{"taxonomy":"product_brand","embeddable":true,"href":"https:\/\/pomello.ee\/fi\/wp-json\/wp\/v2\/product_brand?post=33735"},{"taxonomy":"product_cat","embeddable":true,"href":"https:\/\/pomello.ee\/fi\/wp-json\/wp\/v2\/product_cat?post=33735"},{"taxonomy":"product_tag","embeddable":true,"href":"https:\/\/pomello.ee\/fi\/wp-json\/wp\/v2\/product_tag?post=33735"}],"curies":[{"name":"wp","href":"https:\/\/api.w.org\/{rel}","templated":true}]}}