{"id":33738,"date":"2025-07-25T08:30:41","date_gmt":"2025-07-25T06:30:41","guid":{"rendered":"https:\/\/pomello.ee\/toode\/puiset-vahalastat-150-kpl\/"},"modified":"2025-09-08T15:36:56","modified_gmt":"2025-09-08T13:36:56","slug":"puiset-vahalastat-150-kpl","status":"publish","type":"product","link":"https:\/\/pomello.ee\/fi\/toode\/puiset-vahalastat-150-kpl\/","title":{"rendered":"Puiset vahalastat 150 kpl"},"content":{"rendered":"","protected":false},"excerpt":{"rendered":"<p><strong>Kertak\u00e4ytt\u00f6iset puiset vahalastat 150 kpl<\/strong><\/p>\n<p>Korkealaatuiset kertak\u00e4ytt\u00f6iset puiset lastat, jotka sopivat erinomaisesti erilaisiin kauneustoimenpiteisiin.<\/p>\n<ul>\n<li>Valmistettu puusta, ei-steriili<\/li>\n<li>150 kpl pakkaus<\/li>\n<li>Sopii vahan ja sokeritahnan levitt\u00e4miseen<\/li>\n<li>Voidaan k\u00e4ytt\u00e4\u00e4 my\u00f6s parafiinihoitoihin ja kosmeettisten naamioiden levitt\u00e4miseen<\/li>\n<\/ul>\n<p>K\u00e4tev\u00e4n kokonsa ja muotonsa ansiosta n\u00e4m\u00e4 lastat sopivat erityisen hyvin tarkkaan ty\u00f6skentelyyn: kulmakarvat, bikinialue, kainalot, yl\u00e4huuli jne.<\/p>\n","protected":false},"featured_media":33659,"comment_status":"open","ping_status":"closed","template":"","meta":{"_monsterinsights_skip_tracking":false,"_monsterinsights_sitenote_active":false,"_monsterinsights_sitenote_note":"","_monsterinsights_sitenote_category":0},"product_brand":[],"product_cat":[507,542,1228,540],"product_tag":[],"class_list":{"0":"post-33738","1":"product","2":"type-product","3":"status-publish","4":"has-post-thumbnail","6":"product_cat-karvanpoisto","7":"product_cat-karvanpoisto-tarvikkeet-fi","8":"product_cat-kertakayttotuotteet","9":"product_cat-tarvikkeet","10":"pa_brand-pomello-fi","11":"pa_suurus-140x6x1-4mm-fi","13":"first","14":"instock","15":"taxable","16":"shipping-taxable","17":"purchasable","18":"product-type-simple"},"_links":{"self":[{"href":"https:\/\/pomello.ee\/fi\/wp-json\/wp\/v2\/product\/33738","targetHints":{"allow":["GET"]}}],"collection":[{"href":"https:\/\/pomello.ee\/fi\/wp-json\/wp\/v2\/product"}],"about":[{"href":"https:\/\/pomello.ee\/fi\/wp-json\/wp\/v2\/types\/product"}],"replies":[{"embeddable":true,"href":"https:\/\/pomello.ee\/fi\/wp-json\/wp\/v2\/comments?post=33738"}],"wp:featuredmedia":[{"embeddable":true,"href":"https:\/\/pomello.ee\/fi\/wp-json\/wp\/v2\/media\/33659"}],"wp:attachment":[{"href":"https:\/\/pomello.ee\/fi\/wp-json\/wp\/v2\/media?parent=33738"}],"wp:term":[{"taxonomy":"product_brand","embeddable":true,"href":"https:\/\/pomello.ee\/fi\/wp-json\/wp\/v2\/product_brand?post=33738"},{"taxonomy":"product_cat","embeddable":true,"href":"https:\/\/pomello.ee\/fi\/wp-json\/wp\/v2\/product_cat?post=33738"},{"taxonomy":"product_tag","embeddable":true,"href":"https:\/\/pomello.ee\/fi\/wp-json\/wp\/v2\/product_tag?post=33738"}],"curies":[{"name":"wp","href":"https:\/\/api.w.org\/{rel}","templated":true}]}}