{"id":33740,"date":"2025-07-25T08:43:32","date_gmt":"2025-07-25T06:43:32","guid":{"rendered":"https:\/\/pomello.ee\/toode\/puinen-vahalastalasetti-400-kpl\/"},"modified":"2025-08-18T12:46:12","modified_gmt":"2025-08-18T10:46:12","slug":"puinen-vahalastalasetti-400-kpl","status":"publish","type":"product","link":"https:\/\/pomello.ee\/fi\/toode\/puinen-vahalastalasetti-400-kpl\/","title":{"rendered":"Puinen vahalastalasetti 400 kpl"},"content":{"rendered":"","protected":false},"excerpt":{"rendered":"<p><strong>Puinen vahalastalasetti 400 kpl &#8211; eri kokoja<\/strong><\/p>\n<p>Laatikko sis\u00e4lt\u00e4\u00e4 valikoiman erikokoisia puisia vahalastalastomia, jotka sopivat jokap\u00e4iv\u00e4iseen k\u00e4ytt\u00f6\u00f6n vahauksessa ja muissa kauneudenhoitotoimenpiteiss\u00e4. Ihanteellinen setti ammattilaiselle, joka tarvitsee ty\u00f6skennelless\u00e4\u00e4n eri levyisi\u00e4 ja pituisia lastoja.<\/p>\n<p><strong>Settiin sis\u00e4ltyy:<\/strong><\/p>\n<ul>\n<li>150 \u00d7 isoa lastaa \u2013 150 \u00d7 18 \u00d7 1,8 mm<\/li>\n<li>150 \u00d7 kapeaa lastaa \u2013 140 \u00d7 6 \u00d7 1,4 mm<\/li>\n<li>100 \u00d7 keskikokoista lastaa \u2013 114 \u00d7 10 \u00d7 2 mm<\/li>\n<\/ul>\n<p>Sopii tarkkuutta vaativiin t\u00f6ihin (kulmakarvat, bikinialue, yl\u00e4huuli) ja my\u00f6s suuremmille alueille. Lastiat ovat kertak\u00e4ytt\u00f6isi\u00e4, puisia ja steriloimattomia.<\/p>\n","protected":false},"featured_media":33669,"comment_status":"open","ping_status":"closed","template":"","meta":{"_monsterinsights_skip_tracking":false,"_monsterinsights_sitenote_active":false,"_monsterinsights_sitenote_note":"","_monsterinsights_sitenote_category":0},"product_brand":[],"product_cat":[507,542,1228,540],"product_tag":[],"class_list":{"0":"post-33740","1":"product","2":"type-product","3":"status-publish","4":"has-post-thumbnail","6":"product_cat-karvanpoisto","7":"product_cat-karvanpoisto-tarvikkeet-fi","8":"product_cat-kertakayttotuotteet","9":"product_cat-tarvikkeet","10":"pa_brand-pomello-fi","12":"first","13":"instock","14":"taxable","15":"shipping-taxable","16":"purchasable","17":"product-type-simple"},"_links":{"self":[{"href":"https:\/\/pomello.ee\/fi\/wp-json\/wp\/v2\/product\/33740","targetHints":{"allow":["GET"]}}],"collection":[{"href":"https:\/\/pomello.ee\/fi\/wp-json\/wp\/v2\/product"}],"about":[{"href":"https:\/\/pomello.ee\/fi\/wp-json\/wp\/v2\/types\/product"}],"replies":[{"embeddable":true,"href":"https:\/\/pomello.ee\/fi\/wp-json\/wp\/v2\/comments?post=33740"}],"wp:featuredmedia":[{"embeddable":true,"href":"https:\/\/pomello.ee\/fi\/wp-json\/wp\/v2\/media\/33669"}],"wp:attachment":[{"href":"https:\/\/pomello.ee\/fi\/wp-json\/wp\/v2\/media?parent=33740"}],"wp:term":[{"taxonomy":"product_brand","embeddable":true,"href":"https:\/\/pomello.ee\/fi\/wp-json\/wp\/v2\/product_brand?post=33740"},{"taxonomy":"product_cat","embeddable":true,"href":"https:\/\/pomello.ee\/fi\/wp-json\/wp\/v2\/product_cat?post=33740"},{"taxonomy":"product_tag","embeddable":true,"href":"https:\/\/pomello.ee\/fi\/wp-json\/wp\/v2\/product_tag?post=33740"}],"curies":[{"name":"wp","href":"https:\/\/api.w.org\/{rel}","templated":true}]}}