{"id":33742,"date":"2025-07-25T08:53:10","date_gmt":"2025-07-25T06:53:10","guid":{"rendered":"https:\/\/pomello.ee\/toode\/kosmeettiset-vanulaput-600-kpl\/"},"modified":"2025-07-25T08:53:10","modified_gmt":"2025-07-25T06:53:10","slug":"kosmeettiset-vanulaput-600-kpl","status":"publish","type":"product","link":"https:\/\/pomello.ee\/fi\/toode\/kosmeettiset-vanulaput-600-kpl\/","title":{"rendered":"Kosmeettiset vanulaput 600 kpl"},"content":{"rendered":"","protected":false},"excerpt":{"rendered":"<p><strong>Kosmeettiset vanulappuja 600 kpl \/ 250 g<\/strong><\/p>\n<p>Korkealaatuisesta 100 % puuvillasta valmistetut kosmeettiset vanulappuja ovat kest\u00e4vi\u00e4 ja silkkisen pehmeit\u00e4. Py\u00f6re\u00e4t vanulappuja k\u00e4ytet\u00e4\u00e4n t\u00e4ydellisesti kasvojen ihon p\u00e4ivitt\u00e4iseen puhdistukseen ja hoitoon. Erityinen pinta varmistaa lian ja meikkij\u00e4\u00e4mien tehokkaan poistamisen.<\/p>\n<p><strong>Ominaisuudet:<\/strong><\/p>\n<ul>\n<li>Valmistettu 100 % puuvillasta<\/li>\n<li>Valkoinen v\u00e4ri<\/li>\n<li>Pakkaus 600 kpl \/ 250 g<\/li>\n<li>Kest\u00e4v\u00e4t, pehme\u00e4t ja ihoyst\u00e4v\u00e4lliset<\/li>\n<\/ul>\n<p>T\u00e4ydellinen kauneushoitoloihin ja kotik\u00e4ytt\u00f6\u00f6n. Ihanteellinen meikin poistoon, kasvoveden, miselliveden tai voiteiden levitt\u00e4miseen.<\/p>\n","protected":false},"featured_media":33678,"comment_status":"open","ping_status":"closed","template":"","meta":{"_monsterinsights_skip_tracking":false,"_monsterinsights_sitenote_active":false,"_monsterinsights_sitenote_note":"","_monsterinsights_sitenote_category":0},"product_brand":[],"product_cat":[540,1228],"product_tag":[],"class_list":{"0":"post-33742","1":"product","2":"type-product","3":"status-publish","4":"has-post-thumbnail","6":"product_cat-tarvikkeet","7":"product_cat-kertakayttotuotteet","8":"pa_brand-pomello-fi","10":"first","11":"outofstock","12":"taxable","13":"shipping-taxable","14":"purchasable","15":"product-type-simple"},"_links":{"self":[{"href":"https:\/\/pomello.ee\/fi\/wp-json\/wp\/v2\/product\/33742","targetHints":{"allow":["GET"]}}],"collection":[{"href":"https:\/\/pomello.ee\/fi\/wp-json\/wp\/v2\/product"}],"about":[{"href":"https:\/\/pomello.ee\/fi\/wp-json\/wp\/v2\/types\/product"}],"replies":[{"embeddable":true,"href":"https:\/\/pomello.ee\/fi\/wp-json\/wp\/v2\/comments?post=33742"}],"wp:featuredmedia":[{"embeddable":true,"href":"https:\/\/pomello.ee\/fi\/wp-json\/wp\/v2\/media\/33678"}],"wp:attachment":[{"href":"https:\/\/pomello.ee\/fi\/wp-json\/wp\/v2\/media?parent=33742"}],"wp:term":[{"taxonomy":"product_brand","embeddable":true,"href":"https:\/\/pomello.ee\/fi\/wp-json\/wp\/v2\/product_brand?post=33742"},{"taxonomy":"product_cat","embeddable":true,"href":"https:\/\/pomello.ee\/fi\/wp-json\/wp\/v2\/product_cat?post=33742"},{"taxonomy":"product_tag","embeddable":true,"href":"https:\/\/pomello.ee\/fi\/wp-json\/wp\/v2\/product_tag?post=33742"}],"curies":[{"name":"wp","href":"https:\/\/api.w.org\/{rel}","templated":true}]}}