{"id":33748,"date":"2025-07-25T09:28:50","date_gmt":"2025-07-25T07:28:50","guid":{"rendered":"https:\/\/pomello.ee\/toode\/kertakayttoiset-nitriilikasineet-mustat-100-kpl\/"},"modified":"2025-07-25T09:28:50","modified_gmt":"2025-07-25T07:28:50","slug":"kertakayttoiset-nitriilikasineet-mustat-100-kpl","status":"publish","type":"product","link":"https:\/\/pomello.ee\/fi\/toode\/kertakayttoiset-nitriilikasineet-mustat-100-kpl\/","title":{"rendered":"Kertak\u00e4ytt\u00f6iset nitriilik\u00e4sineet, mustat, 100 kpl"},"content":{"rendered":"<h3 data-start=\"53\" data-end=\"74\"><strong data-start=\"57\" data-end=\"74\">Ominaisuudet:<\/strong><\/h3>\n<ul data-start=\"76\" data-end=\"372\">\n<li data-start=\"76\" data-end=\"119\">\n<p data-start=\"78\" data-end=\"119\">Vahvat ja joustavat, kest\u00e4v\u00e4t venytyst\u00e4<\/p>\n<\/li>\n<li data-start=\"120\" data-end=\"165\">\n<p data-start=\"122\" data-end=\"165\">Sopivat tarkkuutta vaativiin ty\u00f6teht\u00e4viin<\/p>\n<\/li>\n<li data-start=\"166\" data-end=\"245\">\n<p data-start=\"168\" data-end=\"245\">Rullattu mansetti helpottaa pukemista ja riisumista \u2013 ei rullaudu itsest\u00e4\u00e4n<\/p>\n<\/li>\n<li data-start=\"246\" data-end=\"300\">\n<p data-start=\"248\" data-end=\"300\">Suojaavat ei-toivotuilta ja haitallisilta aineilta<\/p>\n<\/li>\n<li data-start=\"301\" data-end=\"372\">\n<p data-start=\"303\" data-end=\"372\">Tarjoavat maksimaalista mukavuutta ja istuvat luonnollisesti k\u00e4teen<\/p>\n<\/li>\n<\/ul>\n<h3 data-start=\"379\" data-end=\"403\"><strong data-start=\"383\" data-end=\"403\">Tekniset tiedot:<\/strong><\/h3>\n<ul data-start=\"405\" data-end=\"701\">\n<li data-start=\"405\" data-end=\"443\">\n<p data-start=\"407\" data-end=\"443\">Tyyppi: Diagnostiset, ei-steriilit<\/p>\n<\/li>\n<li data-start=\"444\" data-end=\"467\">\n<p data-start=\"446\" data-end=\"467\">Materiaali: Nitrili<\/p>\n<\/li>\n<li data-start=\"468\" data-end=\"485\">\n<p data-start=\"470\" data-end=\"485\">Puuterittomat<\/p>\n<\/li>\n<li data-start=\"486\" data-end=\"532\">\n<p data-start=\"488\" data-end=\"532\">Pinta: Sile\u00e4, sormien kohdalla teksturoitu<\/p>\n<\/li>\n<li data-start=\"533\" data-end=\"580\">\n<p data-start=\"535\" data-end=\"580\">Muoto: Yleismallinen, rullatulla mansetilla<\/p>\n<\/li>\n<li data-start=\"581\" data-end=\"603\">\n<p data-start=\"583\" data-end=\"603\">Paino: 3,7 \u00b1 0,2 g<\/p>\n<\/li>\n<li data-start=\"604\" data-end=\"616\">\n<p data-start=\"606\" data-end=\"616\">AQL: 1.5<\/p>\n<\/li>\n<li data-start=\"617\" data-end=\"632\">\n<p data-start=\"619\" data-end=\"632\">V\u00e4ri: Musta<\/p>\n<\/li>\n<li data-start=\"633\" data-end=\"652\">\n<p data-start=\"635\" data-end=\"652\">Kertak\u00e4ytt\u00f6iset<\/p>\n<\/li>\n<li data-start=\"653\" data-end=\"680\">\n<p data-start=\"655\" data-end=\"680\">S\u00e4ilyvyysaika: 5 vuotta<\/p>\n<\/li>\n<li data-start=\"681\" data-end=\"701\">\n<p data-start=\"683\" data-end=\"701\">Pakkaus: 100 kpl<\/p>\n<\/li>\n<\/ul>\n<h3 data-start=\"708\" data-end=\"754\"><strong data-start=\"712\" data-end=\"754\">Sertifikaatit ja vaatimustenmukaisuus:<\/strong><\/h3>\n<ul data-start=\"756\" data-end=\"898\">\n<li data-start=\"756\" data-end=\"791\">\n<p data-start=\"758\" data-end=\"791\">CE-vaatimustenmukaisuusvakuutus<\/p>\n<\/li>\n<li data-start=\"792\" data-end=\"839\">\n<p data-start=\"794\" data-end=\"839\">T\u00e4ytt\u00e4\u00e4 direktiivit 93\/42\/EEC ja 2007\/47\/EC<\/p>\n<\/li>\n<li data-start=\"840\" data-end=\"857\">\n<p data-start=\"842\" data-end=\"857\">ISO 9001:2008<\/p>\n<\/li>\n<li data-start=\"858\" data-end=\"876\">\n<p data-start=\"860\" data-end=\"876\">ISO 13485:2003<\/p>\n<\/li>\n<li data-start=\"877\" data-end=\"898\">\n<p data-start=\"879\" data-end=\"898\">ISO 13485: CMDCAS<\/p>\n<\/li>\n<\/ul>\n<h3 data-start=\"905\" data-end=\"927\"><strong data-start=\"909\" data-end=\"927\">K\u00e4ytt\u00f6kohteet:<\/strong><\/h3>\n<ul data-start=\"929\" data-end=\"1056\">\n<li data-start=\"929\" data-end=\"966\">\n<p data-start=\"931\" data-end=\"966\">Kauneudenhoito ja terveydenhuolto<\/p>\n<\/li>\n<li data-start=\"967\" data-end=\"997\">\n<p data-start=\"969\" data-end=\"997\">Elintarvikkeiden k\u00e4sittely<\/p>\n<\/li>\n<li data-start=\"998\" data-end=\"1024\">\n<p data-start=\"1000\" data-end=\"1024\">Kevyt kemikaalisuojaus<\/p>\n<\/li>\n<li data-start=\"1025\" data-end=\"1056\">\n<p data-start=\"1027\" data-end=\"1056\">P\u00e4ivitt\u00e4inen hygieniak\u00e4ytt\u00f6<\/p>\n<\/li>\n<\/ul>\n","protected":false},"excerpt":{"rendered":"<p>ALL4MED-kertak\u00e4ytt\u00f6iset nitriilik\u00e4sineet on suunniteltu ammattilaisille, jotka eiv\u00e4t tingi laadusta. N\u00e4m\u00e4 k\u00e4sineet yhdist\u00e4v\u00e4t maksimaalisen kest\u00e4vyyden, mukavuuden ja monipuolisuuden \u2013 ihanteelliset kauneudenhoitopalveluihin, l\u00e4\u00e4ketieteeseen ja elintarviketeollisuuteen.<\/p>\n<p>K\u00e4sineet ovat vahvat ja halkeilemattomat. Samalla ne s\u00e4ilytt\u00e4v\u00e4t joustavuuden ja luonnollisen istuvuuden, tarjoten luotettavan suojan \u00f6ljyj\u00e4, rasvoja ja kevyempi\u00e4 kemikaaleja vastaan.<\/p>\n<p>Hyv\u00e4ksytty k\u00e4ytett\u00e4v\u00e4ksi elintarvikkeiden kanssa \u2013 ihanteellinen valinta niille, jotka arvostavat hygieniaa ja luotettavuutta.<\/p>\n","protected":false},"featured_media":33687,"comment_status":"open","ping_status":"closed","template":"","meta":{"_monsterinsights_skip_tracking":false,"_monsterinsights_sitenote_active":false,"_monsterinsights_sitenote_note":"","_monsterinsights_sitenote_category":0},"product_brand":[],"product_cat":[540,1228],"product_tag":[],"class_list":{"0":"post-33748","1":"product","2":"type-product","3":"status-publish","4":"has-post-thumbnail","6":"product_cat-tarvikkeet","7":"product_cat-kertakayttotuotteet","8":"pa_suurus-l-mustat","9":"pa_suurus-m-mustat","10":"pa_suurus-s-mustat","11":"pa_suurus-xs-mustat","12":"pa_varv-must-fi","14":"first","15":"instock","16":"taxable","17":"shipping-taxable","18":"purchasable","19":"product-type-variable"},"_links":{"self":[{"href":"https:\/\/pomello.ee\/fi\/wp-json\/wp\/v2\/product\/33748","targetHints":{"allow":["GET"]}}],"collection":[{"href":"https:\/\/pomello.ee\/fi\/wp-json\/wp\/v2\/product"}],"about":[{"href":"https:\/\/pomello.ee\/fi\/wp-json\/wp\/v2\/types\/product"}],"replies":[{"embeddable":true,"href":"https:\/\/pomello.ee\/fi\/wp-json\/wp\/v2\/comments?post=33748"}],"wp:featuredmedia":[{"embeddable":true,"href":"https:\/\/pomello.ee\/fi\/wp-json\/wp\/v2\/media\/33687"}],"wp:attachment":[{"href":"https:\/\/pomello.ee\/fi\/wp-json\/wp\/v2\/media?parent=33748"}],"wp:term":[{"taxonomy":"product_brand","embeddable":true,"href":"https:\/\/pomello.ee\/fi\/wp-json\/wp\/v2\/product_brand?post=33748"},{"taxonomy":"product_cat","embeddable":true,"href":"https:\/\/pomello.ee\/fi\/wp-json\/wp\/v2\/product_cat?post=33748"},{"taxonomy":"product_tag","embeddable":true,"href":"https:\/\/pomello.ee\/fi\/wp-json\/wp\/v2\/product_tag?post=33748"}],"curies":[{"name":"wp","href":"https:\/\/api.w.org\/{rel}","templated":true}]}}