{"id":33758,"date":"2025-07-25T09:40:17","date_gmt":"2025-07-25T07:40:17","guid":{"rendered":"https:\/\/pomello.ee\/toode\/kertakayttoiset-nitriilikasineet-pinkki-100-kpl\/"},"modified":"2025-07-25T09:40:17","modified_gmt":"2025-07-25T07:40:17","slug":"kertakayttoiset-nitriilikasineet-pinkki-100-kpl","status":"publish","type":"product","link":"https:\/\/pomello.ee\/fi\/toode\/kertakayttoiset-nitriilikasineet-pinkki-100-kpl\/","title":{"rendered":"Kertak\u00e4ytt\u00f6iset nitriilik\u00e4sineet Pinkki 100 kpl"},"content":{"rendered":"<h3 data-start=\"57\" data-end=\"78\"><strong data-start=\"61\" data-end=\"78\">Ominaisuudet:<\/strong><\/h3>\n<ul data-start=\"80\" data-end=\"376\">\n<li data-start=\"80\" data-end=\"123\">\n<p data-start=\"82\" data-end=\"123\">Vahvat ja joustavat, kest\u00e4v\u00e4t venytyst\u00e4<\/p>\n<\/li>\n<li data-start=\"124\" data-end=\"169\">\n<p data-start=\"126\" data-end=\"169\">Sopivat tarkkuutta vaativiin ty\u00f6teht\u00e4viin<\/p>\n<\/li>\n<li data-start=\"170\" data-end=\"249\">\n<p data-start=\"172\" data-end=\"249\">Rullattu mansetti helpottaa pukemista ja riisumista \u2013 ei rullaudu itsest\u00e4\u00e4n<\/p>\n<\/li>\n<li data-start=\"250\" data-end=\"304\">\n<p data-start=\"252\" data-end=\"304\">Suojaavat ei-toivotuilta ja haitallisilta aineilta<\/p>\n<\/li>\n<li data-start=\"305\" data-end=\"376\">\n<p data-start=\"307\" data-end=\"376\">Tarjoavat maksimaalista mukavuutta ja istuvat luonnollisesti k\u00e4teen<\/p>\n<\/li>\n<\/ul>\n<h3 data-start=\"383\" data-end=\"407\"><strong data-start=\"387\" data-end=\"407\">Tekniset tiedot:<\/strong><\/h3>\n<ul data-start=\"409\" data-end=\"715\">\n<li data-start=\"409\" data-end=\"447\">\n<p data-start=\"411\" data-end=\"447\">Tyyppi: Diagnostiset, ei-steriilit<\/p>\n<\/li>\n<li data-start=\"448\" data-end=\"471\">\n<p data-start=\"450\" data-end=\"471\">Materiaali: Nitrili<\/p>\n<\/li>\n<li data-start=\"472\" data-end=\"489\">\n<p data-start=\"474\" data-end=\"489\">Puuterittomat<\/p>\n<\/li>\n<li data-start=\"490\" data-end=\"536\">\n<p data-start=\"492\" data-end=\"536\">Pinta: Sile\u00e4, sormien kohdalla karhennettu<\/p>\n<\/li>\n<li data-start=\"537\" data-end=\"584\">\n<p data-start=\"539\" data-end=\"584\">Muoto: Yleismallinen, rullatulla mansetilla<\/p>\n<\/li>\n<li data-start=\"585\" data-end=\"607\">\n<p data-start=\"587\" data-end=\"607\">Paino: 3,7 \u00b1 0,2 g<\/p>\n<\/li>\n<li data-start=\"608\" data-end=\"620\">\n<p data-start=\"610\" data-end=\"620\">AQL: 1.5<\/p>\n<\/li>\n<li data-start=\"621\" data-end=\"646\">\n<p data-start=\"623\" data-end=\"646\">V\u00e4ri: Vaaleanpunainen<\/p>\n<\/li>\n<li data-start=\"647\" data-end=\"666\">\n<p data-start=\"649\" data-end=\"666\">Kertak\u00e4ytt\u00f6iset<\/p>\n<\/li>\n<li data-start=\"667\" data-end=\"694\">\n<p data-start=\"669\" data-end=\"694\">S\u00e4ilyvyysaika: 5 vuotta<\/p>\n<\/li>\n<li data-start=\"695\" data-end=\"715\">\n<p data-start=\"697\" data-end=\"715\">Pakkaus: 100 kpl<\/p>\n<\/li>\n<\/ul>\n<h3 data-start=\"722\" data-end=\"768\"><strong data-start=\"726\" data-end=\"768\">Sertifikaatit ja vaatimustenmukaisuus:<\/strong><\/h3>\n<ul data-start=\"770\" data-end=\"912\">\n<li data-start=\"770\" data-end=\"805\">\n<p data-start=\"772\" data-end=\"805\">CE-vaatimustenmukaisuusvakuutus<\/p>\n<\/li>\n<li data-start=\"806\" data-end=\"853\">\n<p data-start=\"808\" data-end=\"853\">T\u00e4ytt\u00e4\u00e4 direktiivit 93\/42\/EEC ja 2007\/47\/EC<\/p>\n<\/li>\n<li data-start=\"854\" data-end=\"871\">\n<p data-start=\"856\" data-end=\"871\">ISO 9001:2008<\/p>\n<\/li>\n<li data-start=\"872\" data-end=\"890\">\n<p data-start=\"874\" data-end=\"890\">ISO 13485:2003<\/p>\n<\/li>\n<li data-start=\"891\" data-end=\"912\">\n<p data-start=\"893\" data-end=\"912\">ISO 13485: CMDCAS<\/p>\n<\/li>\n<\/ul>\n<h3 data-start=\"919\" data-end=\"941\"><strong data-start=\"923\" data-end=\"941\">K\u00e4ytt\u00f6kohteet:<\/strong><\/h3>\n<ul data-start=\"943\" data-end=\"1070\">\n<li data-start=\"943\" data-end=\"980\">\n<p data-start=\"945\" data-end=\"980\">Kauneudenhoito ja terveydenhuolto<\/p>\n<\/li>\n<li data-start=\"981\" data-end=\"1011\">\n<p data-start=\"983\" data-end=\"1011\">Elintarvikkeiden k\u00e4sittely<\/p>\n<\/li>\n<li data-start=\"1012\" data-end=\"1038\">\n<p data-start=\"1014\" data-end=\"1038\">Kevyt kemikaalisuojaus<\/p>\n<\/li>\n<li data-start=\"1039\" data-end=\"1070\">\n<p data-start=\"1041\" data-end=\"1070\">P\u00e4ivitt\u00e4inen hygieniak\u00e4ytt\u00f6<\/p>\n<\/li>\n<\/ul>\n","protected":false},"excerpt":{"rendered":"<p>ALL4MED-kertak\u00e4ytt\u00f6iset nitriilik\u00e4sineet on suunniteltu ammattilaisille, jotka eiv\u00e4t tingi laadusta. N\u00e4m\u00e4 k\u00e4sineet yhdist\u00e4v\u00e4t maksimaalisen kest\u00e4vyyden, mukavuuden ja monipuolisuuden \u2013 ihanteelliset kauneudenhoitopalveluihin, l\u00e4\u00e4ketieteeseen ja elintarviketeollisuuteen.<\/p>\n<p>K\u00e4sineet ovat vahvat ja halkeilemattomat. Samalla ne s\u00e4ilytt\u00e4v\u00e4t joustavuuden ja luonnollisen istuvuuden, tarjoten luotettavan suojan \u00f6ljyj\u00e4, rasvoja ja kevyempi\u00e4 kemikaaleja vastaan.<\/p>\n<p>Hyv\u00e4ksytty k\u00e4ytett\u00e4v\u00e4ksi elintarvikkeiden kanssa \u2013 ihanteellinen valinta niille, jotka arvostavat hygieniaa ja luotettavuutta.<\/p>\n","protected":false},"featured_media":33691,"comment_status":"open","ping_status":"closed","template":"","meta":{"_monsterinsights_skip_tracking":false,"_monsterinsights_sitenote_active":false,"_monsterinsights_sitenote_note":"","_monsterinsights_sitenote_category":0},"product_brand":[],"product_cat":[540,1228],"product_tag":[],"class_list":{"0":"post-33758","1":"product","2":"type-product","3":"status-publish","4":"has-post-thumbnail","6":"product_cat-tarvikkeet","7":"product_cat-kertakayttotuotteet","8":"pa_suurus-l-pinkki","9":"pa_suurus-m-pinkki","10":"pa_suurus-s-pinkki","11":"pa_suurus-xs-pinkki","12":"pa_varv-roosa-fi","14":"first","15":"outofstock","16":"taxable","17":"shipping-taxable","18":"purchasable","19":"product-type-variable"},"_links":{"self":[{"href":"https:\/\/pomello.ee\/fi\/wp-json\/wp\/v2\/product\/33758","targetHints":{"allow":["GET"]}}],"collection":[{"href":"https:\/\/pomello.ee\/fi\/wp-json\/wp\/v2\/product"}],"about":[{"href":"https:\/\/pomello.ee\/fi\/wp-json\/wp\/v2\/types\/product"}],"replies":[{"embeddable":true,"href":"https:\/\/pomello.ee\/fi\/wp-json\/wp\/v2\/comments?post=33758"}],"wp:featuredmedia":[{"embeddable":true,"href":"https:\/\/pomello.ee\/fi\/wp-json\/wp\/v2\/media\/33691"}],"wp:attachment":[{"href":"https:\/\/pomello.ee\/fi\/wp-json\/wp\/v2\/media?parent=33758"}],"wp:term":[{"taxonomy":"product_brand","embeddable":true,"href":"https:\/\/pomello.ee\/fi\/wp-json\/wp\/v2\/product_brand?post=33758"},{"taxonomy":"product_cat","embeddable":true,"href":"https:\/\/pomello.ee\/fi\/wp-json\/wp\/v2\/product_cat?post=33758"},{"taxonomy":"product_tag","embeddable":true,"href":"https:\/\/pomello.ee\/fi\/wp-json\/wp\/v2\/product_tag?post=33758"}],"curies":[{"name":"wp","href":"https:\/\/api.w.org\/{rel}","templated":true}]}}