{"id":33795,"date":"2025-07-25T15:51:18","date_gmt":"2025-07-25T13:51:18","guid":{"rendered":"https:\/\/pomello.ee\/toode\/italwax-full-body-wax-1kg\/"},"modified":"2026-02-18T08:53:26","modified_gmt":"2026-02-18T06:53:26","slug":"italwax-full-body-wax-1kg","status":"publish","type":"product","link":"https:\/\/pomello.ee\/fi\/toode\/italwax-full-body-wax-1kg\/","title":{"rendered":"ITALWAX Full Body Wax 1kg"},"content":{"rendered":"<h3 data-start=\"49\" data-end=\"98\"><strong data-start=\"53\" data-end=\"98\">Premium-synteettinen vaha herk\u00e4lle iholle<\/strong><\/h3>\n<p data-start=\"100\" data-end=\"286\">Uuden sukupolven <strong data-start=\"117\" data-end=\"147\">hypoallergeeninen kovavaha<\/strong>, joka on suunniteltu erityisesti herkille alueille, kuten bikinialueelle, kasvoille ja kainaloihin. Ei sis\u00e4ll\u00e4 luonnollisia m\u00e4ntyhartseja.<\/p>\n<p data-start=\"288\" data-end=\"660\">Vahalla on <strong data-start=\"299\" data-end=\"322\">matala sulamispiste<\/strong> (n. +38\u202f\u00b0C). Se on joustava, ei murru levitett\u00e4ess\u00e4 eik\u00e4 veny ep\u00e4miellytt\u00e4v\u00e4sti. Erityinen koostumus takaa, ett\u00e4 vaha tarttuu tehokkaasti jopa kaikkein lyhyimpiin ja karkeimpiin karvoihin. Se muodostaa iholle ohuen, joustavan kalvon, joka <strong data-start=\"562\" data-end=\"591\">poistetaan ilman liuskoja<\/strong>. Vaha voidaan levitt\u00e4\u00e4 lastalla karvojen kasvusuunnasta riippumatta.<\/p>\n<h3 data-start=\"667\" data-end=\"688\"><strong data-start=\"671\" data-end=\"688\">Ominaisuudet:<\/strong><\/h3>\n<ul data-start=\"690\" data-end=\"888\">\n<li data-start=\"690\" data-end=\"715\">\n<p data-start=\"692\" data-end=\"715\">Sopii herk\u00e4lle iholle<\/p>\n<\/li>\n<li data-start=\"716\" data-end=\"745\">\n<p data-start=\"718\" data-end=\"745\">Ei sis\u00e4ll\u00e4 luonnonhartsia<\/p>\n<\/li>\n<li data-start=\"746\" data-end=\"781\">\n<p data-start=\"748\" data-end=\"781\">Poistetaan ilman poistoliuskoja<\/p>\n<\/li>\n<li data-start=\"782\" data-end=\"821\">\n<p data-start=\"784\" data-end=\"821\">Matala sulamisl\u00e4mp\u00f6tila (~38\u201340\u202f\u00b0C)<\/p>\n<\/li>\n<li data-start=\"822\" data-end=\"845\">\n<p data-start=\"824\" data-end=\"845\">Ei veny eik\u00e4 katkea<\/p>\n<\/li>\n<li data-start=\"846\" data-end=\"888\">\n<p data-start=\"848\" data-end=\"888\">Tarttuu hyvin my\u00f6s lyhyisiin karvoihin<\/p>\n<\/li>\n<\/ul>\n<h3 data-start=\"895\" data-end=\"914\"><strong data-start=\"899\" data-end=\"914\">K\u00e4ytt\u00f6ohje:<\/strong><\/h3>\n<ol data-start=\"916\" data-end=\"1604\">\n<li data-start=\"916\" data-end=\"970\">\n<p data-start=\"919\" data-end=\"970\">L\u00e4mmit\u00e4 vaha ty\u00f6skentelyl\u00e4mp\u00f6tilaan (noin 40\u202f\u00b0C).<\/p>\n<\/li>\n<li data-start=\"971\" data-end=\"1048\">\n<p data-start=\"974\" data-end=\"1048\">Puhdista iho alkoholipohjaisella voiteella, poista lika ja meikinj\u00e4\u00e4m\u00e4t.<\/p>\n<\/li>\n<li data-start=\"1049\" data-end=\"1122\">\n<p data-start=\"1052\" data-end=\"1122\">Halutessasi levit\u00e4 pieni m\u00e4\u00e4r\u00e4 talkkia tai esik\u00e4sittely\u00f6ljy\u00e4 iholle.<\/p>\n<\/li>\n<li data-start=\"1123\" data-end=\"1260\">\n<p data-start=\"1126\" data-end=\"1260\">Ota tarvittava m\u00e4\u00e4r\u00e4 vahaa ja levit\u00e4 se lastalla ohuena kerroksena iholle \u2013 karvojen kasvusuunnasta riippumatta, mutta itseesi p\u00e4in.<\/p>\n<\/li>\n<li data-start=\"1261\" data-end=\"1342\">\n<p data-start=\"1264\" data-end=\"1342\">J\u00e4t\u00e4 vahan reunaan pieni \u201ckahva\u201d, josta sen voi my\u00f6hemmin helposti irrottaa.<\/p>\n<\/li>\n<li data-start=\"1343\" data-end=\"1390\">\n<p data-start=\"1346\" data-end=\"1390\">Odota muutama sekunti, ett\u00e4 vaha kovettuu.<\/p>\n<\/li>\n<li data-start=\"1391\" data-end=\"1491\">\n<p data-start=\"1394\" data-end=\"1491\">Kirist\u00e4 ihoa ja poista vaha nopealla ja napakalla liikkeell\u00e4 \u2013 ihonmy\u00f6t\u00e4isesti ja itseesi p\u00e4in.<\/p>\n<\/li>\n<li data-start=\"1492\" data-end=\"1535\">\n<p data-start=\"1495\" data-end=\"1535\">Toista k\u00e4sittely seuraavalla alueella.<\/p>\n<\/li>\n<li data-start=\"1536\" data-end=\"1604\">\n<p data-start=\"1539\" data-end=\"1604\">Rauhoita iho depilaation j\u00e4lkeen erityisell\u00e4 j\u00e4lkihoitovoiteella.<\/p>\n<\/li>\n<\/ol>\n","protected":false},"excerpt":{"rendered":"<h3 data-start=\"68\" data-end=\"122\"><strong data-start=\"72\" data-end=\"122\">ITALWAX FULL BODY WAX \u2013 koko vartalon kovavaha<\/strong><\/h3>\n<p data-start=\"124\" data-end=\"501\">Italwax Full Body Wax on suunniteltu <strong data-start=\"161\" data-end=\"216\">tehokkaaseen karvanpoistoon kaikilta kehon alueilta<\/strong> \u2013 kasvoista jalkoihin. Vahan erityinen koostumus tekee siit\u00e4 eritt\u00e4in muovautuvan ja helposti levittyv\u00e4n. Se levitet\u00e4\u00e4n lastalla my\u00f6s suuremmille ihoalueille vaivattomasti ja muodostaa ohuen, joustavan kalvon, joka tarttuu tehokkaasti jopa kaikkein lyhyimpiin ja vahvimpiin karvoihin.<\/p>\n<p data-start=\"503\" data-end=\"512\"><strong data-start=\"503\" data-end=\"512\">Edut:<\/strong><\/p>\n<ul data-start=\"513\" data-end=\"688\">\n<li data-start=\"513\" data-end=\"553\">\n<p data-start=\"515\" data-end=\"553\">Helppo levitt\u00e4\u00e4 suurille ihoalueille<\/p>\n<\/li>\n<li data-start=\"554\" data-end=\"610\">\n<p data-start=\"556\" data-end=\"610\">Tarttuu hyvin my\u00f6s lyhyisiin ja karkeisiin karvoihin<\/p>\n<\/li>\n<li data-start=\"611\" data-end=\"654\">\n<p data-start=\"613\" data-end=\"654\">Joustava koostumus \u2013 ei murru eik\u00e4 veny<\/p>\n<\/li>\n<li data-start=\"655\" data-end=\"688\">\n<p data-start=\"657\" data-end=\"688\"><strong data-start=\"657\" data-end=\"686\">Poistetaan ilman liuskoja<\/strong><\/p>\n<\/li>\n<\/ul>\n","protected":false},"featured_media":33703,"comment_status":"open","ping_status":"closed","template":"","meta":{"_monsterinsights_skip_tracking":false,"_monsterinsights_sitenote_active":false,"_monsterinsights_sitenote_note":"","_monsterinsights_sitenote_category":0},"product_brand":[],"product_cat":[507,555],"product_tag":[],"class_list":{"0":"post-33795","1":"product","2":"type-product","3":"status-publish","4":"has-post-thumbnail","6":"product_cat-karvanpoisto","7":"product_cat-vahat","8":"pa_brand-italwax-fi","10":"first","11":"instock","12":"taxable","13":"shipping-taxable","14":"purchasable","15":"product-type-simple"},"_links":{"self":[{"href":"https:\/\/pomello.ee\/fi\/wp-json\/wp\/v2\/product\/33795","targetHints":{"allow":["GET"]}}],"collection":[{"href":"https:\/\/pomello.ee\/fi\/wp-json\/wp\/v2\/product"}],"about":[{"href":"https:\/\/pomello.ee\/fi\/wp-json\/wp\/v2\/types\/product"}],"replies":[{"embeddable":true,"href":"https:\/\/pomello.ee\/fi\/wp-json\/wp\/v2\/comments?post=33795"}],"wp:featuredmedia":[{"embeddable":true,"href":"https:\/\/pomello.ee\/fi\/wp-json\/wp\/v2\/media\/33703"}],"wp:attachment":[{"href":"https:\/\/pomello.ee\/fi\/wp-json\/wp\/v2\/media?parent=33795"}],"wp:term":[{"taxonomy":"product_brand","embeddable":true,"href":"https:\/\/pomello.ee\/fi\/wp-json\/wp\/v2\/product_brand?post=33795"},{"taxonomy":"product_cat","embeddable":true,"href":"https:\/\/pomello.ee\/fi\/wp-json\/wp\/v2\/product_cat?post=33795"},{"taxonomy":"product_tag","embeddable":true,"href":"https:\/\/pomello.ee\/fi\/wp-json\/wp\/v2\/product_tag?post=33795"}],"curies":[{"name":"wp","href":"https:\/\/api.w.org\/{rel}","templated":true}]}}