{"id":33797,"date":"2025-07-25T20:21:19","date_gmt":"2025-07-25T18:21:19","guid":{"rendered":"https:\/\/pomello.ee\/toode\/italwax-paste-sisaankasvaneille-karvoille-30-ml\/"},"modified":"2026-02-18T08:53:26","modified_gmt":"2026-02-18T06:53:26","slug":"italwax-paste-sisaankasvaneille-karvoille-30-ml","status":"publish","type":"product","link":"https:\/\/pomello.ee\/fi\/toode\/italwax-paste-sisaankasvaneille-karvoille-30-ml\/","title":{"rendered":"ITALWAX paste sis\u00e4\u00e4nkasvaneille karvoille 30 ml"},"content":{"rendered":"<h3 data-start=\"45\" data-end=\"64\"><strong data-start=\"49\" data-end=\"64\">K\u00e4ytt\u00f6ohje:<\/strong><\/h3>\n<p data-start=\"66\" data-end=\"368\"><strong data-start=\"66\" data-end=\"82\">Puhdista iho<\/strong> \u2013 pese hoidettava alue miedolla puhdistusaineella.<br data-start=\"133\" data-end=\"136\" \/><strong data-start=\"136\" data-end=\"152\">Levit\u00e4 tuote<\/strong> \u2013 ota pieni m\u00e4\u00e4r\u00e4 voidetta ja hiero se ihoon kevyin, py\u00f6rivin liikkein.<br data-start=\"224\" data-end=\"227\" \/><strong data-start=\"227\" data-end=\"243\">\u00c4l\u00e4 huuhtele<\/strong> \u2013 anna tuotteen imeyty\u00e4 ihoon.<br data-start=\"274\" data-end=\"277\" \/><strong data-start=\"277\" data-end=\"297\" data-is-only-node=\"\">K\u00e4yt\u00e4 p\u00e4ivitt\u00e4in<\/strong> \u2013 parhaan lopputuloksen saavuttamiseksi k\u00e4yt\u00e4 tuotetta s\u00e4\u00e4nn\u00f6llisesti.<\/p>\n<p data-start=\"370\" data-end=\"643\"><strong data-start=\"370\" data-end=\"407\">Ingrown Hair Therapy Active Paste<\/strong> auttaa ehk\u00e4isem\u00e4\u00e4n ja hoitamaan sis\u00e4\u00e4nkasvaneita karvoja jo niiden varhaisessa vaiheessa. Samalla se kuorii, rauhoittaa ja kosteuttaa ihoa. Sopii erinomaisesti p\u00e4ivitt\u00e4iseen k\u00e4ytt\u00f6\u00f6n niin ammattimaisissa hoidoissa kuin kotihoidossakin.<\/p>\n","protected":false},"excerpt":{"rendered":"<h3 data-start=\"124\" data-end=\"207\"><strong data-start=\"128\" data-end=\"207\">Italwax Paste \u2013 tehokas apu sis\u00e4\u00e4nkasvaneiden karvojen ehk\u00e4isyyn ja hoitoon<\/strong><\/h3>\n<p data-start=\"209\" data-end=\"368\"><strong data-start=\"209\" data-end=\"226\">Italwax Pasta<\/strong> on tehokas ratkaisu sis\u00e4\u00e4nkasvaneiden karvojen ja iho\u00e4rsytyksen ehk\u00e4isyyn ja lievitykseen kasvoilla, bikinialueella, jaloissa ja kainaloissa.<\/p>\n<p data-start=\"370\" data-end=\"417\"><strong data-start=\"370\" data-end=\"417\">Vaikuttavat aineet ja niiden hy\u00f6dyt iholle:<\/strong><\/p>\n<ul data-start=\"419\" data-end=\"861\">\n<li data-start=\"419\" data-end=\"522\">\n<p data-start=\"421\" data-end=\"522\"><strong data-start=\"421\" data-end=\"446\">Salisyylihappo (BHA):<\/strong> Puhdistaa ihohuokoset ja kuorii ihoa, lievitt\u00e4\u00e4 punoitusta ja tulehdusta.<\/p>\n<\/li>\n<li data-start=\"523\" data-end=\"652\">\n<p data-start=\"525\" data-end=\"652\"><strong data-start=\"525\" data-end=\"548\">Glykolihappo (AHA):<\/strong> Edist\u00e4\u00e4 ihosolujen uusiutumista ja kuorii ihon pintakerrosta, auttaen est\u00e4m\u00e4\u00e4n karvojen sis\u00e4\u00e4nkasvua.<\/p>\n<\/li>\n<li data-start=\"653\" data-end=\"770\">\n<p data-start=\"655\" data-end=\"770\"><strong data-start=\"655\" data-end=\"670\">Teepuu\u00f6ljy:<\/strong> Antiseptinen ja tulehdusta ehk\u00e4isev\u00e4 vaikutus, rauhoittaa \u00e4rtynytt\u00e4 ihoa ja ehk\u00e4isee infektioita.<\/p>\n<\/li>\n<li data-start=\"771\" data-end=\"861\">\n<p data-start=\"773\" data-end=\"861\"><strong data-start=\"773\" data-end=\"787\">Aloe vera:<\/strong> Luonnollinen kosteuttaja, joka rauhoittaa ihoa ja tukee sen uusiutumista.<\/p>\n<\/li>\n<\/ul>\n<p data-start=\"863\" data-end=\"894\"><strong data-start=\"863\" data-end=\"894\">S\u00e4\u00e4nn\u00f6llisen k\u00e4yt\u00f6n hy\u00f6dyt:<\/strong><\/p>\n<p data-start=\"896\" data-end=\"1101\">\u2714 V\u00e4hent\u00e4\u00e4 tulehdusta ja punoitusta<br data-start=\"931\" data-end=\"934\" \/>\u2714 Ehk\u00e4isee iho\u00e4rsytyksi\u00e4 ja tulehduksia<br data-start=\"973\" data-end=\"976\" \/>\u2714 Tukee tervett\u00e4 karvankasvua pit\u00e4en karvatupet puhtaina<br data-start=\"1032\" data-end=\"1035\" \/>\u2714 Parantaa ihon rakennetta ja tekee siit\u00e4 sile\u00e4n ja hyvin hoidetun<\/p>\n<p data-start=\"1103\" data-end=\"1248\"><strong data-start=\"1103\" data-end=\"1130\">Soveltuu k\u00e4ytett\u00e4v\u00e4ksi:<\/strong> kasvoille, jaloille, k\u00e4sivarsille ja bikinialueelle.<br data-start=\"1183\" data-end=\"1186\" \/><strong data-start=\"1186\" data-end=\"1201\">V\u00e4ltett\u00e4v\u00e4:<\/strong> rikkoutunutta tai voimakkaasti \u00e4rtynytt\u00e4 ihoa.<\/p>\n","protected":false},"featured_media":33717,"comment_status":"open","ping_status":"closed","template":"","meta":{"_monsterinsights_skip_tracking":false,"_monsterinsights_sitenote_active":false,"_monsterinsights_sitenote_note":"","_monsterinsights_sitenote_category":0},"product_brand":[],"product_cat":[507,552,542],"product_tag":[],"class_list":{"0":"post-33797","1":"product","2":"type-product","3":"status-publish","4":"has-post-thumbnail","6":"product_cat-karvanpoisto","7":"product_cat-jalkihuolto","8":"product_cat-karvanpoisto-tarvikkeet-fi","9":"pa_brand-italwax-fi","10":"pa_suurus-30-ml-fi","12":"first","13":"instock","14":"taxable","15":"shipping-taxable","16":"purchasable","17":"product-type-simple"},"_links":{"self":[{"href":"https:\/\/pomello.ee\/fi\/wp-json\/wp\/v2\/product\/33797","targetHints":{"allow":["GET"]}}],"collection":[{"href":"https:\/\/pomello.ee\/fi\/wp-json\/wp\/v2\/product"}],"about":[{"href":"https:\/\/pomello.ee\/fi\/wp-json\/wp\/v2\/types\/product"}],"replies":[{"embeddable":true,"href":"https:\/\/pomello.ee\/fi\/wp-json\/wp\/v2\/comments?post=33797"}],"wp:featuredmedia":[{"embeddable":true,"href":"https:\/\/pomello.ee\/fi\/wp-json\/wp\/v2\/media\/33717"}],"wp:attachment":[{"href":"https:\/\/pomello.ee\/fi\/wp-json\/wp\/v2\/media?parent=33797"}],"wp:term":[{"taxonomy":"product_brand","embeddable":true,"href":"https:\/\/pomello.ee\/fi\/wp-json\/wp\/v2\/product_brand?post=33797"},{"taxonomy":"product_cat","embeddable":true,"href":"https:\/\/pomello.ee\/fi\/wp-json\/wp\/v2\/product_cat?post=33797"},{"taxonomy":"product_tag","embeddable":true,"href":"https:\/\/pomello.ee\/fi\/wp-json\/wp\/v2\/product_tag?post=33797"}],"curies":[{"name":"wp","href":"https:\/\/api.w.org\/{rel}","templated":true}]}}