{"id":33799,"date":"2025-07-25T20:42:48","date_gmt":"2025-07-25T18:42:48","guid":{"rendered":"https:\/\/pomello.ee\/toode\/italwax-sitruunavahauksen-jalkeen-oljy-100-ml\/"},"modified":"2025-07-25T20:42:48","modified_gmt":"2025-07-25T18:42:48","slug":"italwax-sitruunavahauksen-jalkeen-oljy-100-ml","status":"publish","type":"product","link":"https:\/\/pomello.ee\/fi\/toode\/italwax-sitruunavahauksen-jalkeen-oljy-100-ml\/","title":{"rendered":"ITALWAX Sitruunavahauksen j\u00e4lkeen \u00f6ljy 100 ml"},"content":{"rendered":"","protected":false},"excerpt":{"rendered":"<h3 data-start=\"74\" data-end=\"158\"><strong data-start=\"78\" data-end=\"158\">ITALWAX After-Wax Oil Lemon &#8211; Sitruunavahauksen j\u00e4lkeen \u00f6ljy<\/strong><\/h3>\n<p data-start=\"160\" data-end=\"533\"><strong data-start=\"160\" data-end=\"191\">Italwax After-Wax Oil Lemon<\/strong> on erityisesti kehitetty <strong data-start=\"217\" data-end=\"252\">ihonhoitoon depilaation j\u00e4lkeen<\/strong>. Sen kevyt koostumus rauhoittaa ihoa, v\u00e4hent\u00e4\u00e4 \u00e4rsytyst\u00e4 ja auttaa poistamaan vahanj\u00e4\u00e4mi\u00e4 hell\u00e4varaisesti. \u00d6ljyll\u00e4 on miellytt\u00e4v\u00e4 ja raikas <strong data-start=\"393\" data-end=\"416\">sitruunainen tuoksu<\/strong>, ja se on rikastettu luonnollisilla hapoilla ja vitamiineilla, jotka tukevat ihon kosteustasapainoa ja uudistumista.<\/p>\n<p data-start=\"535\" data-end=\"564\"><strong data-start=\"535\" data-end=\"564\">Vaikutus ja ominaisuudet:<\/strong><\/p>\n<ul data-start=\"566\" data-end=\"858\">\n<li data-start=\"566\" data-end=\"619\">\n<p data-start=\"568\" data-end=\"619\">Rauhoittaa ja virkist\u00e4\u00e4 ihoa vahanpoiston j\u00e4lkeen<\/p>\n<\/li>\n<li data-start=\"620\" data-end=\"661\">\n<p data-start=\"622\" data-end=\"661\">Lievitt\u00e4\u00e4 ep\u00e4mukavuutta ja punoitusta<\/p>\n<\/li>\n<li data-start=\"662\" data-end=\"695\">\n<p data-start=\"664\" data-end=\"695\">Poistaa vahan j\u00e4\u00e4m\u00e4t hell\u00e4sti<\/p>\n<\/li>\n<li data-start=\"696\" data-end=\"733\">\n<p data-start=\"698\" data-end=\"733\">Antiseptinen ja suojaava vaikutus<\/p>\n<\/li>\n<li data-start=\"734\" data-end=\"791\">\n<p data-start=\"736\" data-end=\"791\">Rikastettu <strong data-start=\"747\" data-end=\"789\">sitruuna-, omena- ja askorbiinihapolla<\/strong><\/p>\n<\/li>\n<li data-start=\"792\" data-end=\"858\">\n<p data-start=\"794\" data-end=\"858\">Sis\u00e4lt\u00e4\u00e4 <strong data-start=\"803\" data-end=\"834\">A-, B-, C- ja P-vitamiineja<\/strong> sek\u00e4 eteerisi\u00e4 \u00f6ljyj\u00e4<\/p>\n<\/li>\n<\/ul>\n<p data-start=\"860\" data-end=\"880\"><strong data-start=\"860\" data-end=\"873\">Tilavuus:<\/strong> 100 ml<\/p>\n","protected":false},"featured_media":33722,"comment_status":"open","ping_status":"closed","template":"","meta":{"_monsterinsights_skip_tracking":false,"_monsterinsights_sitenote_active":false,"_monsterinsights_sitenote_note":"","_monsterinsights_sitenote_category":0},"product_brand":[],"product_cat":[507,552],"product_tag":[],"class_list":{"0":"post-33799","1":"product","2":"type-product","3":"status-publish","4":"has-post-thumbnail","6":"product_cat-karvanpoisto","7":"product_cat-jalkihuolto","8":"pa_brand-italwax-fi","9":"pa_suurus-100-ml-fi","10":"pa_suurus-250-ml-fi","12":"first","13":"instock","14":"taxable","15":"shipping-taxable","16":"purchasable","17":"product-type-variable"},"_links":{"self":[{"href":"https:\/\/pomello.ee\/fi\/wp-json\/wp\/v2\/product\/33799","targetHints":{"allow":["GET"]}}],"collection":[{"href":"https:\/\/pomello.ee\/fi\/wp-json\/wp\/v2\/product"}],"about":[{"href":"https:\/\/pomello.ee\/fi\/wp-json\/wp\/v2\/types\/product"}],"replies":[{"embeddable":true,"href":"https:\/\/pomello.ee\/fi\/wp-json\/wp\/v2\/comments?post=33799"}],"wp:featuredmedia":[{"embeddable":true,"href":"https:\/\/pomello.ee\/fi\/wp-json\/wp\/v2\/media\/33722"}],"wp:attachment":[{"href":"https:\/\/pomello.ee\/fi\/wp-json\/wp\/v2\/media?parent=33799"}],"wp:term":[{"taxonomy":"product_brand","embeddable":true,"href":"https:\/\/pomello.ee\/fi\/wp-json\/wp\/v2\/product_brand?post=33799"},{"taxonomy":"product_cat","embeddable":true,"href":"https:\/\/pomello.ee\/fi\/wp-json\/wp\/v2\/product_cat?post=33799"},{"taxonomy":"product_tag","embeddable":true,"href":"https:\/\/pomello.ee\/fi\/wp-json\/wp\/v2\/product_tag?post=33799"}],"curies":[{"name":"wp","href":"https:\/\/api.w.org\/{rel}","templated":true}]}}