{"id":33801,"date":"2025-07-25T21:03:00","date_gmt":"2025-07-25T19:03:00","guid":{"rendered":"https:\/\/pomello.ee\/toode\/italwax-viilentava-geeli-vahauksen-jalkeen-250-ml\/"},"modified":"2025-07-25T21:03:00","modified_gmt":"2025-07-25T19:03:00","slug":"italwax-viilentava-geeli-vahauksen-jalkeen-250-ml","status":"publish","type":"product","link":"https:\/\/pomello.ee\/fi\/toode\/italwax-viilentava-geeli-vahauksen-jalkeen-250-ml\/","title":{"rendered":"ITALWAX Viilent\u00e4v\u00e4 geeli vahauksen j\u00e4lkeen 250 ml"},"content":{"rendered":"<h3 data-start=\"40\" data-end=\"59\"><strong data-start=\"44\" data-end=\"59\">K\u00e4ytt\u00f6ohje:<\/strong><\/h3>\n<p data-start=\"61\" data-end=\"212\">Levit\u00e4 pieni m\u00e4\u00e4r\u00e4 geeli\u00e4 halutulle alueelle heti karvanpoiston j\u00e4lkeen.<br data-start=\"133\" data-end=\"136\" \/>Hiero geeli kevyesti ihoon py\u00f6rivin liikkein, kunnes se on t\u00e4ysin imeytynyt.<\/p>\n<p data-start=\"214\" data-end=\"300\" data-is-last-node=\"\" data-is-only-node=\"\">\u26a0\ufe0f <em data-start=\"217\" data-end=\"300\" data-is-last-node=\"\">V\u00e4lt\u00e4 geelin levitt\u00e4mist\u00e4 intiimialueen sis\u00e4osiin, koska tuote sis\u00e4lt\u00e4\u00e4 mentolia.<\/em><\/p>\n","protected":false},"excerpt":{"rendered":"<h3 data-start=\"92\" data-end=\"142\"><strong data-start=\"96\" data-end=\"142\">ITALWAX Viilent\u00e4v\u00e4 geeli vahauksen j\u00e4lkeen<\/strong><\/h3>\n<p data-start=\"144\" data-end=\"491\"><strong data-start=\"144\" data-end=\"172\">Italwax Viilent\u00e4v\u00e4 geeli<\/strong> on innovatiivinen, <strong data-start=\"192\" data-end=\"226\">vesipohjainen viilent\u00e4v\u00e4 geeli<\/strong>, joka on suunniteltu k\u00e4ytett\u00e4v\u00e4ksi karvanpoiston j\u00e4lkeen, erityisesti kovavahan tai sokerimassan k\u00e4yt\u00f6n j\u00e4lkeen. Geeliss\u00e4 on raikas <strong data-start=\"359\" data-end=\"381\">piparmintun tuoksu<\/strong>, ja se sis\u00e4lt\u00e4\u00e4 <strong data-start=\"398\" data-end=\"410\">mentolia<\/strong>, joka rauhoittaa ihoa ja antaa miellytt\u00e4v\u00e4n viile\u00e4n tunteen depilaation j\u00e4lkeen.<\/p>\n<p data-start=\"493\" data-end=\"661\">Geeli sopii erityisen hyvin <strong data-start=\"521\" data-end=\"553\">pienten ja herkkien alueiden<\/strong> hoitoon, kuten kainaloihin, kasvoille ja ulommalle bikinialueelle. Tuote sopii sek\u00e4 naisille ett\u00e4 miehille.<\/p>\n<p data-start=\"663\" data-end=\"684\"><strong data-start=\"663\" data-end=\"684\">Vaikutus ja edut:<\/strong><\/p>\n<ul data-start=\"686\" data-end=\"931\">\n<li data-start=\"686\" data-end=\"740\">\n<p data-start=\"688\" data-end=\"740\">Rauhoittaa ja virkist\u00e4\u00e4 ihoa karvanpoiston j\u00e4lkeen<\/p>\n<\/li>\n<li data-start=\"741\" data-end=\"781\">\n<p data-start=\"743\" data-end=\"781\">Lievitt\u00e4\u00e4 iho\u00e4rsytyst\u00e4 ja punoitusta<\/p>\n<\/li>\n<li data-start=\"782\" data-end=\"818\">\n<p data-start=\"784\" data-end=\"818\">Sis\u00e4lt\u00e4\u00e4 mentolia ja aloeuutetta<\/p>\n<\/li>\n<li data-start=\"819\" data-end=\"849\">\n<p data-start=\"821\" data-end=\"849\">Sopii herkille ihoalueille<\/p>\n<\/li>\n<li data-start=\"850\" data-end=\"895\">\n<p data-start=\"852\" data-end=\"895\">Soveltuu brasilialaisen vahauksen j\u00e4lkeen<\/p>\n<\/li>\n<li data-start=\"896\" data-end=\"931\">\n<p data-start=\"898\" data-end=\"931\">Kevyt ja ei-rasvainen koostumus<\/p>\n<\/li>\n<\/ul>\n","protected":false},"featured_media":33727,"comment_status":"open","ping_status":"closed","template":"","meta":{"_monsterinsights_skip_tracking":false,"_monsterinsights_sitenote_active":false,"_monsterinsights_sitenote_note":"","_monsterinsights_sitenote_category":0},"product_brand":[],"product_cat":[507,552],"product_tag":[],"class_list":{"0":"post-33801","1":"product","2":"type-product","3":"status-publish","4":"has-post-thumbnail","6":"product_cat-karvanpoisto","7":"product_cat-jalkihuolto","8":"pa_brand-italwax-fi","9":"pa_suurus-250-ml-fi","11":"first","12":"instock","13":"taxable","14":"shipping-taxable","15":"purchasable","16":"product-type-simple"},"_links":{"self":[{"href":"https:\/\/pomello.ee\/fi\/wp-json\/wp\/v2\/product\/33801","targetHints":{"allow":["GET"]}}],"collection":[{"href":"https:\/\/pomello.ee\/fi\/wp-json\/wp\/v2\/product"}],"about":[{"href":"https:\/\/pomello.ee\/fi\/wp-json\/wp\/v2\/types\/product"}],"replies":[{"embeddable":true,"href":"https:\/\/pomello.ee\/fi\/wp-json\/wp\/v2\/comments?post=33801"}],"wp:featuredmedia":[{"embeddable":true,"href":"https:\/\/pomello.ee\/fi\/wp-json\/wp\/v2\/media\/33727"}],"wp:attachment":[{"href":"https:\/\/pomello.ee\/fi\/wp-json\/wp\/v2\/media?parent=33801"}],"wp:term":[{"taxonomy":"product_brand","embeddable":true,"href":"https:\/\/pomello.ee\/fi\/wp-json\/wp\/v2\/product_brand?post=33801"},{"taxonomy":"product_cat","embeddable":true,"href":"https:\/\/pomello.ee\/fi\/wp-json\/wp\/v2\/product_cat?post=33801"},{"taxonomy":"product_tag","embeddable":true,"href":"https:\/\/pomello.ee\/fi\/wp-json\/wp\/v2\/product_tag?post=33801"}],"curies":[{"name":"wp","href":"https:\/\/api.w.org\/{rel}","templated":true}]}}