{"id":33803,"date":"2025-07-25T21:12:03","date_gmt":"2025-07-25T19:12:03","guid":{"rendered":"https:\/\/pomello.ee\/toode\/italwax-talkki-50-g\/"},"modified":"2026-02-18T08:53:26","modified_gmt":"2026-02-18T06:53:26","slug":"italwax-talkki-50-g","status":"publish","type":"product","link":"https:\/\/pomello.ee\/fi\/toode\/italwax-talkki-50-g\/","title":{"rendered":"ITALWAX Talkki 50 g"},"content":{"rendered":"","protected":false},"excerpt":{"rendered":"<h3 data-start=\"60\" data-end=\"122\"><strong data-start=\"64\" data-end=\"122\">Italwax Talkki \u2013 ihon valmisteluun ennen karvanpoistoa<\/strong><\/h3>\n<p data-start=\"124\" data-end=\"537\"><strong data-start=\"124\" data-end=\"142\">Italwax Talkki<\/strong> on erityisesti kehitetty ihon valmisteluun ennen karvanpoistoa. Sill\u00e4 on erinomaiset imukykyiset ominaisuudet, jotka auttavat nopeasti <strong data-start=\"278\" data-end=\"308\">kuivaamaan ja rasvattomaan<\/strong> ihoa herkiss\u00e4 alueissa, kuten kainaloissa, kasvoilla ja bikinialueella. Talkkijauhe parantaa vahan tarttuvuutta ihoon ja muodostaa ohuen suojakerroksen, joka auttaa ehk\u00e4isem\u00e4\u00e4n iho\u00e4rsytyst\u00e4 ja vaurioita vahan poistamisen aikana.<\/p>\n<p data-start=\"539\" data-end=\"556\"><strong data-start=\"539\" data-end=\"556\">Ominaisuudet:<\/strong><\/p>\n<ul data-start=\"558\" data-end=\"800\">\n<li data-start=\"558\" data-end=\"625\">\n<p data-start=\"560\" data-end=\"625\">Valmistelee ihon karvanpoistoon parantamalla vahan tarttuvuutta<\/p>\n<\/li>\n<li data-start=\"626\" data-end=\"695\">\n<p data-start=\"628\" data-end=\"695\">Muodostaa suojaavan kerroksen, joka v\u00e4hent\u00e4\u00e4 iho\u00e4rsytyksen riski\u00e4<\/p>\n<\/li>\n<li data-start=\"696\" data-end=\"752\">\n<p data-start=\"698\" data-end=\"752\"><strong data-start=\"698\" data-end=\"726\">Ei sis\u00e4ll\u00e4 sinkkioksidia<\/strong> \u2013 sopii herk\u00e4lle iholle<\/p>\n<\/li>\n<li data-start=\"753\" data-end=\"800\">\n<p data-start=\"755\" data-end=\"800\"><strong data-start=\"755\" data-end=\"769\">Ainesosat:<\/strong> talkki, denaturoitu alkoholi<\/p>\n<\/li>\n<\/ul>\n<p data-start=\"802\" data-end=\"935\">T\u00e4ydellinen tuote <strong data-start=\"820\" data-end=\"876\">p\u00e4ivitt\u00e4iseen ammattilaisk\u00e4ytt\u00f6\u00f6n kauneushoitoloissa<\/strong> \u2013 auttaa takaamaan turvallisen ja tehokkaan karvanpoiston.<\/p>\n","protected":false},"featured_media":33732,"comment_status":"open","ping_status":"closed","template":"","meta":{"_monsterinsights_skip_tracking":false,"_monsterinsights_sitenote_active":false,"_monsterinsights_sitenote_note":"","_monsterinsights_sitenote_category":0},"product_brand":[],"product_cat":[507,480],"product_tag":[],"class_list":{"0":"post-33803","1":"product","2":"type-product","3":"status-publish","4":"has-post-thumbnail","6":"product_cat-karvanpoisto","7":"product_cat-esihoito","8":"pa_brand-italwax-fi","9":"pa_suurus-50-g-fi","11":"first","12":"instock","13":"taxable","14":"shipping-taxable","15":"purchasable","16":"product-type-simple"},"_links":{"self":[{"href":"https:\/\/pomello.ee\/fi\/wp-json\/wp\/v2\/product\/33803","targetHints":{"allow":["GET"]}}],"collection":[{"href":"https:\/\/pomello.ee\/fi\/wp-json\/wp\/v2\/product"}],"about":[{"href":"https:\/\/pomello.ee\/fi\/wp-json\/wp\/v2\/types\/product"}],"replies":[{"embeddable":true,"href":"https:\/\/pomello.ee\/fi\/wp-json\/wp\/v2\/comments?post=33803"}],"wp:featuredmedia":[{"embeddable":true,"href":"https:\/\/pomello.ee\/fi\/wp-json\/wp\/v2\/media\/33732"}],"wp:attachment":[{"href":"https:\/\/pomello.ee\/fi\/wp-json\/wp\/v2\/media?parent=33803"}],"wp:term":[{"taxonomy":"product_brand","embeddable":true,"href":"https:\/\/pomello.ee\/fi\/wp-json\/wp\/v2\/product_brand?post=33803"},{"taxonomy":"product_cat","embeddable":true,"href":"https:\/\/pomello.ee\/fi\/wp-json\/wp\/v2\/product_cat?post=33803"},{"taxonomy":"product_tag","embeddable":true,"href":"https:\/\/pomello.ee\/fi\/wp-json\/wp\/v2\/product_tag?post=33803"}],"curies":[{"name":"wp","href":"https:\/\/api.w.org\/{rel}","templated":true}]}}