{"id":33805,"date":"2025-07-26T11:05:57","date_gmt":"2025-07-26T09:05:57","guid":{"rendered":"https:\/\/pomello.ee\/toode\/inlei-lamica-gel-5ml\/"},"modified":"2025-08-01T21:08:53","modified_gmt":"2025-08-01T19:08:53","slug":"inlei-lamica-gel-5ml","status":"publish","type":"product","link":"https:\/\/pomello.ee\/fi\/toode\/inlei-lamica-gel-5ml\/","title":{"rendered":"InLei\u00ae LamiCa Gel 5ml"},"content":{"rendered":"","protected":false},"excerpt":{"rendered":"<h3 data-start=\"64\" data-end=\"132\"><strong data-start=\"68\" data-end=\"132\">InLei\u00ae LamiCa Gel \u2013 Vesipohjainen liima ripsien laminointiin<\/strong><\/h3>\n<p data-start=\"134\" data-end=\"481\"><strong data-start=\"134\" data-end=\"155\">InLei\u00ae LamiCa Gel<\/strong> on korkealaatuinen, <strong data-start=\"176\" data-end=\"199\">vesiliukoinen liima<\/strong>, joka on suunniteltu luonnollisten ripsien kiinnitt\u00e4miseen silikonimuotteihin ripsien laminoinnin eli lash lift -k\u00e4sittelyn aikana. Geelim\u00e4inen koostumus tekee tuotteesta ihanteellisen sek\u00e4 aloittelijoille ett\u00e4 ammattilaisille, jotka arvostavat tarkkuutta ja ty\u00f6skentelymukavuutta.<\/p>\n<p data-start=\"483\" data-end=\"735\"><strong data-start=\"483\" data-end=\"511\">Miksi valita LamiCa Gel?<\/strong><br data-start=\"511\" data-end=\"514\" \/>Toisin kuin perinteinen Fixing Gel, <strong data-start=\"550\" data-end=\"604\">LamiCa Gel antaa enemm\u00e4n ty\u00f6aikaa ennen kuivumista<\/strong>, mik\u00e4 mahdollistaa tarkemmat korjaukset ja ripsien t\u00e4ydellisen asettelun. Samalla se takaa vahvan pidon my\u00f6s paksummille ripsille.<\/p>\n<p data-start=\"737\" data-end=\"754\"><strong data-start=\"737\" data-end=\"754\">Ominaisuudet:<\/strong><\/p>\n<ul data-start=\"756\" data-end=\"1206\">\n<li data-start=\"756\" data-end=\"833\">\n<p data-start=\"758\" data-end=\"833\">Erinomainen valinta aloittelijoille ja tarkkuutta vaativaan ty\u00f6skentelyyn<\/p>\n<\/li>\n<li data-start=\"834\" data-end=\"902\">\n<p data-start=\"836\" data-end=\"902\">Kest\u00e4\u00e4 joustavana pitk\u00e4\u00e4n \u2013 helpottaa ty\u00f6skentely\u00e4 ja korjauksia<\/p>\n<\/li>\n<li data-start=\"903\" data-end=\"997\">\n<p data-start=\"905\" data-end=\"997\"><strong data-start=\"905\" data-end=\"950\">Ei muodosta kuivuttuaan lasimaista kalvoa<\/strong>, joka voisi est\u00e4\u00e4 muiden aineiden vaikutusta<\/p>\n<\/li>\n<li data-start=\"998\" data-end=\"1075\">\n<p data-start=\"1000\" data-end=\"1075\">Hieno ja pehme\u00e4 harja takaa tarkan levityksen ja v\u00e4hent\u00e4\u00e4 tuotteen hukkaa<\/p>\n<\/li>\n<li data-start=\"1076\" data-end=\"1135\">\n<p data-start=\"1078\" data-end=\"1135\">Kiinnitt\u00e4\u00e4 ripsikarvat lujasti \u2013 ohuista aina paksuihin<\/p>\n<\/li>\n<li data-start=\"1136\" data-end=\"1206\">\n<p data-start=\"1138\" data-end=\"1206\">Muodostaa ohuen kalvon, joka ei h\u00e4iritse hoidon seuraavia vaiheita<\/p>\n<\/li>\n<\/ul>\n<p data-start=\"1208\" data-end=\"1316\"><strong data-start=\"1208\" data-end=\"1219\">K\u00e4ytt\u00f6:<\/strong><br data-start=\"1219\" data-end=\"1222\" \/>Luonnollisten ripsien kiinnitt\u00e4miseen silikonimuottiin ripsien laminoinnin (lash lift) aikana.<\/p>\n<p data-start=\"1318\" data-end=\"1393\"><strong data-start=\"1318\" data-end=\"1354\">S\u00e4ilyvyysaika avaamisen j\u00e4lkeen:<\/strong> 2 kuukautta<br data-start=\"1366\" data-end=\"1369\" \/><strong data-start=\"1369\" data-end=\"1386\">Valmistusmaa:<\/strong> Italia<\/p>\n","protected":false},"featured_media":33766,"comment_status":"open","ping_status":"closed","template":"","meta":{"_monsterinsights_skip_tracking":false,"_monsterinsights_sitenote_active":false,"_monsterinsights_sitenote_note":"","_monsterinsights_sitenote_category":0},"product_brand":[],"product_cat":[475,516,519],"product_tag":[],"class_list":{"0":"post-33805","1":"product","2":"type-product","3":"status-publish","4":"has-post-thumbnail","6":"product_cat-ripset","7":"product_cat-lash-lift-fi","8":"product_cat-liimat","9":"pa_brand-inlei-fi","10":"pa_suurus-5-ml-fi","12":"first","13":"instock","14":"taxable","15":"shipping-taxable","16":"purchasable","17":"product-type-simple"},"_links":{"self":[{"href":"https:\/\/pomello.ee\/fi\/wp-json\/wp\/v2\/product\/33805","targetHints":{"allow":["GET"]}}],"collection":[{"href":"https:\/\/pomello.ee\/fi\/wp-json\/wp\/v2\/product"}],"about":[{"href":"https:\/\/pomello.ee\/fi\/wp-json\/wp\/v2\/types\/product"}],"replies":[{"embeddable":true,"href":"https:\/\/pomello.ee\/fi\/wp-json\/wp\/v2\/comments?post=33805"}],"wp:featuredmedia":[{"embeddable":true,"href":"https:\/\/pomello.ee\/fi\/wp-json\/wp\/v2\/media\/33766"}],"wp:attachment":[{"href":"https:\/\/pomello.ee\/fi\/wp-json\/wp\/v2\/media?parent=33805"}],"wp:term":[{"taxonomy":"product_brand","embeddable":true,"href":"https:\/\/pomello.ee\/fi\/wp-json\/wp\/v2\/product_brand?post=33805"},{"taxonomy":"product_cat","embeddable":true,"href":"https:\/\/pomello.ee\/fi\/wp-json\/wp\/v2\/product_cat?post=33805"},{"taxonomy":"product_tag","embeddable":true,"href":"https:\/\/pomello.ee\/fi\/wp-json\/wp\/v2\/product_tag?post=33805"}],"curies":[{"name":"wp","href":"https:\/\/api.w.org\/{rel}","templated":true}]}}