{"id":33807,"date":"2025-07-26T11:21:26","date_gmt":"2025-07-26T09:21:26","guid":{"rendered":"https:\/\/pomello.ee\/toode\/inlei-lash-stopper\/"},"modified":"2025-08-01T21:08:53","modified_gmt":"2025-08-01T19:08:53","slug":"inlei-lash-stopper","status":"publish","type":"product","link":"https:\/\/pomello.ee\/fi\/toode\/inlei-lash-stopper\/","title":{"rendered":"InLei\u00ae Lash Stopper"},"content":{"rendered":"","protected":false},"excerpt":{"rendered":"<h3 data-start=\"66\" data-end=\"129\"><strong data-start=\"70\" data-end=\"129\">InLei\u00ae Lash Stopper \u2013 T\u00e4ydellisen lash liftin salaisuus<\/strong><\/h3>\n<p data-start=\"131\" data-end=\"414\"><strong data-start=\"131\" data-end=\"154\">InLei\u00ae Lash Stopper<\/strong> on \u00e4lyk\u00e4s apuv\u00e4line, joka auttaa saavuttamaan <strong data-start=\"201\" data-end=\"243\">t\u00e4ydellisen ripsien laminointituloksen<\/strong>. Sen <strong data-start=\"249\" data-end=\"281\">puolikuun muotoinen muotoilu<\/strong> mukailee tarkasti silikonimuotin kaarevuutta, pit\u00e4en jokaisen ripsen paikoillaan ja est\u00e4en niiden irtoamisen muotista hoidon aikana.<\/p>\n<p data-start=\"416\" data-end=\"672\"><strong data-start=\"416\" data-end=\"436\">Perforoitu puoli<\/strong> parantaa ilmanvaihtoa ja v\u00e4hent\u00e4\u00e4 hoitoaineiden liikkumista, mik\u00e4 tekee ty\u00f6skentelyst\u00e4 turvallisempaa ja hallitumpaa. Se ehk\u00e4isee my\u00f6s l\u00e4mm\u00f6n kertymist\u00e4 silm\u00e4nymp\u00e4rysalueelle, mink\u00e4 ansiosta tuote sopii erityisen hyvin herk\u00e4lle iholle.<\/p>\n<p data-start=\"674\" data-end=\"700\"><strong data-start=\"674\" data-end=\"700\">Tuotteen ominaisuudet:<\/strong><\/p>\n<ul data-start=\"702\" data-end=\"999\">\n<li data-start=\"702\" data-end=\"779\">\n<p data-start=\"704\" data-end=\"779\">Valmistettu <strong data-start=\"716\" data-end=\"744\">100 % platinasilikonista<\/strong> \u2013 eritt\u00e4in pehme\u00e4 ja miellytt\u00e4v\u00e4<\/p>\n<\/li>\n<li data-start=\"780\" data-end=\"854\">\n<p data-start=\"782\" data-end=\"854\"><strong data-start=\"782\" data-end=\"803\">Ergonominen muoto<\/strong> \u2013 pit\u00e4\u00e4 ripset tarkasti ja tukevasti paikoillaan<\/p>\n<\/li>\n<li data-start=\"855\" data-end=\"929\">\n<p data-start=\"857\" data-end=\"929\"><strong data-start=\"857\" data-end=\"879\">Perforoitu rakenne<\/strong> \u2013 v\u00e4hent\u00e4\u00e4 l\u00e4mpenemist\u00e4 ja aineiden liikkumista<\/p>\n<\/li>\n<li data-start=\"930\" data-end=\"973\">\n<p data-start=\"932\" data-end=\"973\">Uudelleenk\u00e4ytett\u00e4v\u00e4 ja helppo puhdistaa<\/p>\n<\/li>\n<li data-start=\"974\" data-end=\"999\">\n<p data-start=\"976\" data-end=\"999\">Valmistettu Italiassa<\/p>\n<\/li>\n<\/ul>\n<p data-start=\"1001\" data-end=\"1022\"><strong data-start=\"1001\" data-end=\"1022\">Pakkaus sis\u00e4lt\u00e4\u00e4:<\/strong><\/p>\n<ul data-start=\"1024\" data-end=\"1102\">\n<li data-start=\"1024\" data-end=\"1068\">\n<p data-start=\"1026\" data-end=\"1068\">1 pari <strong data-start=\"1033\" data-end=\"1054\">Tiffanyn vihreit\u00e4<\/strong> stoppereita<\/p>\n<\/li>\n<li data-start=\"1069\" data-end=\"1102\">\n<p data-start=\"1071\" data-end=\"1102\">1 pari <strong data-start=\"1078\" data-end=\"1088\">mustia<\/strong> stoppereita<\/p>\n<\/li>\n<\/ul>\n<p data-start=\"1104\" data-end=\"1194\">T\u00e4ydellinen valinta ammattilaiselle, joka haluaa nostaa lash lift -hoidon uudelle tasolle.<\/p>\n<p data-start=\"1196\" data-end=\"1219\">\ud83d\udc49 <em data-start=\"1199\" data-end=\"1219\">Katso <strong><a href=\"https:\/\/www.instagram.com\/reel\/DL_21ghqCYn\/\">k\u00e4ytt\u00f6ohjeet<\/a><\/strong><\/em><\/p>\n","protected":false},"featured_media":33771,"comment_status":"open","ping_status":"closed","template":"","meta":{"_monsterinsights_skip_tracking":false,"_monsterinsights_sitenote_active":false,"_monsterinsights_sitenote_note":"","_monsterinsights_sitenote_category":0},"product_brand":[],"product_cat":[475,516,521],"product_tag":[],"class_list":{"0":"post-33807","1":"product","2":"type-product","3":"status-publish","4":"has-post-thumbnail","6":"product_cat-ripset","7":"product_cat-lash-lift-fi","8":"product_cat-silikonityynyt","9":"pa_brand-inlei-fi","11":"first","12":"instock","13":"taxable","14":"shipping-taxable","15":"purchasable","16":"product-type-simple"},"_links":{"self":[{"href":"https:\/\/pomello.ee\/fi\/wp-json\/wp\/v2\/product\/33807","targetHints":{"allow":["GET"]}}],"collection":[{"href":"https:\/\/pomello.ee\/fi\/wp-json\/wp\/v2\/product"}],"about":[{"href":"https:\/\/pomello.ee\/fi\/wp-json\/wp\/v2\/types\/product"}],"replies":[{"embeddable":true,"href":"https:\/\/pomello.ee\/fi\/wp-json\/wp\/v2\/comments?post=33807"}],"wp:featuredmedia":[{"embeddable":true,"href":"https:\/\/pomello.ee\/fi\/wp-json\/wp\/v2\/media\/33771"}],"wp:attachment":[{"href":"https:\/\/pomello.ee\/fi\/wp-json\/wp\/v2\/media?parent=33807"}],"wp:term":[{"taxonomy":"product_brand","embeddable":true,"href":"https:\/\/pomello.ee\/fi\/wp-json\/wp\/v2\/product_brand?post=33807"},{"taxonomy":"product_cat","embeddable":true,"href":"https:\/\/pomello.ee\/fi\/wp-json\/wp\/v2\/product_cat?post=33807"},{"taxonomy":"product_tag","embeddable":true,"href":"https:\/\/pomello.ee\/fi\/wp-json\/wp\/v2\/product_tag?post=33807"}],"curies":[{"name":"wp","href":"https:\/\/api.w.org\/{rel}","templated":true}]}}