{"id":33829,"date":"2025-07-29T08:43:01","date_gmt":"2025-07-29T06:43:01","guid":{"rendered":"https:\/\/pomello.ee\/toode\/italwax-pre-wax-lotion-aloe-vera-250-ml\/"},"modified":"2025-07-29T08:43:01","modified_gmt":"2025-07-29T06:43:01","slug":"italwax-pre-wax-lotion-aloe-vera-250-ml","status":"publish","type":"product","link":"https:\/\/pomello.ee\/fi\/toode\/italwax-pre-wax-lotion-aloe-vera-250-ml\/","title":{"rendered":"ItalWax Pre Wax Lotion Aloe Vera 250 ml"},"content":{"rendered":"","protected":false},"excerpt":{"rendered":"<h3 data-start=\"45\" data-end=\"120\"><strong data-start=\"49\" data-end=\"118\">ItalWax Pre Wax Lotion Aloe Vera \u2013 Karvanpoiston Esilotion 250 ml<\/strong><\/h3>\n<p data-start=\"122\" data-end=\"394\">Valmistele ihosi t\u00e4ydellisesti karvanpoistoon! \ud83c\udf3f <strong data-start=\"172\" data-end=\"208\">ItalWax Pre Wax Lotion Aloe Vera<\/strong> puhdistaa ihon hell\u00e4varaisesti, poistaa ylim\u00e4\u00e4r\u00e4isen talin ja nostaa ihokarvat paremman lopputuloksen saavuttamiseksi. <strong data-start=\"328\" data-end=\"347\">Aloe Vera -uute<\/strong> kosteuttaa ja suojaa ihoa k\u00e4sittelyn aikana.<\/p>\n<p data-start=\"396\" data-end=\"646\">\ud83d\udc9a <strong data-start=\"399\" data-end=\"423\">Miksi rakastat t\u00e4t\u00e4:<\/strong><br data-start=\"423\" data-end=\"426\" \/>\u2714\ufe0f Puhdistaa ja raikastaa ihon ennen karvanpoistoa<br data-start=\"476\" data-end=\"479\" \/>\u2714\ufe0f Nostaa karvat sile\u00e4mp\u00e4\u00e4 lopputulosta varten<br data-start=\"525\" data-end=\"528\" \/>\u2714\ufe0f Aloe Vera est\u00e4\u00e4 ihon kuivumista ja rauhoittaa<br data-start=\"576\" data-end=\"579\" \/>\u2714\ufe0f Sopii erityisesti suurille alueille (selk\u00e4, k\u00e4sivarret, jalat)<\/p>\n<p data-start=\"648\" data-end=\"766\"><strong data-start=\"648\" data-end=\"659\">K\u00e4ytt\u00f6:<\/strong><br data-start=\"659\" data-end=\"662\" \/>Levit\u00e4 iholle ennen karvanpoistoa kevyin hierovin liikkein. S\u00e4ilyt\u00e4 kuivassa paikassa huoneenl\u00e4mm\u00f6ss\u00e4.<\/p>\n","protected":false},"featured_media":33826,"comment_status":"open","ping_status":"closed","template":"","meta":{"_monsterinsights_skip_tracking":false,"_monsterinsights_sitenote_active":false,"_monsterinsights_sitenote_note":"","_monsterinsights_sitenote_category":0},"product_brand":[],"product_cat":[507,480],"product_tag":[],"class_list":{"0":"post-33829","1":"product","2":"type-product","3":"status-publish","4":"has-post-thumbnail","6":"product_cat-karvanpoisto","7":"product_cat-esihoito","8":"pa_brand-italwax-fi","9":"pa_suurus-250-ml-fi","11":"first","12":"instock","13":"taxable","14":"shipping-taxable","15":"purchasable","16":"product-type-simple"},"_links":{"self":[{"href":"https:\/\/pomello.ee\/fi\/wp-json\/wp\/v2\/product\/33829","targetHints":{"allow":["GET"]}}],"collection":[{"href":"https:\/\/pomello.ee\/fi\/wp-json\/wp\/v2\/product"}],"about":[{"href":"https:\/\/pomello.ee\/fi\/wp-json\/wp\/v2\/types\/product"}],"replies":[{"embeddable":true,"href":"https:\/\/pomello.ee\/fi\/wp-json\/wp\/v2\/comments?post=33829"}],"wp:featuredmedia":[{"embeddable":true,"href":"https:\/\/pomello.ee\/fi\/wp-json\/wp\/v2\/media\/33826"}],"wp:attachment":[{"href":"https:\/\/pomello.ee\/fi\/wp-json\/wp\/v2\/media?parent=33829"}],"wp:term":[{"taxonomy":"product_brand","embeddable":true,"href":"https:\/\/pomello.ee\/fi\/wp-json\/wp\/v2\/product_brand?post=33829"},{"taxonomy":"product_cat","embeddable":true,"href":"https:\/\/pomello.ee\/fi\/wp-json\/wp\/v2\/product_cat?post=33829"},{"taxonomy":"product_tag","embeddable":true,"href":"https:\/\/pomello.ee\/fi\/wp-json\/wp\/v2\/product_tag?post=33829"}],"curies":[{"name":"wp","href":"https:\/\/api.w.org\/{rel}","templated":true}]}}