{"id":34024,"date":"2025-08-08T14:53:34","date_gmt":"2025-08-08T12:53:34","guid":{"rendered":"https:\/\/pomello.ee\/toode\/maxymova-adhesive-powder-5-g\/"},"modified":"2025-08-08T14:53:34","modified_gmt":"2025-08-08T12:53:34","slug":"maxymova-adhesive-powder-5-g","status":"publish","type":"product","link":"https:\/\/pomello.ee\/fi\/toode\/maxymova-adhesive-powder-5-g\/","title":{"rendered":"MAXYMOVA Adhesive Powder 5 g"},"content":{"rendered":"<p data-start=\"48\" data-end=\"70\"><strong data-start=\"48\" data-end=\"68\">T\u00e4rkeimm\u00e4t edut:<\/strong><\/p>\n<ul data-start=\"72\" data-end=\"535\">\n<li data-start=\"72\" data-end=\"235\">\n<p data-start=\"74\" data-end=\"235\"><strong data-start=\"74\" data-end=\"108\">Tiivist\u00e4\u00e4 emulsion koostumusta<\/strong> \u2013 tekee Lift- ja kiinnityslotionista paksumpaa ja helpommin hallittavaa, mik\u00e4 mahdollistaa turvallisen ja tarkan levityksen.<\/p>\n<\/li>\n<li data-start=\"236\" data-end=\"397\">\n<p data-start=\"238\" data-end=\"397\"><strong data-start=\"238\" data-end=\"267\">Helpompi ripsien erottelu<\/strong> \u2013 auttaa erottamaan ripset kiinnitysvaiheessa, kun ne ovat elastisia. T\u00e4m\u00e4 tekee haastavasta vaiheesta huomattavasti helpomman.<\/p>\n<\/li>\n<li data-start=\"398\" data-end=\"535\">\n<p data-start=\"400\" data-end=\"535\"><strong data-start=\"400\" data-end=\"421\">Nopeampi prosessi<\/strong> \u2013 koska liimakerros puuttuu, emulsio p\u00e4\u00e4see ripsiin nopeammin, mik\u00e4 lyhent\u00e4\u00e4 ty\u00f6aikaa ilman, ett\u00e4 laatu k\u00e4rsii.<\/p>\n<\/li>\n<\/ul>\n<p data-start=\"537\" data-end=\"550\"><strong data-start=\"537\" data-end=\"548\">K\u00e4ytt\u00f6:<\/strong><\/p>\n<ul data-start=\"551\" data-end=\"837\">\n<li data-start=\"551\" data-end=\"742\">\n<p data-start=\"553\" data-end=\"742\"><strong data-start=\"553\" data-end=\"582\">Lash Liftin Lift-emulsio:<\/strong> Sekoita 30\u201340 % Adhesive Powderia Step 1 -emulsioon, kunnes saavutat hieman \u201ckermamaisen\u201d koostumuksen. M\u00e4\u00e4r\u00e4\u00e4 voi s\u00e4\u00e4t\u00e4\u00e4 asiakkaan ripsien vahvuuden mukaan.<\/p>\n<\/li>\n<li data-start=\"743\" data-end=\"837\">\n<p data-start=\"745\" data-end=\"837\"><strong data-start=\"745\" data-end=\"764\">Kiinnityskreem:<\/strong> Lis\u00e4\u00e4 noin 30 % Adhesive Powderia Step 2:een ja sekoita huolellisesti.<\/p>\n<\/li>\n<\/ul>\n<p data-start=\"839\" data-end=\"956\">5 g purkki. Vain ammattilaisk\u00e4ytt\u00f6\u00f6n.<br data-start=\"876\" data-end=\"879\" \/>Suositellaan k\u00e4ytett\u00e4v\u00e4ksi kysteiiniamiinia sis\u00e4lt\u00e4vien emulsioiden kanssa.<\/p>\n<p data-start=\"832\" data-end=\"856\"><img decoding=\"async\" class=\"wp-image-33952 size-full\" src=\"https:\/\/pomello.ee\/wp-content\/uploads\/2025\/08\/MAXYMOVA-Adhesive-Powder-5-g-4.jpg\" alt=\"MAXYMOVA Adhesive Powder 5 g 4\" width=\"1000\" height=\"1200\" srcset=\"https:\/\/pomello.ee\/wp-content\/uploads\/2025\/08\/MAXYMOVA-Adhesive-Powder-5-g-4.jpg 1000w, https:\/\/pomello.ee\/wp-content\/uploads\/2025\/08\/MAXYMOVA-Adhesive-Powder-5-g-4-250x300.jpg 250w, https:\/\/pomello.ee\/wp-content\/uploads\/2025\/08\/MAXYMOVA-Adhesive-Powder-5-g-4-853x1024.jpg 853w, https:\/\/pomello.ee\/wp-content\/uploads\/2025\/08\/MAXYMOVA-Adhesive-Powder-5-g-4-768x922.jpg 768w, https:\/\/pomello.ee\/wp-content\/uploads\/2025\/08\/MAXYMOVA-Adhesive-Powder-5-g-4-100x120.jpg 100w\" sizes=\"(max-width: 1000px) 100vw, 1000px\" \/><\/p>\n<p>MAXYMOVA Adhesive Powder 5 g<\/p>\n<div id=\"attachment_33964\" style=\"width: 1930px\" class=\"wp-caption alignnone\"><img decoding=\"async\" aria-describedby=\"caption-attachment-33964\" class=\"wp-image-33964 size-full\" src=\"https:\/\/pomello.ee\/wp-content\/uploads\/2025\/08\/Maxymova-lash-lift.jpg\" alt=\"Maxymova lash lift\" width=\"1920\" height=\"1920\" srcset=\"https:\/\/pomello.ee\/wp-content\/uploads\/2025\/08\/Maxymova-lash-lift.jpg 1920w, https:\/\/pomello.ee\/wp-content\/uploads\/2025\/08\/Maxymova-lash-lift-300x300.jpg 300w, https:\/\/pomello.ee\/wp-content\/uploads\/2025\/08\/Maxymova-lash-lift-1024x1024.jpg 1024w, https:\/\/pomello.ee\/wp-content\/uploads\/2025\/08\/Maxymova-lash-lift-150x150.jpg 150w, https:\/\/pomello.ee\/wp-content\/uploads\/2025\/08\/Maxymova-lash-lift-768x768.jpg 768w, https:\/\/pomello.ee\/wp-content\/uploads\/2025\/08\/Maxymova-lash-lift-1536x1536.jpg 1536w, https:\/\/pomello.ee\/wp-content\/uploads\/2025\/08\/Maxymova-lash-lift-600x600.jpg 600w, https:\/\/pomello.ee\/wp-content\/uploads\/2025\/08\/Maxymova-lash-lift-1200x1200.jpg 1200w, https:\/\/pomello.ee\/wp-content\/uploads\/2025\/08\/Maxymova-lash-lift-100x100.jpg 100w\" sizes=\"(max-width: 1920px) 100vw, 1920px\" \/><p id=\"caption-attachment-33964\" class=\"wp-caption-text\">Maxymova lash lift<\/p><\/div>\n","protected":false},"excerpt":{"rendered":"<p data-start=\"48\" data-end=\"121\"><strong data-start=\"48\" data-end=\"119\">MAXYMOVA Powder \u2013 innovatiivinen ratkaisu liimattomaan Lash Liftiin<\/strong><\/p>\n<p data-start=\"123\" data-end=\"362\">T\u00e4m\u00e4 tuote tekee ripsien kemiallisesta taivutusprosessista tehokkaamman, turvallisemman ja tasaisemman. Adhesive Powder on ihanteellinen valinta ammattilaisille, jotka haluavat saavuttaa korkealaatuisia tuloksia ilman perinteist\u00e4 liimaa.<\/p>\n<p data-start=\"364\" data-end=\"632\"><strong data-start=\"364\" data-end=\"379\">Mik\u00e4 se on?<\/strong><br data-start=\"379\" data-end=\"382\" \/>Adhesive Powder on innovatiivinen jauhe, jonka avulla voidaan tehd\u00e4 lash lift ilman ripsiliiman k\u00e4ytt\u00f6\u00e4. Yhdistettyn\u00e4 kysteiiniamiinia sis\u00e4lt\u00e4viin lash lift -emulsioihin se antaa erinomaisen lopputuloksen, s\u00e4ilytt\u00e4en ripsien paikoillaan pysyvyyden.<\/p>\n<p data-start=\"634\" data-end=\"805\"><strong data-start=\"634\" data-end=\"643\">Huom!<\/strong> Jos k\u00e4yt\u00e4t tioglykoolihappopohjaisia emulsioita, Step 1 -vaiheen j\u00e4lkeen on ehdottomasti poistettava tuote ripsien latvoista Afterlift Regenerator -seerumilla.<\/p>\n","protected":false},"featured_media":33962,"comment_status":"open","ping_status":"closed","template":"","meta":{"_monsterinsights_skip_tracking":false,"_monsterinsights_sitenote_active":false,"_monsterinsights_sitenote_note":"","_monsterinsights_sitenote_category":0},"product_brand":[],"product_cat":[475,517,1249,516],"product_tag":[],"class_list":{"0":"post-34024","1":"product","2":"type-product","3":"status-publish","4":"has-post-thumbnail","6":"product_cat-ripset","7":"product_cat-emulsiot","8":"product_cat-korean-lash-lift-fi","9":"product_cat-lash-lift-fi","10":"pa_brand-maxymova-fi","11":"pa_suurus-5-g-fi","13":"first","14":"instock","15":"taxable","16":"shipping-taxable","17":"purchasable","18":"product-type-simple"},"_links":{"self":[{"href":"https:\/\/pomello.ee\/fi\/wp-json\/wp\/v2\/product\/34024","targetHints":{"allow":["GET"]}}],"collection":[{"href":"https:\/\/pomello.ee\/fi\/wp-json\/wp\/v2\/product"}],"about":[{"href":"https:\/\/pomello.ee\/fi\/wp-json\/wp\/v2\/types\/product"}],"replies":[{"embeddable":true,"href":"https:\/\/pomello.ee\/fi\/wp-json\/wp\/v2\/comments?post=34024"}],"wp:featuredmedia":[{"embeddable":true,"href":"https:\/\/pomello.ee\/fi\/wp-json\/wp\/v2\/media\/33962"}],"wp:attachment":[{"href":"https:\/\/pomello.ee\/fi\/wp-json\/wp\/v2\/media?parent=34024"}],"wp:term":[{"taxonomy":"product_brand","embeddable":true,"href":"https:\/\/pomello.ee\/fi\/wp-json\/wp\/v2\/product_brand?post=34024"},{"taxonomy":"product_cat","embeddable":true,"href":"https:\/\/pomello.ee\/fi\/wp-json\/wp\/v2\/product_cat?post=34024"},{"taxonomy":"product_tag","embeddable":true,"href":"https:\/\/pomello.ee\/fi\/wp-json\/wp\/v2\/product_tag?post=34024"}],"curies":[{"name":"wp","href":"https:\/\/api.w.org\/{rel}","templated":true}]}}