{"id":34026,"date":"2025-08-08T16:42:20","date_gmt":"2025-08-08T14:42:20","guid":{"rendered":"https:\/\/pomello.ee\/toode\/maxymova-silicone-shields-moon\/"},"modified":"2025-08-08T16:42:20","modified_gmt":"2025-08-08T14:42:20","slug":"maxymova-silicone-shields-moon","status":"publish","type":"product","link":"https:\/\/pomello.ee\/fi\/toode\/maxymova-silicone-shields-moon\/","title":{"rendered":"MAXYMOVA Silicone shields MOON"},"content":{"rendered":"","protected":false},"excerpt":{"rendered":"<p data-start=\"48\" data-end=\"129\"><strong data-start=\"48\" data-end=\"127\">MAXYMOVA Silicone shields MOON \u2013 t\u00e4ydellinen kaari, ammattilaislaatuinen tulos<\/strong><\/p>\n<p data-start=\"131\" data-end=\"373\">MAXYMOVA MOON -silikonipadit ovat eritt\u00e4in pehme\u00e4t ja l\u00e4pikuultavat, taaten ripsille luonnollisen ja tasaisen kaarevuuden. N\u00e4m\u00e4 padit eiv\u00e4t ime v\u00e4ri\u00e4 eiv\u00e4tk\u00e4 j\u00e4t\u00e4 j\u00e4\u00e4mi\u00e4, mik\u00e4 tekee lash lift &#8211; ja laminointiprosessista puhtaan ja tehokkaan.<\/p>\n<p data-start=\"375\" data-end=\"435\"><strong data-start=\"375\" data-end=\"389\">LIFT-koot:<\/strong> S, S1, S+, M, M1, M+<br data-start=\"410\" data-end=\"413\" \/><strong data-start=\"413\" data-end=\"427\">CURL-koot:<\/strong> L, XL<\/p>\n<p data-start=\"437\" data-end=\"544\">Laajan kokovalikoiman ansiosta on mahdollista luoda sek\u00e4 luonnollinen kaarevuus ett\u00e4 n\u00e4ytt\u00e4v\u00e4 WOW-efekti.<\/p>\n<p data-start=\"546\" data-end=\"724\"><strong data-start=\"546\" data-end=\"575\">Kuinka valita oikea koko?<\/strong><br data-start=\"575\" data-end=\"578\" \/>Aseta muotti silm\u00e4luomelle ilman liimaa ja aseta ripset sen p\u00e4\u00e4lle. Ihanteellinen koko on se, jossa ripset peitt\u00e4v\u00e4t noin 3\/4 muotin pituudesta.<\/p>\n","protected":false},"featured_media":33975,"comment_status":"open","ping_status":"closed","template":"","meta":{"_monsterinsights_skip_tracking":false,"_monsterinsights_sitenote_active":false,"_monsterinsights_sitenote_note":"","_monsterinsights_sitenote_category":0},"product_brand":[],"product_cat":[475,1249,516,521],"product_tag":[],"class_list":{"0":"post-34026","1":"product","2":"type-product","3":"status-publish","4":"has-post-thumbnail","6":"product_cat-ripset","7":"product_cat-korean-lash-lift-fi","8":"product_cat-lash-lift-fi","9":"product_cat-silikonityynyt","10":"pa_brand-maxymova-fi","12":"first","13":"outofstock","14":"taxable","15":"shipping-taxable","16":"purchasable","17":"product-type-simple"},"_links":{"self":[{"href":"https:\/\/pomello.ee\/fi\/wp-json\/wp\/v2\/product\/34026","targetHints":{"allow":["GET"]}}],"collection":[{"href":"https:\/\/pomello.ee\/fi\/wp-json\/wp\/v2\/product"}],"about":[{"href":"https:\/\/pomello.ee\/fi\/wp-json\/wp\/v2\/types\/product"}],"replies":[{"embeddable":true,"href":"https:\/\/pomello.ee\/fi\/wp-json\/wp\/v2\/comments?post=34026"}],"wp:featuredmedia":[{"embeddable":true,"href":"https:\/\/pomello.ee\/fi\/wp-json\/wp\/v2\/media\/33975"}],"wp:attachment":[{"href":"https:\/\/pomello.ee\/fi\/wp-json\/wp\/v2\/media?parent=34026"}],"wp:term":[{"taxonomy":"product_brand","embeddable":true,"href":"https:\/\/pomello.ee\/fi\/wp-json\/wp\/v2\/product_brand?post=34026"},{"taxonomy":"product_cat","embeddable":true,"href":"https:\/\/pomello.ee\/fi\/wp-json\/wp\/v2\/product_cat?post=34026"},{"taxonomy":"product_tag","embeddable":true,"href":"https:\/\/pomello.ee\/fi\/wp-json\/wp\/v2\/product_tag?post=34026"}],"curies":[{"name":"wp","href":"https:\/\/api.w.org\/{rel}","templated":true}]}}