{"id":34032,"date":"2025-08-08T17:02:37","date_gmt":"2025-08-08T15:02:37","guid":{"rendered":"https:\/\/pomello.ee\/toode\/maxymova-erittain-ohuet-silikoni-silmapadit\/"},"modified":"2026-03-06T09:48:13","modified_gmt":"2026-03-06T07:48:13","slug":"maxymova-erittain-ohuet-silikoni-silmapadit","status":"publish","type":"product","link":"https:\/\/pomello.ee\/fi\/toode\/maxymova-erittain-ohuet-silikoni-silmapadit\/","title":{"rendered":"MAXYMOVA Eritt\u00e4in ohuet silikoni-silm\u00e4padit"},"content":{"rendered":"<p data-start=\"48\" data-end=\"68\"><strong data-start=\"48\" data-end=\"66\">K\u00e4ytt\u00f6 kotona:<\/strong><\/p>\n<ol data-start=\"70\" data-end=\"365\">\n<li data-start=\"70\" data-end=\"101\">\n<p data-start=\"73\" data-end=\"101\">Puhdista ja kuivaa kasvot.<\/p>\n<\/li>\n<li data-start=\"102\" data-end=\"169\">\n<p data-start=\"105\" data-end=\"169\">Levit\u00e4 ohut kerros seerumia tai kosteusvoidetta silm\u00e4nalusiin.<\/p>\n<\/li>\n<li data-start=\"170\" data-end=\"221\">\n<p data-start=\"173\" data-end=\"221\">Odota 10 sekuntia ja aseta padit silmien alle.<\/p>\n<\/li>\n<li data-start=\"222\" data-end=\"259\">\n<p data-start=\"225\" data-end=\"259\">Pid\u00e4 paikallaan 10\u201320 minuuttia.<\/p>\n<\/li>\n<li data-start=\"260\" data-end=\"365\">\n<p data-start=\"263\" data-end=\"365\">K\u00e4yt\u00f6n j\u00e4lkeen huuhtele padit l\u00e4mpim\u00e4ll\u00e4 vedell\u00e4 ja miedolla saippualla, kuivaa ja s\u00e4ilyt\u00e4 rasiassa.<\/p>\n<\/li>\n<\/ol>\n<p data-start=\"367\" data-end=\"387\"><strong data-start=\"367\" data-end=\"385\">Ammattik\u00e4ytt\u00f6:<\/strong><\/p>\n<p data-start=\"389\" data-end=\"807\">MAXYMOVA-silikonipadit ovat arvostettu ty\u00f6v\u00e4line sek\u00e4 aloittelevien ett\u00e4 kokeneiden kauneusalan ammattilaisten keskuudessa.<br data-start=\"512\" data-end=\"515\" \/>\u2714 Eritt\u00e4in ohut \u2013 mukava k\u00e4ytt\u00e4\u00e4 my\u00f6s silm\u00e4n sis\u00e4nurkissa ripsienpidennysten asennuksen aikana<br data-start=\"609\" data-end=\"612\" \/>\u2714 Matala tarttuvuus, sile\u00e4 pinta ja hyv\u00e4 pysyvyys<br data-start=\"661\" data-end=\"664\" \/>\u2714 Sopii my\u00f6s herk\u00e4lle iholle tai asiakkaille, jotka eiv\u00e4t sied\u00e4 hydrogeelipadeja<br data-start=\"744\" data-end=\"747\" \/>\u2714 Ekologinen valinta \u2013 auttaa v\u00e4hent\u00e4m\u00e4\u00e4n muovin kulutusta<\/p>\n","protected":false},"excerpt":{"rendered":"<p data-start=\"48\" data-end=\"97\"><strong data-start=\"48\" data-end=\"95\">MAXYMOVA Eritt\u00e4in ohuet silikoni-silm\u00e4padit<\/strong><\/p>\n<p data-start=\"99\" data-end=\"338\">Koe poikkeuksellinen mukavuus MAXYMOVA-silikonipadeilla, joiden paksuus on vain 0,4 mm. N\u00e4m\u00e4 padit on suunniteltu tarjoamaan iholle tehokasta hoitoa ja rentoutusta, auttaen v\u00e4hent\u00e4m\u00e4\u00e4n turvotusta, tummia silm\u00e4nalusia ja pieni\u00e4 juonteita.<\/p>\n<p data-start=\"340\" data-end=\"453\"><strong data-start=\"340\" data-end=\"364\">Uudelleenk\u00e4ytett\u00e4v\u00e4:<\/strong> Yksi pari kest\u00e4\u00e4 useita k\u00e4ytt\u00f6kertoja \u2013 s\u00e4\u00e4st\u00e4v\u00e4inen ja ymp\u00e4rist\u00f6yst\u00e4v\u00e4llinen valinta.<\/p>\n<p data-start=\"455\" data-end=\"527\"><strong data-start=\"455\" data-end=\"467\">Tehokas:<\/strong> Parantaa seerumien ja kosteusvoiteiden imeytymist\u00e4 ihoon.<\/p>\n<p data-start=\"529\" data-end=\"637\"><strong data-start=\"529\" data-end=\"548\">Helppo k\u00e4ytt\u00e4\u00e4:<\/strong> Levit\u00e4 ensin suosikkiseerumisi tai -voiteesi, odota hetki ja aseta padit silmien alle.<\/p>\n<p data-start=\"639\" data-end=\"745\"><strong data-start=\"639\" data-end=\"663\">Viilent\u00e4v\u00e4 vaikutus:<\/strong> Voidaan s\u00e4ilytt\u00e4\u00e4 j\u00e4\u00e4kaapissa entist\u00e4 rauhoittavamman tuloksen saavuttamiseksi.<\/p>\n<p data-start=\"747\" data-end=\"799\">Sopii kaikille ihotyypeille, my\u00f6s herk\u00e4lle iholle.<\/p>\n","protected":false},"featured_media":34000,"comment_status":"open","ping_status":"closed","template":"","meta":{"_monsterinsights_skip_tracking":false,"_monsterinsights_sitenote_active":false,"_monsterinsights_sitenote_note":"","_monsterinsights_sitenote_category":0},"product_brand":[],"product_cat":[475,1249,516,521,972],"product_tag":[],"class_list":{"0":"post-34032","1":"product","2":"type-product","3":"status-publish","4":"has-post-thumbnail","6":"product_cat-ripset","7":"product_cat-korean-lash-lift-fi","8":"product_cat-lash-lift-fi","9":"product_cat-silikonityynyt","10":"product_cat-silikonimuotit-alemmille-ripsille","11":"pa_brand-maxymova-fi","12":"pa_varv-must-fi","13":"pa_varv-roosa-fi","14":"pa_varv-valge-fi","16":"first","17":"instock","18":"taxable","19":"shipping-taxable","20":"purchasable","21":"product-type-variable"},"_links":{"self":[{"href":"https:\/\/pomello.ee\/fi\/wp-json\/wp\/v2\/product\/34032","targetHints":{"allow":["GET"]}}],"collection":[{"href":"https:\/\/pomello.ee\/fi\/wp-json\/wp\/v2\/product"}],"about":[{"href":"https:\/\/pomello.ee\/fi\/wp-json\/wp\/v2\/types\/product"}],"replies":[{"embeddable":true,"href":"https:\/\/pomello.ee\/fi\/wp-json\/wp\/v2\/comments?post=34032"}],"wp:featuredmedia":[{"embeddable":true,"href":"https:\/\/pomello.ee\/fi\/wp-json\/wp\/v2\/media\/34000"}],"wp:attachment":[{"href":"https:\/\/pomello.ee\/fi\/wp-json\/wp\/v2\/media?parent=34032"}],"wp:term":[{"taxonomy":"product_brand","embeddable":true,"href":"https:\/\/pomello.ee\/fi\/wp-json\/wp\/v2\/product_brand?post=34032"},{"taxonomy":"product_cat","embeddable":true,"href":"https:\/\/pomello.ee\/fi\/wp-json\/wp\/v2\/product_cat?post=34032"},{"taxonomy":"product_tag","embeddable":true,"href":"https:\/\/pomello.ee\/fi\/wp-json\/wp\/v2\/product_tag?post=34032"}],"curies":[{"name":"wp","href":"https:\/\/api.w.org\/{rel}","templated":true}]}}