{"id":36166,"date":"2025-08-14T15:56:33","date_gmt":"2025-08-14T13:56:33","guid":{"rendered":"https:\/\/pomello.ee\/toode\/globazyme-prime\/"},"modified":"2025-08-14T15:56:33","modified_gmt":"2025-08-14T13:56:33","slug":"globazyme-prime","status":"publish","type":"product","link":"https:\/\/pomello.ee\/fi\/toode\/globazyme-prime\/","title":{"rendered":"Globazyme\u00ae Prime"},"content":{"rendered":"<p data-start=\"41\" data-end=\"141\"><strong data-start=\"41\" data-end=\"139\">Globazyme\u00ae Prime on vaahtosuihke, joka soveltuu l\u00e4\u00e4kinn\u00e4llisten instrumenttien esik\u00e4sittelyyn.<\/strong><\/p>\n<p data-start=\"143\" data-end=\"687\">Tuote on helppok\u00e4ytt\u00f6inen, ja vakaa vaahto varmistaa kaikkien pintojen optimaalisen kostutuksen. Nopea koostumus sis\u00e4lt\u00e4\u00e4 ionittomia tensidej\u00e4, entsyymej\u00e4 ja kompleksiaineita, jotka est\u00e4v\u00e4t kaikenlaisen lian kuivumisen. Globazyme\u00ae Prime soveltuu instrumenttien esik\u00e4sittelyyn jopa 72 tunnin odotusajalla tai ennen automaattista uudelleenk\u00e4sittely\u00e4. Ihanteellinen sek\u00e4 l\u00e4mp\u00f6stabiilien ett\u00e4 l\u00e4mp\u00f6herkkien instrumenttien (kirurgiset instrumentit, j\u00e4yk\u00e4t endoskoopit, anestesia- ja hengityslaitteet sek\u00e4 muut l\u00e4\u00e4kinn\u00e4lliset laitteet) k\u00e4sittelyyn.<\/p>\n<p data-start=\"689\" data-end=\"1121\">Globazyme\u00ae Prime on laajalti yhteensopiva erilaisten materiaalien kanssa, kuten ruostumaton ter\u00e4s, alumiini, anodisoitu alumiini, titaani, kupari, messinki, sinkki, tina, kromatut materiaalit, muovit, elastomeerit (mukaan lukien polyuretaani, silikoni, teflon, kumi, lateksi), lasi ja keraamiset materiaalit. Tunnettuja materiaalien yhteensopimattomuuksia ei ole. Lis\u00e4ksi se t\u00e4ytt\u00e4\u00e4 elintarvike- ja kauneudenhoitoalan vaatimukset.<\/p>\n<p data-start=\"1123\" data-end=\"1150\"><strong data-start=\"1123\" data-end=\"1148\">TUOTTEEN OMINAISUUDET<\/strong><\/p>\n<ul data-start=\"1152\" data-end=\"1515\">\n<li data-start=\"1152\" data-end=\"1189\">\n<p data-start=\"1154\" data-end=\"1189\">erinomaiset puhdistusominaisuudet<\/p>\n<\/li>\n<li data-start=\"1190\" data-end=\"1250\">\n<p data-start=\"1192\" data-end=\"1250\">kolmen entsyymin kompleksi: proteaasi, lipaasi, amylaasi<\/p>\n<\/li>\n<li data-start=\"1251\" data-end=\"1273\">\n<p data-start=\"1253\" data-end=\"1273\">bakteriostaattinen<\/p>\n<\/li>\n<li data-start=\"1274\" data-end=\"1311\">\n<p data-start=\"1276\" data-end=\"1311\">laaja materiaalien yhteensopivuus<\/p>\n<\/li>\n<li data-start=\"1312\" data-end=\"1326\">\n<p data-start=\"1314\" data-end=\"1326\">ei sy\u00f6vyt\u00e4<\/p>\n<\/li>\n<li data-start=\"1327\" data-end=\"1341\">\n<p data-start=\"1329\" data-end=\"1341\">EDTA-vapaa<\/p>\n<\/li>\n<li data-start=\"1342\" data-end=\"1355\">\n<p data-start=\"1344\" data-end=\"1355\">NTA-vapaa<\/p>\n<\/li>\n<li data-start=\"1356\" data-end=\"1378\">\n<p data-start=\"1358\" data-end=\"1378\">v\u00e4rit\u00f6n ja hajuton<\/p>\n<\/li>\n<li data-start=\"1379\" data-end=\"1404\">\n<p data-start=\"1381\" data-end=\"1404\">est\u00e4\u00e4 lian kuivumisen<\/p>\n<\/li>\n<li data-start=\"1405\" data-end=\"1450\">\n<p data-start=\"1407\" data-end=\"1450\">k\u00e4ytett\u00e4viss\u00e4 jopa 72 tunnin odotusajalla<\/p>\n<\/li>\n<li data-start=\"1451\" data-end=\"1490\">\n<p data-start=\"1453\" data-end=\"1490\">vakaa vaahto, optimaalinen kostutus<\/p>\n<\/li>\n<li data-start=\"1491\" data-end=\"1515\">\n<p data-start=\"1493\" data-end=\"1515\">korkea huuhtoutuvuus<\/p>\n<\/li>\n<\/ul>\n","protected":false},"excerpt":{"rendered":"<p data-start=\"35\" data-end=\"127\"><strong data-start=\"35\" data-end=\"125\">Globazyme\u00ae Prime \u2013 neutraali entsymaattinen vaahtosuihke instrumenttien esik\u00e4sittelyyn<\/strong><\/p>\n<p data-start=\"129\" data-end=\"524\">Globazyme\u00ae Prime on ammattik\u00e4ytt\u00f6\u00f6n tarkoitettu, neutraali entsymaattinen puhdistusaine, joka on kehitetty l\u00e4\u00e4kinn\u00e4llisten ja kauneudenhoitoalan instrumenttien nopeaan ja tehokkaaseen esik\u00e4sittelyyn. K\u00e4ytt\u00f6valmis liuos toimii vaahtosuihkeena, muodostaen vakaan vaahdon ja varmistaen kaikkien pintojen optimaalisen kostutuksen, mik\u00e4 pit\u00e4\u00e4 lian pehme\u00e4n\u00e4 ja est\u00e4\u00e4 sen kuivumisen jopa 72 tunniksi.<\/p>\n<p data-start=\"526\" data-end=\"885\">Kolmen entsyymin kompleksin (proteaasi, lipaasi ja amylaasi) ansiosta tuote poistaa tehokkaasti proteiini-, rasva- ja t\u00e4rkkelyspohjaiset j\u00e4\u00e4m\u00e4t s\u00e4ilytt\u00e4en samalla instrumenttien materiaalien eheyden. Sopii sek\u00e4 l\u00e4mp\u00f6stabiilien ett\u00e4 l\u00e4mp\u00f6herkkien instrumenttien k\u00e4sittelyyn, mukaan lukien kirurgiset instrumentit, endoskoopit, anestesia- ja hengityslaitteet.<\/p>\n<p data-start=\"887\" data-end=\"1121\">Globazyme\u00ae Prime on turvallinen ja laajalti yhteensopiva erilaisten materiaalien kanssa. Se on v\u00e4rit\u00f6n, hajuton ja ei sy\u00f6vyt\u00e4, tarjoten t\u00e4ydellisen ratkaisun jokap\u00e4iv\u00e4iseen k\u00e4ytt\u00f6\u00f6n sek\u00e4 terveydenhuollossa ett\u00e4 kauneudenhoitoalalla.<\/p>\n","protected":false},"featured_media":36044,"comment_status":"open","ping_status":"closed","template":"","meta":{"_monsterinsights_skip_tracking":false,"_monsterinsights_sitenote_active":false,"_monsterinsights_sitenote_note":"","_monsterinsights_sitenote_category":0},"product_brand":[],"product_cat":[509,557],"product_tag":[],"class_list":{"0":"post-36166","1":"product","2":"type-product","3":"status-publish","4":"has-post-thumbnail","6":"product_cat-hygienia","7":"product_cat-desinfiointi","8":"pa_brand-goodpoint-chemicals-fi","9":"pa_suurus-1-l-fi","11":"first","12":"instock","13":"taxable","14":"shipping-taxable","15":"purchasable","16":"product-type-simple"},"_links":{"self":[{"href":"https:\/\/pomello.ee\/fi\/wp-json\/wp\/v2\/product\/36166","targetHints":{"allow":["GET"]}}],"collection":[{"href":"https:\/\/pomello.ee\/fi\/wp-json\/wp\/v2\/product"}],"about":[{"href":"https:\/\/pomello.ee\/fi\/wp-json\/wp\/v2\/types\/product"}],"replies":[{"embeddable":true,"href":"https:\/\/pomello.ee\/fi\/wp-json\/wp\/v2\/comments?post=36166"}],"wp:featuredmedia":[{"embeddable":true,"href":"https:\/\/pomello.ee\/fi\/wp-json\/wp\/v2\/media\/36044"}],"wp:attachment":[{"href":"https:\/\/pomello.ee\/fi\/wp-json\/wp\/v2\/media?parent=36166"}],"wp:term":[{"taxonomy":"product_brand","embeddable":true,"href":"https:\/\/pomello.ee\/fi\/wp-json\/wp\/v2\/product_brand?post=36166"},{"taxonomy":"product_cat","embeddable":true,"href":"https:\/\/pomello.ee\/fi\/wp-json\/wp\/v2\/product_cat?post=36166"},{"taxonomy":"product_tag","embeddable":true,"href":"https:\/\/pomello.ee\/fi\/wp-json\/wp\/v2\/product_tag?post=36166"}],"curies":[{"name":"wp","href":"https:\/\/api.w.org\/{rel}","templated":true}]}}