{"id":36169,"date":"2025-08-16T09:07:42","date_gmt":"2025-08-16T07:07:42","guid":{"rendered":"https:\/\/pomello.ee\/toode\/korean-lash-lift-mini-manual\/"},"modified":"2025-08-16T09:07:42","modified_gmt":"2025-08-16T07:07:42","slug":"korean-lash-lift-mini-manual","status":"publish","type":"product","link":"https:\/\/pomello.ee\/fi\/toode\/korean-lash-lift-mini-manual\/","title":{"rendered":"Korean Lash Lift Mini Manual"},"content":{"rendered":"","protected":false},"excerpt":{"rendered":"<p><strong>Korealainen ripsienpidennyksen miniopas EST, FIN ja RUS \u2013 ILMAINEN<\/strong><\/p>\n<p>Korealainen ripsienpidennyksen miniopas on suunniteltu ammattilaiselle, joka jo suorittaa klassisia ripsienpidennyksi\u00e4 ja haluaa laajentaa tiet\u00e4myst\u00e4\u00e4n.<\/p>\n<p>T\u00e4m\u00e4 materiaali antaa yleiskuvan korealaisen ripsienpidennyksen yksityiskohdista ja korostaa erilaisia \u200b\u200btekniikoita, joita voit soveltaa ty\u00f6ss\u00e4si. T\u00e4m\u00e4 ei ole koulutusta, vaan lis\u00e4tietomateriaalia, joka auttaa sinua ymm\u00e4rt\u00e4m\u00e4\u00e4n toimenpidett\u00e4 paremmin ja parantamaan tuloksia.<\/p>\n<p>Oston j\u00e4lkeen saat s\u00e4hk\u00f6postiviestin, jossa on linkki, jonka kautta voit ladata oppaan PDF-muodossa. Valitse tiedosto haluamallasi kielell\u00e4 ja tallenna se puhelimeesi tai tietokoneellesi.<\/p>\n","protected":false},"featured_media":36083,"comment_status":"open","ping_status":"closed","template":"","meta":{"_monsterinsights_skip_tracking":false,"_monsterinsights_sitenote_active":false,"_monsterinsights_sitenote_note":"","_monsterinsights_sitenote_category":0},"product_brand":[],"product_cat":[490,1249],"product_tag":[],"class_list":{"0":"post-36169","1":"product","2":"type-product","3":"status-publish","4":"has-post-thumbnail","6":"product_cat-koulutukset","7":"product_cat-korean-lash-lift-fi","9":"first","10":"instock","11":"downloadable","12":"virtual","13":"taxable","14":"purchasable","15":"product-type-simple"},"_links":{"self":[{"href":"https:\/\/pomello.ee\/fi\/wp-json\/wp\/v2\/product\/36169","targetHints":{"allow":["GET"]}}],"collection":[{"href":"https:\/\/pomello.ee\/fi\/wp-json\/wp\/v2\/product"}],"about":[{"href":"https:\/\/pomello.ee\/fi\/wp-json\/wp\/v2\/types\/product"}],"replies":[{"embeddable":true,"href":"https:\/\/pomello.ee\/fi\/wp-json\/wp\/v2\/comments?post=36169"}],"wp:featuredmedia":[{"embeddable":true,"href":"https:\/\/pomello.ee\/fi\/wp-json\/wp\/v2\/media\/36083"}],"wp:attachment":[{"href":"https:\/\/pomello.ee\/fi\/wp-json\/wp\/v2\/media?parent=36169"}],"wp:term":[{"taxonomy":"product_brand","embeddable":true,"href":"https:\/\/pomello.ee\/fi\/wp-json\/wp\/v2\/product_brand?post=36169"},{"taxonomy":"product_cat","embeddable":true,"href":"https:\/\/pomello.ee\/fi\/wp-json\/wp\/v2\/product_cat?post=36169"},{"taxonomy":"product_tag","embeddable":true,"href":"https:\/\/pomello.ee\/fi\/wp-json\/wp\/v2\/product_tag?post=36169"}],"curies":[{"name":"wp","href":"https:\/\/api.w.org\/{rel}","templated":true}]}}