{"id":36172,"date":"2025-08-21T19:29:11","date_gmt":"2025-08-21T17:29:11","guid":{"rendered":"https:\/\/pomello.ee\/toode\/noemi-gooey-lash-lift-powder\/"},"modified":"2026-02-13T20:12:07","modified_gmt":"2026-02-13T18:12:07","slug":"noemi-gooey-lash-lift-powder","status":"publish","type":"product","link":"https:\/\/pomello.ee\/fi\/toode\/noemi-gooey-lash-lift-powder\/","title":{"rendered":"NOEMI Gooey Lash Lift Powder"},"content":{"rendered":"<p><strong>K\u00e4ytt\u00f6<\/strong><\/p>\n<p>Liimaa ei tarvita \u2013 levitys on helpompaa ja nopeampaa, koska erillist\u00e4 liimaa ei tarvita.<\/p>\n<p>Joustava k\u00e4ytt\u00f6 \u2013 yhteensopiva kaikkien ripsienpidennysemulsioiden kanssa, mutta sit\u00e4 voidaan k\u00e4ytt\u00e4\u00e4 vain kysteamiinipohjaisen vaiheen 1 kanssa, koska emulsio levitet\u00e4\u00e4n koko ripsen pituudelta.<\/p>\n","protected":false},"excerpt":{"rendered":"<p data-start=\"35\" data-end=\"294\"><strong data-start=\"35\" data-end=\"67\">NOEMI Gooey Lash Lift Powder<\/strong> on innovatiivinen lis\u00e4aine, joka tekee lash lift -voiteistasi paksumpia ja vakaampia. Jauhe sopii erinomaisesti sekoitettavaksi <strong data-start=\"196\" data-end=\"223\">Noemi Cysteamine Step 1<\/strong> -tuotteen kanssa sek\u00e4 kaikkien muiden lash lift -emulsioiden kanssa.<\/p>\n<p data-start=\"296\" data-end=\"452\">Tsysteiinin ansiosta tuotetta voidaan levitt\u00e4\u00e4 koko ripsen pituudelle, tarjoten ammattilaiselle helppoutta ja asiakkaalle entist\u00e4 t\u00e4ydellisempi\u00e4 tuloksia.<\/p>\n<p data-start=\"454\" data-end=\"580\">\u2714 Tekee emulsiosta paksumman ja helpommin ty\u00f6stett\u00e4v\u00e4n<br data-start=\"508\" data-end=\"511\" \/>\u2714 Sopii k\u00e4ytett\u00e4v\u00e4ksi koko ripsen pituudella<br data-start=\"555\" data-end=\"558\" \/>\u2714 K\u00e4tev\u00e4 5 g pakkaus<\/p>\n","protected":false},"featured_media":36154,"comment_status":"open","ping_status":"closed","template":"","meta":{"_monsterinsights_skip_tracking":false,"_monsterinsights_sitenote_active":false,"_monsterinsights_sitenote_note":"","_monsterinsights_sitenote_category":0},"product_brand":[],"product_cat":[475,517,1249,516],"product_tag":[],"class_list":{"0":"post-36172","1":"product","2":"type-product","3":"status-publish","4":"has-post-thumbnail","6":"product_cat-ripset","7":"product_cat-emulsiot","8":"product_cat-korean-lash-lift-fi","9":"product_cat-lash-lift-fi","10":"pa_brand-noemi-fi","11":"pa_suurus-5-g-fi","13":"first","14":"instock","15":"taxable","16":"shipping-taxable","17":"purchasable","18":"product-type-simple"},"_links":{"self":[{"href":"https:\/\/pomello.ee\/fi\/wp-json\/wp\/v2\/product\/36172","targetHints":{"allow":["GET"]}}],"collection":[{"href":"https:\/\/pomello.ee\/fi\/wp-json\/wp\/v2\/product"}],"about":[{"href":"https:\/\/pomello.ee\/fi\/wp-json\/wp\/v2\/types\/product"}],"replies":[{"embeddable":true,"href":"https:\/\/pomello.ee\/fi\/wp-json\/wp\/v2\/comments?post=36172"}],"wp:featuredmedia":[{"embeddable":true,"href":"https:\/\/pomello.ee\/fi\/wp-json\/wp\/v2\/media\/36154"}],"wp:attachment":[{"href":"https:\/\/pomello.ee\/fi\/wp-json\/wp\/v2\/media?parent=36172"}],"wp:term":[{"taxonomy":"product_brand","embeddable":true,"href":"https:\/\/pomello.ee\/fi\/wp-json\/wp\/v2\/product_brand?post=36172"},{"taxonomy":"product_cat","embeddable":true,"href":"https:\/\/pomello.ee\/fi\/wp-json\/wp\/v2\/product_cat?post=36172"},{"taxonomy":"product_tag","embeddable":true,"href":"https:\/\/pomello.ee\/fi\/wp-json\/wp\/v2\/product_tag?post=36172"}],"curies":[{"name":"wp","href":"https:\/\/api.w.org\/{rel}","templated":true}]}}