{"id":36175,"date":"2025-08-21T19:40:49","date_gmt":"2025-08-21T17:40:49","guid":{"rendered":"https:\/\/pomello.ee\/toode\/noemi-lifting-innovate-sampel-set\/"},"modified":"2026-02-21T17:28:21","modified_gmt":"2026-02-21T15:28:21","slug":"noemi-lifting-innovate-sampel-set","status":"publish","type":"product","link":"https:\/\/pomello.ee\/fi\/toode\/noemi-lifting-innovate-sampel-set\/","title":{"rendered":"NOEMI Lifting Innovate SAMPEL SET"},"content":{"rendered":"<div id=\"attachment_32633\" style=\"width: 914px\" class=\"wp-caption alignnone\"><img decoding=\"async\" aria-describedby=\"caption-attachment-32633\" class=\"wp-image-32633 size-full\" src=\"https:\/\/pomello.ee\/wp-content\/uploads\/2025\/05\/IMG_9D20A7290A12-1.jpeg\" alt=\"NOEMI TGA VS NEW INNOVATE Cysteamine\" width=\"904\" height=\"1280\" srcset=\"https:\/\/pomello.ee\/wp-content\/uploads\/2025\/05\/IMG_9D20A7290A12-1.jpeg 904w, https:\/\/pomello.ee\/wp-content\/uploads\/2025\/05\/IMG_9D20A7290A12-1-212x300.jpeg 212w, https:\/\/pomello.ee\/wp-content\/uploads\/2025\/05\/IMG_9D20A7290A12-1-723x1024.jpeg 723w, https:\/\/pomello.ee\/wp-content\/uploads\/2025\/05\/IMG_9D20A7290A12-1-768x1087.jpeg 768w, https:\/\/pomello.ee\/wp-content\/uploads\/2025\/05\/IMG_9D20A7290A12-1-100x142.jpeg 100w\" sizes=\"(max-width: 904px) 100vw, 904px\" \/><p id=\"caption-attachment-32633\" class=\"wp-caption-text\">NOEMI TGA VS NEW INNOVATE Cysteamine<\/p><\/div>\n<div id=\"attachment_32639\" style=\"width: 1010px\" class=\"wp-caption alignnone\"><img decoding=\"async\" aria-describedby=\"caption-attachment-32639\" class=\"wp-image-32639 size-full\" src=\"https:\/\/pomello.ee\/wp-content\/uploads\/2025\/05\/NOEMI-Lifting-Innovate-Step-1-Cysteamine-2.jpg\" alt=\"NOEMI Lifting Innovate Step 1 Cysteamine\" width=\"1000\" height=\"1200\" srcset=\"https:\/\/pomello.ee\/wp-content\/uploads\/2025\/05\/NOEMI-Lifting-Innovate-Step-1-Cysteamine-2.jpg 1000w, https:\/\/pomello.ee\/wp-content\/uploads\/2025\/05\/NOEMI-Lifting-Innovate-Step-1-Cysteamine-2-250x300.jpg 250w, https:\/\/pomello.ee\/wp-content\/uploads\/2025\/05\/NOEMI-Lifting-Innovate-Step-1-Cysteamine-2-853x1024.jpg 853w, https:\/\/pomello.ee\/wp-content\/uploads\/2025\/05\/NOEMI-Lifting-Innovate-Step-1-Cysteamine-2-768x922.jpg 768w, https:\/\/pomello.ee\/wp-content\/uploads\/2025\/05\/NOEMI-Lifting-Innovate-Step-1-Cysteamine-2-100x120.jpg 100w\" sizes=\"(max-width: 1000px) 100vw, 1000px\" \/><p id=\"caption-attachment-32639\" class=\"wp-caption-text\">NOEMI Lifting Innovate Step 1 Cysteamine<\/p><\/div>\n","protected":false},"excerpt":{"rendered":"<p data-start=\"35\" data-end=\"76\"><strong data-start=\"35\" data-end=\"74\">NOEMI Lifting Innovate N\u00c4YTEPAKKAUS<\/strong><\/p>\n<p data-start=\"78\" data-end=\"362\">Koe uusi taso ripsien ja kulmien hoidossa <strong data-start=\"120\" data-end=\"153\">Noemi Innovate Lifting System<\/strong> -j\u00e4rjestelm\u00e4n avulla. Hell\u00e4varainen nostatus, joka ei ainoastaan muotoile, vaan my\u00f6s ravitsee ripsi\u00e4 ja kulmia korkealaatuisilla ravinteilla. Enemm\u00e4n hoitoa, v\u00e4hemm\u00e4n stressi\u00e4 \u2013 terveemm\u00e4t ripset ja kulmat.<\/p>\n<p data-start=\"364\" data-end=\"491\"><strong data-start=\"364\" data-end=\"398\">Noemi Innovate Step 1 &amp; Step 2<\/strong> tarjoavat enemm\u00e4n hoitoa, monipuolisuutta ja parhaat tulokset sek\u00e4 ripsille ett\u00e4 kulmille.<\/p>\n<p data-start=\"493\" data-end=\"521\"><strong data-start=\"493\" data-end=\"519\">N\u00e4ytepakkaus sis\u00e4lt\u00e4\u00e4:<\/strong><\/p>\n<ul data-start=\"522\" data-end=\"602\">\n<li data-start=\"522\" data-end=\"562\">\n<p data-start=\"524\" data-end=\"562\">Perm Lotion Step 1 \u2013 1 ml annospussi<\/p>\n<\/li>\n<li data-start=\"563\" data-end=\"602\">\n<p data-start=\"565\" data-end=\"602\">Fix Lotion Step 2 \u2013 1 ml annospussi<\/p>\n<\/li>\n<\/ul>\n<p data-start=\"604\" data-end=\"659\"><strong data-start=\"604\" data-end=\"621\">Vaikutusaika:<\/strong> 8\u201312 minuuttia ripsille ja kulmille<\/p>\n<p data-start=\"661\" data-end=\"690\">\ud83d\udc49 Vain ammattilaisk\u00e4ytt\u00f6\u00f6n<\/p>\n","protected":false},"featured_media":36163,"comment_status":"open","ping_status":"closed","template":"","meta":{"_monsterinsights_skip_tracking":false,"_monsterinsights_sitenote_active":false,"_monsterinsights_sitenote_note":"","_monsterinsights_sitenote_category":0},"product_brand":[],"product_cat":[476,899,517,1249,477,516,475],"product_tag":[],"class_list":{"0":"post-36175","1":"product","2":"type-product","3":"status-publish","4":"has-post-thumbnail","6":"product_cat-kulmakarvat","7":"product_cat-emulsiot-fi","8":"product_cat-emulsiot","9":"product_cat-korean-lash-lift-fi","10":"product_cat-kulmien-laminointi","11":"product_cat-lash-lift-fi","12":"product_cat-ripset","13":"pa_brand-noemi-fi","15":"first","16":"instock","17":"taxable","18":"shipping-taxable","19":"purchasable","20":"product-type-simple"},"_links":{"self":[{"href":"https:\/\/pomello.ee\/fi\/wp-json\/wp\/v2\/product\/36175","targetHints":{"allow":["GET"]}}],"collection":[{"href":"https:\/\/pomello.ee\/fi\/wp-json\/wp\/v2\/product"}],"about":[{"href":"https:\/\/pomello.ee\/fi\/wp-json\/wp\/v2\/types\/product"}],"replies":[{"embeddable":true,"href":"https:\/\/pomello.ee\/fi\/wp-json\/wp\/v2\/comments?post=36175"}],"wp:featuredmedia":[{"embeddable":true,"href":"https:\/\/pomello.ee\/fi\/wp-json\/wp\/v2\/media\/36163"}],"wp:attachment":[{"href":"https:\/\/pomello.ee\/fi\/wp-json\/wp\/v2\/media?parent=36175"}],"wp:term":[{"taxonomy":"product_brand","embeddable":true,"href":"https:\/\/pomello.ee\/fi\/wp-json\/wp\/v2\/product_brand?post=36175"},{"taxonomy":"product_cat","embeddable":true,"href":"https:\/\/pomello.ee\/fi\/wp-json\/wp\/v2\/product_cat?post=36175"},{"taxonomy":"product_tag","embeddable":true,"href":"https:\/\/pomello.ee\/fi\/wp-json\/wp\/v2\/product_tag?post=36175"}],"curies":[{"name":"wp","href":"https:\/\/api.w.org\/{rel}","templated":true}]}}