{"id":36280,"date":"2025-08-31T12:32:06","date_gmt":"2025-08-31T10:32:06","guid":{"rendered":"https:\/\/pomello.ee\/toode\/kertakayttopyyhe-kuitukankaasta-20-kpl\/"},"modified":"2025-08-31T12:32:06","modified_gmt":"2025-08-31T10:32:06","slug":"kertakayttopyyhe-kuitukankaasta-20-kpl","status":"publish","type":"product","link":"https:\/\/pomello.ee\/fi\/toode\/kertakayttopyyhe-kuitukankaasta-20-kpl\/","title":{"rendered":"Kertak\u00e4ytt\u00f6pyyhe kuitukankaasta 20 kpl"},"content":{"rendered":"","protected":false},"excerpt":{"rendered":"<p><strong>Kertak\u00e4ytt\u00f6pyyhe kuitukankaasta \u2013 20 kpl<\/strong><\/p>\n<p>Kertak\u00e4ytt\u00f6pyyhkeet on valmistettu pehme\u00e4st\u00e4 ja kest\u00e4v\u00e4st\u00e4 kuitukankaasta, jossa on herkk\u00e4 syd\u00e4menmuotoinen kuvio. Materiaali on miellytt\u00e4v\u00e4 koskettaa, eritt\u00e4in imukykyinen ja sopii k\u00e4ytett\u00e4v\u00e4ksi herk\u00e4lle tai allergiselle iholle.<\/p>\n<p>\u2714 Sopii kasvojen ja vartalon puhdistukseen, meikin ja naamioiden poistoon.<\/p>\n<p>\u2714 Auttaa poistamaan ylim\u00e4\u00e4r\u00e4ist\u00e4 talirauhasta ja pit\u00e4\u00e4 ihon raikkaana ja puhtaana.<\/p>\n<p>\u2714 K\u00e4yt\u00e4nn\u00f6llinen k\u00e4ytt\u00e4\u00e4 p\u00e4\u00e4n alla toimenpiteiden aikana \u2013 hygieeninen ja k\u00e4tev\u00e4 ratkaisu kauneushoitolassa.<\/p>\n<p>\u2714 Hell\u00e4varainen iholle, mutta vahva ja kest\u00e4v\u00e4.<\/p>\n<p><strong>Pakkaus:<\/strong> 20 kpl<br \/>\n<strong>Mitat:<\/strong> 70 \u00d7 40 cm<\/p>\n","protected":false},"featured_media":36254,"comment_status":"open","ping_status":"closed","template":"","meta":{"_monsterinsights_skip_tracking":false,"_monsterinsights_sitenote_active":false,"_monsterinsights_sitenote_note":"","_monsterinsights_sitenote_category":0},"product_brand":[],"product_cat":[540,1228],"product_tag":[],"class_list":{"0":"post-36280","1":"product","2":"type-product","3":"status-publish","4":"has-post-thumbnail","6":"product_cat-tarvikkeet","7":"product_cat-kertakayttotuotteet","8":"pa_brand-pomello-fi","10":"first","11":"instock","12":"taxable","13":"shipping-taxable","14":"purchasable","15":"product-type-simple"},"_links":{"self":[{"href":"https:\/\/pomello.ee\/fi\/wp-json\/wp\/v2\/product\/36280","targetHints":{"allow":["GET"]}}],"collection":[{"href":"https:\/\/pomello.ee\/fi\/wp-json\/wp\/v2\/product"}],"about":[{"href":"https:\/\/pomello.ee\/fi\/wp-json\/wp\/v2\/types\/product"}],"replies":[{"embeddable":true,"href":"https:\/\/pomello.ee\/fi\/wp-json\/wp\/v2\/comments?post=36280"}],"wp:featuredmedia":[{"embeddable":true,"href":"https:\/\/pomello.ee\/fi\/wp-json\/wp\/v2\/media\/36254"}],"wp:attachment":[{"href":"https:\/\/pomello.ee\/fi\/wp-json\/wp\/v2\/media?parent=36280"}],"wp:term":[{"taxonomy":"product_brand","embeddable":true,"href":"https:\/\/pomello.ee\/fi\/wp-json\/wp\/v2\/product_brand?post=36280"},{"taxonomy":"product_cat","embeddable":true,"href":"https:\/\/pomello.ee\/fi\/wp-json\/wp\/v2\/product_cat?post=36280"},{"taxonomy":"product_tag","embeddable":true,"href":"https:\/\/pomello.ee\/fi\/wp-json\/wp\/v2\/product_tag?post=36280"}],"curies":[{"name":"wp","href":"https:\/\/api.w.org\/{rel}","templated":true}]}}