{"id":36283,"date":"2025-08-31T12:48:02","date_gmt":"2025-08-31T10:48:02","guid":{"rendered":"https:\/\/pomello.ee\/toode\/valkoinen-kertakayttoinen-kosmetiikkapyyherulla-40-kpl\/"},"modified":"2025-08-31T12:48:02","modified_gmt":"2025-08-31T10:48:02","slug":"valkoinen-kertakayttoinen-kosmetiikkapyyherulla-40-kpl","status":"publish","type":"product","link":"https:\/\/pomello.ee\/fi\/toode\/valkoinen-kertakayttoinen-kosmetiikkapyyherulla-40-kpl\/","title":{"rendered":"Valkoinen kertak\u00e4ytt\u00f6inen kosmetiikkapyyherulla 40 kpl"},"content":{"rendered":"","protected":false},"excerpt":{"rendered":"<p><strong>Valkoinen kertak\u00e4ytt\u00f6inen meikkipyyherulla \u2013 40 kpl<\/strong><\/p>\n<p>Luo siisti ja ammattimainen ilme kauneushoitolaasi tai kotihoitohuoneeseesi valkoisilla kertak\u00e4ytt\u00f6isill\u00e4 meikkipyyhkeill\u00e4. Klassinen valkoinen s\u00e4vy sopii mihin tahansa ymp\u00e4rist\u00f6\u00f6n ja tarjoaa jokaiselle asiakkaalle raikkaan ja hygieenisen pinnan.<\/p>\n<p>T\u00e4m\u00e4 k\u00e4yt\u00e4nn\u00f6llinen, rei&#8217;itetty rulla mahdollistaa pyyhkeen nopean ja k\u00e4tev\u00e4n repimisen tarvittavaan pituuteen \u2013 s\u00e4\u00e4st\u00e4en aikaa ja v\u00e4ltt\u00e4en tarpeetonta j\u00e4tett\u00e4. Jokainen asiakas saa uuden ja puhtaan pohjan, mik\u00e4 lis\u00e4\u00e4 luottamusta ammattimaiseen hoitoon. Ihanteellinen sek\u00e4 itsen\u00e4isille kosmetologeille ett\u00e4 nopeatempoisille salongeille.<\/p>\n<p><strong>Edut<\/strong>:<br \/>\n\u2714 Hygieeninen ja k\u00e4tev\u00e4 \u2013 raikas pinta jokaiselle asiakkaalle<br \/>\n\u2714 Aikaa s\u00e4\u00e4st\u00e4v\u00e4 \u2013 helppo repi\u00e4 rei&#8217;ityksen ansiosta<br \/>\n\u2714 Klassinen valkoinen ulkon\u00e4k\u00f6, joka t\u00e4ydent\u00e4\u00e4 mink\u00e4 tahansa meikkip\u00f6yd\u00e4n tai hoitop\u00f6yd\u00e4n ilmett\u00e4<\/p>\n<p><strong>Tekniset tiedot:<\/strong><\/p>\n<ul>\n<li>Pyyhkeen koko 32 x 50 cm<\/li>\n<li>40 kertak\u00e4ytt\u00f6pyyhett\u00e4<\/li>\n<\/ul>\n","protected":false},"featured_media":36259,"comment_status":"open","ping_status":"closed","template":"","meta":{"_monsterinsights_skip_tracking":false,"_monsterinsights_sitenote_active":false,"_monsterinsights_sitenote_note":"","_monsterinsights_sitenote_category":0},"product_brand":[],"product_cat":[540,1228],"product_tag":[],"class_list":{"0":"post-36283","1":"product","2":"type-product","3":"status-publish","4":"has-post-thumbnail","6":"product_cat-tarvikkeet","7":"product_cat-kertakayttotuotteet","8":"pa_brand-pomello-fi","10":"first","11":"instock","12":"taxable","13":"shipping-taxable","14":"purchasable","15":"product-type-simple"},"_links":{"self":[{"href":"https:\/\/pomello.ee\/fi\/wp-json\/wp\/v2\/product\/36283","targetHints":{"allow":["GET"]}}],"collection":[{"href":"https:\/\/pomello.ee\/fi\/wp-json\/wp\/v2\/product"}],"about":[{"href":"https:\/\/pomello.ee\/fi\/wp-json\/wp\/v2\/types\/product"}],"replies":[{"embeddable":true,"href":"https:\/\/pomello.ee\/fi\/wp-json\/wp\/v2\/comments?post=36283"}],"wp:featuredmedia":[{"embeddable":true,"href":"https:\/\/pomello.ee\/fi\/wp-json\/wp\/v2\/media\/36259"}],"wp:attachment":[{"href":"https:\/\/pomello.ee\/fi\/wp-json\/wp\/v2\/media?parent=36283"}],"wp:term":[{"taxonomy":"product_brand","embeddable":true,"href":"https:\/\/pomello.ee\/fi\/wp-json\/wp\/v2\/product_brand?post=36283"},{"taxonomy":"product_cat","embeddable":true,"href":"https:\/\/pomello.ee\/fi\/wp-json\/wp\/v2\/product_cat?post=36283"},{"taxonomy":"product_tag","embeddable":true,"href":"https:\/\/pomello.ee\/fi\/wp-json\/wp\/v2\/product_tag?post=36283"}],"curies":[{"name":"wp","href":"https:\/\/api.w.org\/{rel}","templated":true}]}}