{"id":36286,"date":"2025-08-31T13:03:37","date_gmt":"2025-08-31T11:03:37","guid":{"rendered":"https:\/\/pomello.ee\/toode\/kertakayttoinen-paivapeitto-rullassa\/"},"modified":"2025-12-06T12:30:58","modified_gmt":"2025-12-06T10:30:58","slug":"kertakayttoinen-paivapeitto-rullassa","status":"publish","type":"product","link":"https:\/\/pomello.ee\/fi\/toode\/kertakayttoinen-paivapeitto-rullassa\/","title":{"rendered":"Kertak\u00e4ytt\u00f6inen p\u00e4iv\u00e4peitto rullassa"},"content":{"rendered":"","protected":false},"excerpt":{"rendered":"<p><strong>Kertak\u00e4ytt\u00f6inen p\u00e4iv\u00e4peitto rullassa \u2013 valkoinen<\/strong><\/p>\n<p>Pehme\u00e4st\u00e4 kuitukankaasta valmistettu kertak\u00e4ytt\u00f6inen p\u00e4iv\u00e4peitto on laadukas, ihoyst\u00e4v\u00e4llinen ja mukava ratkaisu mihin tahansa kauneushoitolaan tai kylpyl\u00e4\u00e4n. Hygieeninen ja k\u00e4yt\u00e4nn\u00f6llinen peitto sopii sek\u00e4 kosmetiikkap\u00f6yd\u00e4lle ett\u00e4 hoitolavuoteelle, tarjoten asiakkaalle aina puhtaan ja raikkaan pinnan.<\/p>\n<p>Rullamateriaali on rei&#8217;itetty, joten peiton on helppo rep\u00e4ist\u00e4 sopivaan pituuteen. T\u00e4m\u00e4 s\u00e4\u00e4st\u00e4\u00e4 aikaa ja v\u00e4hent\u00e4\u00e4 materiaalih\u00e4vikki\u00e4. Kest\u00e4v\u00e4n ja kuitukankaisen rakenteensa ansiosta p\u00e4iv\u00e4peitto sopii erinomaisesti p\u00e4ivitt\u00e4iseen ammattik\u00e4ytt\u00f6\u00f6n.<\/p>\n<p><strong>Tekniset tiedot:<\/strong><\/p>\n<ul>\n<li>Leveys: 60 or 70 cm<\/li>\n<li>Rullan pituus: 50 m<\/li>\n<li>Rei&#8217;itys 50 cm v\u00e4lein<\/li>\n<li>Materiaali: kuitukangas, 20 g\/m\u00b2<\/li>\n<li>V\u00e4ri: valkoinen<\/li>\n<\/ul>\n<p><strong>Huom!<\/strong> Tuote ei mahdu pakettiautomaattiin \u2013 tilattavissa vain kuriirilla. (N\u00e4it\u00e4 tuotteita ei ole t\u00e4ll\u00e4 hetkell\u00e4 saatavilla Suomessa.)<\/p>\n","protected":false},"featured_media":36268,"comment_status":"open","ping_status":"closed","template":"","meta":{"_monsterinsights_skip_tracking":false,"_monsterinsights_sitenote_active":false,"_monsterinsights_sitenote_note":"","_monsterinsights_sitenote_category":0},"product_brand":[],"product_cat":[540,1228],"product_tag":[],"class_list":{"0":"post-36286","1":"product","2":"type-product","3":"status-publish","4":"has-post-thumbnail","6":"product_cat-tarvikkeet","7":"product_cat-kertakayttotuotteet","8":"pa_brand-pomello-fi","9":"pa_suurus-60-cm","10":"pa_suurus-70-cm","12":"first","13":"outofstock","14":"taxable","15":"shipping-taxable","16":"purchasable","17":"product-type-variable"},"_links":{"self":[{"href":"https:\/\/pomello.ee\/fi\/wp-json\/wp\/v2\/product\/36286","targetHints":{"allow":["GET"]}}],"collection":[{"href":"https:\/\/pomello.ee\/fi\/wp-json\/wp\/v2\/product"}],"about":[{"href":"https:\/\/pomello.ee\/fi\/wp-json\/wp\/v2\/types\/product"}],"replies":[{"embeddable":true,"href":"https:\/\/pomello.ee\/fi\/wp-json\/wp\/v2\/comments?post=36286"}],"wp:featuredmedia":[{"embeddable":true,"href":"https:\/\/pomello.ee\/fi\/wp-json\/wp\/v2\/media\/36268"}],"wp:attachment":[{"href":"https:\/\/pomello.ee\/fi\/wp-json\/wp\/v2\/media?parent=36286"}],"wp:term":[{"taxonomy":"product_brand","embeddable":true,"href":"https:\/\/pomello.ee\/fi\/wp-json\/wp\/v2\/product_brand?post=36286"},{"taxonomy":"product_cat","embeddable":true,"href":"https:\/\/pomello.ee\/fi\/wp-json\/wp\/v2\/product_cat?post=36286"},{"taxonomy":"product_tag","embeddable":true,"href":"https:\/\/pomello.ee\/fi\/wp-json\/wp\/v2\/product_tag?post=36286"}],"curies":[{"name":"wp","href":"https:\/\/api.w.org\/{rel}","templated":true}]}}